{"id":197983,"date":"2026-01-15T14:29:05","date_gmt":"2026-01-15T13:29:05","guid":{"rendered":"https:\/\/univet.hu\/hu\/oktatas\/tanulmanyi-osztaly\/allasajanlatok\/new_child_page-2\/"},"modified":"2026-01-15T14:29:05","modified_gmt":"2026-01-15T13:29:05","slug":"toldivet-hajdu-bihar-varmegye","status":"publish","type":"page","link":"https:\/\/univet.hu\/hu\/oktatas\/tanulmanyi-osztaly\/allasajanlatok\/toldivet-hajdu-bihar-varmegye\/","title":{"rendered":"ToldiVet &#8211; Hajd\u00fa Bihar v\u00e1rmegye"},"content":{"rendered":"<p>2026.01.15<\/p> <p><a href=\"https:\/\/univet.hu\/wp-content\/uploads\/2026\/01\/ToldiVet-Allatorvosi-allashirdetes_2026.pdf\">ToldiVet &#8211; \u00c1llatorvosi \u00e1ll\u00e1shirdet\u00e9s_2026<\/a><\/p>","protected":false},"excerpt":{"rendered":"<p>2026.01.15 ToldiVet &#8211; \u00c1llatorvosi \u00e1ll\u00e1shirdet\u00e9s_2026<\/p>\n","protected":false},"author":5795,"featured_media":0,"parent":26415,"menu_order":0,"comment_status":"open","ping_status":"open","template":"","meta":{"_acf_changed":false,"footnotes":""},"categories":[],"tags":[],"class_list":["post-197983","page","type-page","status-publish","hentry"],"acf":[],"_links":{"self":[{"href":"https:\/\/univet.hu\/hu\/wp-json\/wp\/v2\/pages\/197983","targetHints":{"allow":["GET"]}}],"collection":[{"href":"https:\/\/univet.hu\/hu\/wp-json\/wp\/v2\/pages"}],"about":[{"href":"https:\/\/univet.hu\/hu\/wp-json\/wp\/v2\/types\/page"}],"author":[{"embeddable":true,"href":"https:\/\/univet.hu\/hu\/wp-json\/wp\/v2\/users\/5795"}],"replies":[{"embeddable":true,"href":"https:\/\/univet.hu\/hu\/wp-json\/wp\/v2\/comments?post=197983"}],"version-history":[{"count":1,"href":"https:\/\/univet.hu\/hu\/wp-json\/wp\/v2\/pages\/197983\/revisions"}],"predecessor-version":[{"id":197987,"href":"https:\/\/univet.hu\/hu\/wp-json\/wp\/v2\/pages\/197983\/revisions\/197987"}],"up":[{"embeddable":true,"href":"https:\/\/univet.hu\/hu\/wp-json\/wp\/v2\/pages\/26415"}],"wp:attachment":[{"href":"https:\/\/univet.hu\/hu\/wp-json\/wp\/v2\/media?parent=197983"}],"wp:term":[{"taxonomy":"category","embeddable":true,"href":"https:\/\/univet.hu\/hu\/wp-json\/wp\/v2\/categories?post=197983"},{"taxonomy":"post_tag","embeddable":true,"href":"https:\/\/univet.hu\/hu\/wp-json\/wp\/v2\/tags?post=197983"}],"curies":[{"name":"wp","href":"https:\/\/api.w.org\/{rel}","templated":true}]}}