{"id":198131,"date":"2026-01-20T10:59:25","date_gmt":"2026-01-20T09:59:25","guid":{"rendered":"https:\/\/univet.hu\/hu\/egyetem\/munkatarsak\/new_staff_member-2\/"},"modified":"2026-02-10T03:54:56","modified_gmt":"2026-02-10T02:54:56","slug":"engel-rita","status":"publish","type":"page","link":"https:\/\/univet.hu\/hu\/egyetem\/munkatarsak\/engel-rita\/","title":{"rendered":"Engel Rita"},"content":{"rendered":"<h4><span style=\"color: #0000ff\">Bemutatkoz\u00e1s:<\/span><\/h4> <p><span style=\"font-family: georgia, palatino, serif\">Kert\u00e9szm\u00e9rn\u00f6kk\u00e9nt 2009 \u00f3ta foglalkozom gy\u00f3gyn\u00f6v\u00e9nyekkel kapcsolatos kutat\u00e1sokkal \u00e9s hat\u00f3anyag-vizsg\u00e1latokkal. Tudom\u00e1nyos \u00e9rdekl\u0151d\u00e9sem k\u00f6z\u00e9ppontj\u00e1ban a hazai gy\u00f3gyn\u00f6v\u00e9nyfajok fitok\u00e9miai jellemz\u00e9se, az ethnofarmakol\u00f3giai kutat\u00e1sok, valamint a gy\u00f3gyn\u00f6v\u00e9ny-haszn\u00e1lat \u00e1llatgy\u00f3gy\u00e1szati gyakorlatba t\u00f6rt\u00e9n\u0151 integr\u00e1l\u00e1s\u00e1nak lehet\u0151s\u00e9gei \u00e1llnak.<\/span><\/p> <p><span style=\"font-family: georgia, palatino, serif\">Kiemelten fontosnak tartom a gy\u00f3gyn\u00f6v\u00e9nyekkel kapcsolatos ismeretterjeszt\u00e9st, ez\u00e9rt rendszeresen tartok tematikus gy\u00f3gyn\u00f6v\u00e9nyismereti s\u00e9t\u00e1kat \u00e9s bemutat\u00f3kat.<\/span><\/p> <p><span style=\"font-family: georgia, palatino, serif\">Az \u00c1llatorvostudom\u00e1nyi Egyetem N\u00f6v\u00e9nytani Tansz\u00e9k\u00e9n r\u00e9szt veszek az \u00c1llatorvosi n\u00f6v\u00e9nytan oktat\u00e1s\u00e1ban magyar \u00e9s angol nyelven.<\/span><\/p> <p>&nbsp;<\/p> <p><span style=\"color: #0000ff\">Friss\u00edtve: 2026.01.20.<\/span><\/p>","protected":false},"excerpt":{"rendered":"<p>Bemutatkoz\u00e1s: Kert\u00e9szm\u00e9rn\u00f6kk\u00e9nt 2009 \u00f3ta foglalkozom gy\u00f3gyn\u00f6v\u00e9nyekkel kapcsolatos kutat\u00e1sokkal \u00e9s hat\u00f3anyag-vizsg\u00e1latokkal. Tudom\u00e1nyos \u00e9rdekl\u0151d\u00e9sem k\u00f6z\u00e9ppontj\u00e1ban a hazai gy\u00f3gyn\u00f6v\u00e9nyfajok fitok\u00e9miai jellemz\u00e9se, az ethnofarmakol\u00f3giai kutat\u00e1sok, valamint a gy\u00f3gyn\u00f6v\u00e9ny-haszn\u00e1lat \u00e1llatgy\u00f3gy\u00e1szati gyakorlatba t\u00f6rt\u00e9n\u0151 integr\u00e1l\u00e1s\u00e1nak lehet\u0151s\u00e9gei \u00e1llnak. Kiemelten fontosnak tartom a gy\u00f3gyn\u00f6v\u00e9nyekkel kapcsolatos ismeretterjeszt\u00e9st, ez\u00e9rt rendszeresen tartok tematikus gy\u00f3gyn\u00f6v\u00e9nyismereti s\u00e9t\u00e1kat \u00e9s bemutat\u00f3kat. Az \u00c1llatorvostudom\u00e1nyi Egyetem N\u00f6v\u00e9nytani Tansz\u00e9k\u00e9n r\u00e9szt veszek az \u00c1llatorvosi n\u00f6v\u00e9nytan<\/p>\n","protected":false},"author":5824,"featured_media":0,"parent":858,"menu_order":0,"comment_status":"open","ping_status":"open","template":"","meta":{"_acf_changed":false,"footnotes":""},"categories":[],"tags":[],"class_list":["post-198131","page","type-page","status-publish","hentry"],"acf":[],"_links":{"self":[{"href":"https:\/\/univet.hu\/hu\/wp-json\/wp\/v2\/pages\/198131","targetHints":{"allow":["GET"]}}],"collection":[{"href":"https:\/\/univet.hu\/hu\/wp-json\/wp\/v2\/pages"}],"about":[{"href":"https:\/\/univet.hu\/hu\/wp-json\/wp\/v2\/types\/page"}],"author":[{"embeddable":true,"href":"https:\/\/univet.hu\/hu\/wp-json\/wp\/v2\/users\/5824"}],"replies":[{"embeddable":true,"href":"https:\/\/univet.hu\/hu\/wp-json\/wp\/v2\/comments?post=198131"}],"version-history":[{"count":4,"href":"https:\/\/univet.hu\/hu\/wp-json\/wp\/v2\/pages\/198131\/revisions"}],"predecessor-version":[{"id":198143,"href":"https:\/\/univet.hu\/hu\/wp-json\/wp\/v2\/pages\/198131\/revisions\/198143"}],"up":[{"embeddable":true,"href":"https:\/\/univet.hu\/hu\/wp-json\/wp\/v2\/pages\/858"}],"wp:attachment":[{"href":"https:\/\/univet.hu\/hu\/wp-json\/wp\/v2\/media?parent=198131"}],"wp:term":[{"taxonomy":"category","embeddable":true,"href":"https:\/\/univet.hu\/hu\/wp-json\/wp\/v2\/categories?post=198131"},{"taxonomy":"post_tag","embeddable":true,"href":"https:\/\/univet.hu\/hu\/wp-json\/wp\/v2\/tags?post=198131"}],"curies":[{"name":"wp","href":"https:\/\/api.w.org\/{rel}","templated":true}]}}