{"id":198153,"date":"2026-01-20T13:17:43","date_gmt":"2026-01-20T12:17:43","guid":{"rendered":"https:\/\/univet.hu\/hu\/oktatas\/tanulmanyi-osztaly\/allasajanlatok\/new_child_page-2\/"},"modified":"2026-01-20T13:25:03","modified_gmt":"2026-01-20T12:25:03","slug":"allatorvost-keresunk-megyei-jogu-varosi-rendelonkbe","status":"publish","type":"page","link":"https:\/\/univet.hu\/hu\/oktatas\/tanulmanyi-osztaly\/allasajanlatok\/allatorvost-keresunk-megyei-jogu-varosi-rendelonkbe\/","title":{"rendered":"\u00c1llatorvost keres\u00fcnk megyei jog\u00fa v\u00e1rosi rendel\u0151nkbe"},"content":{"rendered":"<p>2026.01.20<\/p> <h2 data-olk-copy-source=\"MessageBody\">Rendk\u00edv\u00fcli karrierlehet\u0151s\u00e9g! \u2013 \u00c1llatorvost keres\u00fcnk megyei jog\u00fa v\u00e1rosi rendel\u0151nkbe<\/h2> <p>Gyere \u00e9s csatlakozz egy stabil, folyamatosan fejl\u0151d\u0151 kis\u00e1llat-rendel\u0151 csapat\u00e1hoz! Modern k\u00f6rnyezet, biztos j\u00f6v\u0151k\u00e9p \u00e9s kiemelked\u0151 anyagi megbecs\u00fcl\u00e9s v\u00e1r r\u00e1d.<\/p> <h3>Amit k\u00edn\u00e1lunk:<\/h3> <ol start=\"1\" type=\"1\"> <li class=\"x_MsoNormal\"><b>Heti 24 \u00f3r\u00e1s munkaid\u0151<\/b>\u00a0\u2013 heti 4 nap, napi 6 \u00f3r\u00e1ban<\/li> <li class=\"x_MsoNormal\"><b>Kiemelt, az Eur\u00f3pai Uni\u00f3ban is versenyk\u00e9pes j\u00f6vedelem<\/b>, szakmai gyakorlatt\u00f3l f\u00fcggetlen\u00fcl<\/li> <li class=\"x_MsoNormal\"><b><u>A kis\u00e1llat praxis ingyenes \u00e1tv\u00e9tel\u00e9nek lehet\u0151s\u00e9ge<\/u><\/b><u>\u00a0a j\u00f6v\u0151ben<\/u><\/li> <li class=\"x_MsoNormal\">Bar\u00e1ts\u00e1gos, t\u00e1mogat\u00f3 csapat, j\u00f3l felszerelt rendel\u0151, kisz\u00e1m\u00edthat\u00f3 munkak\u00f6r\u00fclm\u00e9nyek<\/li> <\/ol> <h3>Elv\u00e1r\u00e1sok:<\/h3> <ol start=\"1\" type=\"1\"> <li class=\"x_MsoNormal\"><b>Eur\u00f3pai Uni\u00f3 ter\u00fclet\u00e9n megszerzett \u00e1llatorvosi egyetemi v\u00e9gzetts\u00e9g<\/b><\/li> <\/ol> <p>Ha szeretn\u00e9l egy olyan helyen dolgozni, ahol val\u00f3di megbecs\u00fcl\u00e9st \u00e9s hossz\u00fa t\u00e1v\u00fa perspekt\u00edv\u00e1t kapsz, v\u00e1rjuk jelentkez\u00e9sed!<\/p> <p>E-mail:\u00a0<a class=\"decrypt\" rel=\"jsuwfujogsbAhnbjm\/dpn\" href=\"javascript:void(0);\">[Kattintson az emailc\u00edmhez]<\/a><\/p> <p>Telefon: 00 36 20 9580254<\/p>","protected":false},"excerpt":{"rendered":"<p>2026.01.20 Rendk\u00edv\u00fcli karrierlehet\u0151s\u00e9g! \u2013 \u00c1llatorvost keres\u00fcnk megyei jog\u00fa v\u00e1rosi rendel\u0151nkbe Gyere \u00e9s csatlakozz egy stabil, folyamatosan fejl\u0151d\u0151 kis\u00e1llat-rendel\u0151 csapat\u00e1hoz! Modern k\u00f6rnyezet, biztos j\u00f6v\u0151k\u00e9p \u00e9s kiemelked\u0151 anyagi megbecs\u00fcl\u00e9s v\u00e1r r\u00e1d. Amit k\u00edn\u00e1lunk: Heti 24 \u00f3r\u00e1s munkaid\u0151\u00a0\u2013 heti 4 nap, napi 6 \u00f3r\u00e1ban Kiemelt, az Eur\u00f3pai Uni\u00f3ban is versenyk\u00e9pes j\u00f6vedelem, szakmai gyakorlatt\u00f3l f\u00fcggetlen\u00fcl A kis\u00e1llat praxis ingyenes<\/p>\n","protected":false},"author":5795,"featured_media":0,"parent":26415,"menu_order":0,"comment_status":"open","ping_status":"open","template":"","meta":{"_acf_changed":false,"footnotes":""},"categories":[],"tags":[],"class_list":["post-198153","page","type-page","status-publish","hentry"],"acf":[],"_links":{"self":[{"href":"https:\/\/univet.hu\/hu\/wp-json\/wp\/v2\/pages\/198153","targetHints":{"allow":["GET"]}}],"collection":[{"href":"https:\/\/univet.hu\/hu\/wp-json\/wp\/v2\/pages"}],"about":[{"href":"https:\/\/univet.hu\/hu\/wp-json\/wp\/v2\/types\/page"}],"author":[{"embeddable":true,"href":"https:\/\/univet.hu\/hu\/wp-json\/wp\/v2\/users\/5795"}],"replies":[{"embeddable":true,"href":"https:\/\/univet.hu\/hu\/wp-json\/wp\/v2\/comments?post=198153"}],"version-history":[{"count":1,"href":"https:\/\/univet.hu\/hu\/wp-json\/wp\/v2\/pages\/198153\/revisions"}],"predecessor-version":[{"id":198154,"href":"https:\/\/univet.hu\/hu\/wp-json\/wp\/v2\/pages\/198153\/revisions\/198154"}],"up":[{"embeddable":true,"href":"https:\/\/univet.hu\/hu\/wp-json\/wp\/v2\/pages\/26415"}],"wp:attachment":[{"href":"https:\/\/univet.hu\/hu\/wp-json\/wp\/v2\/media?parent=198153"}],"wp:term":[{"taxonomy":"category","embeddable":true,"href":"https:\/\/univet.hu\/hu\/wp-json\/wp\/v2\/categories?post=198153"},{"taxonomy":"post_tag","embeddable":true,"href":"https:\/\/univet.hu\/hu\/wp-json\/wp\/v2\/tags?post=198153"}],"curies":[{"name":"wp","href":"https:\/\/api.w.org\/{rel}","templated":true}]}}