{"id":198262,"date":"2026-01-27T14:59:36","date_gmt":"2026-01-27T13:59:36","guid":{"rendered":"https:\/\/univet.hu\/hu\/oktatas\/tanulmanyi-osztaly\/allasajanlatok\/new_child_page-2\/"},"modified":"2026-01-27T14:59:36","modified_gmt":"2026-01-27T13:59:36","slug":"supervet-gyakornoki-program","status":"publish","type":"page","link":"https:\/\/univet.hu\/hu\/oktatas\/tanulmanyi-osztaly\/allasajanlatok\/supervet-gyakornoki-program\/","title":{"rendered":"SuperVet Gyakornoki program"},"content":{"rendered":"<p>2026.01.27<\/p> <p><img loading=\"lazy\" decoding=\"async\" class=\"alignnone wp-image-198263 size-large\" src=\"https:\/\/univet.hu\/wp-content\/uploads\/2026\/01\/SuperVet-679x960.jpg\" alt=\"Hirdet\u00e9s let\u00f6lt\u00e9se\" width=\"679\" height=\"960\" srcset=\"https:\/\/univet.hu\/wp-content\/uploads\/2026\/01\/SuperVet-679x960.jpg 679w, https:\/\/univet.hu\/wp-content\/uploads\/2026\/01\/SuperVet-226x320.jpg 226w, https:\/\/univet.hu\/wp-content\/uploads\/2026\/01\/SuperVet-768x1086.jpg 768w, https:\/\/univet.hu\/wp-content\/uploads\/2026\/01\/SuperVet-1086x1536.jpg 1086w, https:\/\/univet.hu\/wp-content\/uploads\/2026\/01\/SuperVet-1448x2048.jpg 1448w, https:\/\/univet.hu\/wp-content\/uploads\/2026\/01\/SuperVet-scaled.jpg 1810w\" sizes=\"auto, (max-width: 679px) 100vw, 679px\" \/><\/p>","protected":false},"excerpt":{"rendered":"<p>2026.01.27<\/p>\n","protected":false},"author":5795,"featured_media":0,"parent":26415,"menu_order":0,"comment_status":"open","ping_status":"open","template":"","meta":{"_acf_changed":false,"footnotes":""},"categories":[],"tags":[],"class_list":["post-198262","page","type-page","status-publish","hentry"],"acf":[],"_links":{"self":[{"href":"https:\/\/univet.hu\/hu\/wp-json\/wp\/v2\/pages\/198262","targetHints":{"allow":["GET"]}}],"collection":[{"href":"https:\/\/univet.hu\/hu\/wp-json\/wp\/v2\/pages"}],"about":[{"href":"https:\/\/univet.hu\/hu\/wp-json\/wp\/v2\/types\/page"}],"author":[{"embeddable":true,"href":"https:\/\/univet.hu\/hu\/wp-json\/wp\/v2\/users\/5795"}],"replies":[{"embeddable":true,"href":"https:\/\/univet.hu\/hu\/wp-json\/wp\/v2\/comments?post=198262"}],"version-history":[{"count":1,"href":"https:\/\/univet.hu\/hu\/wp-json\/wp\/v2\/pages\/198262\/revisions"}],"predecessor-version":[{"id":198266,"href":"https:\/\/univet.hu\/hu\/wp-json\/wp\/v2\/pages\/198262\/revisions\/198266"}],"up":[{"embeddable":true,"href":"https:\/\/univet.hu\/hu\/wp-json\/wp\/v2\/pages\/26415"}],"wp:attachment":[{"href":"https:\/\/univet.hu\/hu\/wp-json\/wp\/v2\/media?parent=198262"}],"wp:term":[{"taxonomy":"category","embeddable":true,"href":"https:\/\/univet.hu\/hu\/wp-json\/wp\/v2\/categories?post=198262"},{"taxonomy":"post_tag","embeddable":true,"href":"https:\/\/univet.hu\/hu\/wp-json\/wp\/v2\/tags?post=198262"}],"curies":[{"name":"wp","href":"https:\/\/api.w.org\/{rel}","templated":true}]}}