{"id":198311,"date":"2026-01-29T09:00:40","date_gmt":"2026-01-29T08:00:40","guid":{"rendered":"https:\/\/univet.hu\/hu\/oktatas\/kurzusok\/stress_physiology\/"},"modified":"2026-01-29T13:08:49","modified_gmt":"2026-01-29T12:08:49","slug":"stressz_elettan","status":"publish","type":"page","link":"https:\/\/univet.hu\/hu\/oktatas\/kurzusok\/stressz_elettan\/","title":{"rendered":"A stressz \u00e9lettana"},"content":{"rendered":"<p>A kurzus c\u00e9lja, hogy a hallgat\u00f3k \u00e1tfog\u00f3 k\u00e9pet kapjanak a stressz biol\u00f3giai \u00e9s \u00e9lettani mechanizmusair\u00f3l, azok r\u00f6vid- \u00e9s hossz\u00fat\u00e1v\u00fa k\u00f6vetkezm\u00e9nyeir\u0151l, valamint a stressz \u00e9s eg\u00e9szs\u00e9g kapcsolat\u00e1r\u00f3l. A kurzus sor\u00e1n a hallgat\u00f3k megismerik a stressz idegrendszeri, endokrin \u00e9s immunol\u00f3giai h\u00e1tter\u00e9t, a kr\u00f3nikus stressz k\u00f3r\u00e9lettani hat\u00e1sait. Megismerkedhetnek leg\u00fajabb kutat\u00e1si eredm\u00e9nyekkel, a hossz\u00fat\u00e1v\u00fa kr\u00f3nikus stressz tipikus betegs\u00e9geinek fiziol\u00f3gi\u00e1j\u00e1val.<\/p> <p>A hallgat\u00f3k egy \u00edr\u00e1sbeli besz\u00e1mol\u00f3 keret\u00e9ben adnak sz\u00e1mot tud\u00e1sukr\u00f3l.<\/p> <p>A kurzus <strong>angol nyelven <\/strong>zajlik. A kurzus fel\u00e9p\u00edt\u00e9s\u00e9b\u0151l ad\u00f3d\u00f3an az \u00f3r\u00e1kon t\u00f6rt\u00e9n\u0151 r\u00e9szv\u00e9tel a t\u00e1rgy teljes\u00edt\u00e9s\u00e9hez aj\u00e1nlott.<\/p> <p>El\u0151k\u00f6vetelm\u00e9ny: <strong>\u00c1llatorvosi \u00e9lettan I.<\/strong><\/p> <p>&nbsp;<\/p> <p><strong>A tant\u00e1rgy heti tagol\u00e1s\u00fa tematik\u00e1ja:<\/strong><\/p> <table style=\"width: 60.1818%\" width=\"1200\"> <tbody> <tr> <td style=\"width: 26.0297%\" width=\"103\"><strong>Oktat\u00e1si h\u00e9t<\/strong><strong>\u00a0<\/strong><\/td> <td style=\"width: 72.6524%\" width=\"501\"><strong>T\u00e9ma<\/strong><strong>\u00a0<\/strong><\/td> <\/tr> <tr> <td style=\"width: 26.0297%\" width=\"103\">1. (2 \u00f3ra)<\/td> <td style=\"width: 72.6524%\" width=\"501\">Bevezet\u00e9s a stressz fogalm\u00e1ba, a stressz szintjei Kr\u00f3nikus stressz\u00e9s\u00a0 betegs\u00e9gei (STB)<\/td> <\/tr> <tr> <td style=\"width: 26.0297%\" width=\"103\">2. (2 \u00f3ra)<\/td> <td style=\"width: 72.6524%\" width=\"501\">A stressz sejtszinten (STB)<\/td> <\/tr> <tr> <td style=\"width: 26.0297%\" width=\"103\">3. (2 \u00f3ra)<\/td> <td style=\"width: 72.6524%\" width=\"501\">A stressz endokrinol\u00f3gi\u00e1ja (NK)<\/td> <\/tr> <tr> <td style=\"width: 26.0297%\" width=\"103\">4. (2 \u00f3ra)<\/td> <td style=\"width: 72.6524%\" width=\"501\">Stressz \u00e9s immunrendszer (STB)<\/td> <\/tr> <tr> <td style=\"width: 26.0297%\" width=\"103\">5. (2 \u00f3ra)<\/td> <td style=\"width: 72.6524%\" width=\"501\">Stressz \u00e9s kardiovaszkul\u00e1ris rendszer (TI)<\/td> <\/tr> <tr> <td style=\"width: 26.0297%\" width=\"103\">6. (2 \u00f3ra)<\/td> <td style=\"width: 72.6524%\" width=\"501\">Stressz \u00e9s neurobiol\u00f3gi\u00e1ja (JG)<\/td> <\/tr> <tr> <td style=\"width: 26.0297%\" width=\"103\">7. (2 \u00f3ra)<\/td> <td style=\"width: 72.6524%\" width=\"501\">A stressz \u00e9s a mem\u00f3ria (JG)<\/td> <\/tr> <tr> <td style=\"width: 26.0297%\" width=\"103\">8. (1 \u00f3ra)<\/td> <td style=\"width: 72.6524%\" width=\"501\">sz\u00e1monk\u00e9r\u00e9s<\/td> <\/tr> <\/tbody> <\/table> <p>&nbsp;<\/p>","protected":false},"excerpt":{"rendered":"<p>A kurzus c\u00e9lja, hogy a hallgat\u00f3k \u00e1tfog\u00f3 k\u00e9pet kapjanak a stressz biol\u00f3giai \u00e9s \u00e9lettani mechanizmusair\u00f3l, azok r\u00f6vid- \u00e9s hossz\u00fat\u00e1v\u00fa k\u00f6vetkezm\u00e9nyeir\u0151l, valamint a stressz \u00e9s eg\u00e9szs\u00e9g kapcsolat\u00e1r\u00f3l. A kurzus sor\u00e1n a hallgat\u00f3k megismerik a stressz idegrendszeri, endokrin \u00e9s immunol\u00f3giai h\u00e1tter\u00e9t, a kr\u00f3nikus stressz k\u00f3r\u00e9lettani hat\u00e1sait. Megismerkedhetnek leg\u00fajabb kutat\u00e1si eredm\u00e9nyekkel, a hossz\u00fat\u00e1v\u00fa kr\u00f3nikus stressz tipikus betegs\u00e9geinek fiziol\u00f3gi\u00e1j\u00e1val.<\/p>\n","protected":false},"author":3837,"featured_media":0,"parent":677,"menu_order":0,"comment_status":"open","ping_status":"open","template":"","meta":{"_acf_changed":false,"footnotes":""},"categories":[],"tags":[],"class_list":["post-198311","page","type-page","status-publish","hentry"],"acf":[],"_links":{"self":[{"href":"https:\/\/univet.hu\/hu\/wp-json\/wp\/v2\/pages\/198311","targetHints":{"allow":["GET"]}}],"collection":[{"href":"https:\/\/univet.hu\/hu\/wp-json\/wp\/v2\/pages"}],"about":[{"href":"https:\/\/univet.hu\/hu\/wp-json\/wp\/v2\/types\/page"}],"author":[{"embeddable":true,"href":"https:\/\/univet.hu\/hu\/wp-json\/wp\/v2\/users\/3837"}],"replies":[{"embeddable":true,"href":"https:\/\/univet.hu\/hu\/wp-json\/wp\/v2\/comments?post=198311"}],"version-history":[{"count":5,"href":"https:\/\/univet.hu\/hu\/wp-json\/wp\/v2\/pages\/198311\/revisions"}],"predecessor-version":[{"id":198380,"href":"https:\/\/univet.hu\/hu\/wp-json\/wp\/v2\/pages\/198311\/revisions\/198380"}],"up":[{"embeddable":true,"href":"https:\/\/univet.hu\/hu\/wp-json\/wp\/v2\/pages\/677"}],"wp:attachment":[{"href":"https:\/\/univet.hu\/hu\/wp-json\/wp\/v2\/media?parent=198311"}],"wp:term":[{"taxonomy":"category","embeddable":true,"href":"https:\/\/univet.hu\/hu\/wp-json\/wp\/v2\/categories?post=198311"},{"taxonomy":"post_tag","embeddable":true,"href":"https:\/\/univet.hu\/hu\/wp-json\/wp\/v2\/tags?post=198311"}],"curies":[{"name":"wp","href":"https:\/\/api.w.org\/{rel}","templated":true}]}}