{"id":198660,"date":"2026-02-04T10:09:25","date_gmt":"2026-02-04T09:09:25","guid":{"rendered":"https:\/\/univet.hu\/hu\/egyetem\/munkatarsak\/new_staff_member-2\/"},"modified":"2026-04-01T09:38:38","modified_gmt":"2026-04-01T07:38:38","slug":"feher-eniko","status":"publish","type":"page","link":"https:\/\/univet.hu\/hu\/egyetem\/munkatarsak\/feher-eniko\/","title":{"rendered":"Feh\u00e9r Enik\u0151"},"content":{"rendered":"<p>Dr. Feh\u00e9r Enik\u0151 2005-ben szerzett biol\u00f3gus oklevelet a Debreceni Egyetemen, mikrobiol\u00f3gus szakir\u00e1nyon. PhD fokozat\u00e1t a Debreceni Egyetem Orvosi Mikrobiol\u00f3giai Int\u00e9zet\u00e9ben v\u00e9gzett virol\u00f3giai kutat\u00e1sok eredm\u00e9nyeinek feldolgoz\u00e1s\u00e1val szerezte meg 2012-ben. 2012 \u00e9s 2024 k\u00f6z\u00f6tt az \u00c1llatorvostudom\u00e1nyi Kutat\u00f3int\u00e9zetben dolgozott tudom\u00e1nyos munkat\u00e1rsak\u00e9nt, majd tudom\u00e1nyos f\u0151munkat\u00e1rsak\u00e9nt kutat\u00f3i poz\u00edci\u00f3ban. 2025-t\u0151l \u00c1llatorvostudom\u00e1nyi Egyetem J\u00e1rv\u00e1nytani \u00e9s Mikrobiol\u00f3giai Tansz\u00e9k\u00e9nek tudom\u00e1nyos munkat\u00e1rsa, kutat\u00e1si tev\u00e9kenys\u00e9g\u00e9t a Szekven\u00e1l\u00f3 laborat\u00f3riumban v\u00e9gzi.<\/p> <p>F\u0151bb kutat\u00e1si ter\u00fcletei a kism\u00e9ret\u0171 DNS v\u00edrusok \u00e9s coronav\u00edrusok diverzit\u00e1s\u00e1nak \u00e9s gazdaspektrum\u00e1nak vizsg\u00e1lata, valamint a nukleinsav vizsg\u00e1l\u00f3 m\u00f3dszerek alkalmaz\u00e1si lehet\u0151s\u00e9gei, fejleszt\u00e9sei.<\/p> <p><strong>\u00a0<\/strong><\/p> <p><strong>El\u0151rehalad\u00e1s &#8211; munkahelyek<\/strong><\/p> <p>2012-2024\u00a0\u00a0\u00a0\u00a0\u00a0 \u00c1llatorvostudom\u00e1nyi Kutat\u00f3int\u00e9zet, tudom\u00e1nyos munkat\u00e1rs, majd f\u0151munkat\u00e1rs<\/p> <p>2025-t\u0151l\u00a0\u00a0\u00a0\u00a0\u00a0\u00a0\u00a0\u00a0\u00a0\u00a0 \u00c1llatorvostudom\u00e1nyi Egyetem, J\u00e1rv\u00e1nytani \u00e9s Mikrobiol\u00f3giai Tansz\u00e9k, tudom\u00e1nyos munkat\u00e1rs<\/p> <p>&nbsp;<\/p> <p><strong>Szakmai szervezeti tags\u00e1g:<\/strong><\/p> <p>Magyar Mikrobiol\u00f3giai T\u00e1rsas\u00e1g, 2006-t\u00f3l, tag<\/p> <p>G\u00e9ntechnol\u00f3giai Elj\u00e1r\u00e1sokat V\u00e9lem\u00e9nyez\u0151 Bizotts\u00e1g, 2021-t\u0151l, eln\u00f6k<\/p> <p>&nbsp;<\/p> <p><strong>Publik\u00e1ci\u00f3k<\/strong><\/p> <p><a href=\"https:\/\/m2.mtmt.hu\/api\/author\/10034260\">https:\/\/m2.mtmt.hu\/api\/author\/10034260<\/a><\/p>","protected":false},"excerpt":{"rendered":"<p>Dr. Feh\u00e9r Enik\u0151 2005-ben szerzett biol\u00f3gus oklevelet a Debreceni Egyetemen, mikrobiol\u00f3gus szakir\u00e1nyon. PhD fokozat\u00e1t a Debreceni Egyetem Orvosi Mikrobiol\u00f3giai Int\u00e9zet\u00e9ben v\u00e9gzett virol\u00f3giai kutat\u00e1sok eredm\u00e9nyeinek feldolgoz\u00e1s\u00e1val szerezte meg 2012-ben. 2012 \u00e9s 2024 k\u00f6z\u00f6tt az \u00c1llatorvostudom\u00e1nyi Kutat\u00f3int\u00e9zetben dolgozott tudom\u00e1nyos munkat\u00e1rsak\u00e9nt, majd tudom\u00e1nyos f\u0151munkat\u00e1rsak\u00e9nt kutat\u00f3i poz\u00edci\u00f3ban. 2025-t\u0151l \u00c1llatorvostudom\u00e1nyi Egyetem J\u00e1rv\u00e1nytani \u00e9s Mikrobiol\u00f3giai Tansz\u00e9k\u00e9nek tudom\u00e1nyos munkat\u00e1rsa, kutat\u00e1si tev\u00e9kenys\u00e9g\u00e9t a<\/p>\n","protected":false},"author":5824,"featured_media":0,"parent":858,"menu_order":0,"comment_status":"open","ping_status":"open","template":"","meta":{"_acf_changed":false,"footnotes":""},"categories":[],"tags":[],"class_list":["post-198660","page","type-page","status-publish","hentry"],"acf":[],"_links":{"self":[{"href":"https:\/\/univet.hu\/hu\/wp-json\/wp\/v2\/pages\/198660","targetHints":{"allow":["GET"]}}],"collection":[{"href":"https:\/\/univet.hu\/hu\/wp-json\/wp\/v2\/pages"}],"about":[{"href":"https:\/\/univet.hu\/hu\/wp-json\/wp\/v2\/types\/page"}],"author":[{"embeddable":true,"href":"https:\/\/univet.hu\/hu\/wp-json\/wp\/v2\/users\/5824"}],"replies":[{"embeddable":true,"href":"https:\/\/univet.hu\/hu\/wp-json\/wp\/v2\/comments?post=198660"}],"version-history":[{"count":4,"href":"https:\/\/univet.hu\/hu\/wp-json\/wp\/v2\/pages\/198660\/revisions"}],"predecessor-version":[{"id":204644,"href":"https:\/\/univet.hu\/hu\/wp-json\/wp\/v2\/pages\/198660\/revisions\/204644"}],"up":[{"embeddable":true,"href":"https:\/\/univet.hu\/hu\/wp-json\/wp\/v2\/pages\/858"}],"wp:attachment":[{"href":"https:\/\/univet.hu\/hu\/wp-json\/wp\/v2\/media?parent=198660"}],"wp:term":[{"taxonomy":"category","embeddable":true,"href":"https:\/\/univet.hu\/hu\/wp-json\/wp\/v2\/categories?post=198660"},{"taxonomy":"post_tag","embeddable":true,"href":"https:\/\/univet.hu\/hu\/wp-json\/wp\/v2\/tags?post=198660"}],"curies":[{"name":"wp","href":"https:\/\/api.w.org\/{rel}","templated":true}]}}