{"id":198668,"date":"2026-02-04T11:02:12","date_gmt":"2026-02-04T10:02:12","guid":{"rendered":"https:\/\/univet.hu\/?page_id=198668"},"modified":"2026-02-04T12:31:50","modified_gmt":"2026-02-04T11:31:50","slug":"egzotikusallat-es-vadegeszsegtani-kutatocsoport","status":"publish","type":"page","link":"https:\/\/univet.hu\/hu\/kutatas\/kutatocsoportok\/egzotikusallat-es-vadegeszsegtani-kutatocsoport\/","title":{"rendered":"Egzotikus\u00e1llat- \u00e9s vadeg\u00e9szs\u00e9gtani kutat\u00f3csoport"},"content":{"rendered":"<table width=\"688\"> <tbody> <tr> <td width=\"295\"><strong>KUTAT\u00d3CSOPORT NEVE<\/strong><\/td> <td width=\"393\">Egzotikus\u00e1llat- \u00e9s vadeg\u00e9szs\u00e9gtani kutat\u00f3csoport<\/td> <\/tr> <tr> <td><strong>Kutat\u00f3csoport vezet\u0151je<\/strong><\/td> <td><\/td> <\/tr> <tr> <td>neve<\/td> <td>Prof. Dr. G\u00e1l J\u00e1nos<\/td> <\/tr> <tr> <td>tudom\u00e1nyos fokozata<\/td> <td>DSc., MTA doktora, Dip. ECZM<\/td> <\/tr> <tr> <td>szervezeti egys\u00e9ge<\/td> <td>Egzotikus\u00e1llat-, Vad-, Hal-, M\u00e9heg\u00e9szs\u00e9g\u00fcgyi Tansz\u00e9k<\/td> <\/tr> <tr> <td>email-c\u00edme<\/td> <td><a class=\"decrypt\" rel=\"hbm\/kboptAvojwfu\/iv\" href=\"javascript:void(0);\">[Kattintson az emailc\u00edmhez]<\/a><\/td> <\/tr> <tr> <td rowspan=\"4\"><strong>Kutat\u00f3csoport tagjai<\/strong><\/td> <td>Dr. Ziszisz \u00c1risz &#8211; ATE<\/td> <\/tr> <tr> <td>Dr. S\u00f3s Endre, PhD., Dipl. ECZM &#8211; ATE, F\u00c1NK<\/td> <\/tr> <tr> <td>Dr. Tam\u00e1s T\u00f3th,PhD., Habil -ATE, F\u00c1NK<\/td> <\/tr> <tr> <td width=\"393\">Dr. Yaoqin Shen,\u00a0College of Veterinary Medicine\u00a0HZAU, Wuhan City Hubei\u00a0Province\u00a0China<\/td> <\/tr> <tr> <td><strong>Kutat\u00e1si t\u00e9m\u00e1k r\u00f6vid le\u00edr\u00e1sa<\/strong><\/td> <td width=\"393\">A vadon \u00e9l\u0151, term\u00e9szetv\u00e9delmi jelent\u0151s\u00e9ggel b\u00edr\u00f3 \u00e9s kedvtel\u00e9sb\u0151l tartott egzotikus\u00e1llatok \u00e9s vadfajok betegs\u00e9geinek vizsg\u00e1lata. \u00dajabb k\u00f3rokoz\u00f3k okozta megbeteged\u00e9sek vizsg\u00e1lata. Egyes biotechnol\u00f3giai elj\u00e1r\u00e1sok fejleszt\u00e9se.<\/td> <\/tr> <tr> <td width=\"295\"><strong>A kutat\u00f3csoportnak az elm\u00falt 5 \u00e9vben megjelent, kiemelked\u0151 5 nemzetk\u00f6zi publik\u00e1ci\u00f3ja<\/strong><\/td> <td><\/td> <\/tr> <tr> <td rowspan=\"5\"><\/td> <td>G\u00e1l J. \u2013 Maros\u00e1n M. \u2013 Makrai L. \u2013 And\u00f3cs G. \u2013 Tenk M. \u2013 L\u0151rincz M. \u2013 Ziszisz \u00c1. \u2013 Hoitsy M. \u2013 T\u00f3th T. \u2013 M\u00e1ndoki M.: Astrov\u00edrus okozta enteritis \u00e9s nephritis els\u0151 meg\u00e1llap\u00edt\u00e1sa hazai strucc (Struthio camelus) \u00e1llom\u00e1nyban. magyar \u00c1llatorvosok Lapja. 2024. 146. 51-58.<\/td> <\/tr> <tr> <td>G\u00e1l J. \u2013 Hoitsy M. \u2013 T\u00f3th T. \u2013 maros\u00e1n M. \u2013 Papp A. \u2013 Vincze Z. \u2013 Ziszisz \u00c1.: Primer vese-adenocarcinoma \u00e9s Aeromonas hydrophila okozta heveny septicaemia tat\u00e1r homoki bo\u00e1ban (Eryx tatricus). Magyar \u00c1llatorvosok Lapja. 2024. 146. 161-166.<\/td> <\/tr> <tr> <td>G\u00e1l J. \u2013 Ziszisz \u00c1. \u2013 Hoitsy M. \u2013 Bali K. \u2013 Kaszab E. \u2013 T\u00f3th T. \u2013 S\u00f3s E. \u2013 S\u00f3s-Koroknai V. \u2013 Maros\u00e1n M. \u2013 Vincze Z. \u2013 M\u00e1ndoki M.: Avian astrovirus caused mortality in pheasant (Phasianus colchicus) farm in Hungary. Acta Veterinaria Hungarica. 2024. DOI: 10.1556\/004.2024.01076<\/td> <\/tr> <tr> <td>G\u00e1l J. \u2013 Maros\u00e1n M. &#8211; M\u00e1ndoki M. \u2013 D\u00e9nes L. \u2013 S\u00fcth M. \u2013 Pleva D. \u2013 Lehel J.: Suspected permethrin-containing powder bath poisoning in a flock of mountain quail (Oreortyx pictus). Animals. 2025. 15. 1428. Doi: 10.3390\/ani15101428<\/td> <\/tr> <tr> <td>Szel\u00e9nyi G. \u2013 Varga N.- G\u00e1l J. \u2013 T\u00f3th T.: new historical occurence of the Hungarian meadow viper (Vipera ursinii rakosiensis) in Hungary. Herpetozoa. 2025. 38. 7-11. Doi: 10.3897\/herpetozoa.38.e136221<\/td> <\/tr> <tr> <td rowspan=\"4\" width=\"295\"><strong>A kutat\u00f3csoport elnyert, akt\u00edv vagy 5 \u00e9vn\u00e9l nem r\u00e9gebbi hazai illetve nemzetk\u00f6zi p\u00e1ly\u00e1zatai<\/strong><\/td> <td><\/td> <\/tr> <tr> <td><\/td> <\/tr> <tr> <td><\/td> <\/tr> <tr> <td width=\"393\"><\/td> <\/tr> <tr> <td><strong>Nemzetk\u00f6zi kapcsolatok \u00e9s egy\u00fcttm\u0171k\u00f6d\u00e9sek<\/strong><\/td> <td width=\"393\">Dr. Yaoqin Shen,\u00a0College of Veterinary Medicine\u00a0HZAU, Wuhan City Hubei\u00a0Province\u00a0China<\/td> <\/tr> <tr> <td><strong>Ipari kapcsolatok \u00e9s egy\u00fcttm\u0171k\u00f6d\u00e9sek<\/strong><\/td> <td width=\"393\">Jelenleg kidolgoz\u00e1s alatt \u00e1ll. F\u00e1c\u00e1n teny\u00e9sztelepekkel egy\u00fcttm\u0171k\u00f6d\u00e9s keret\u00e9ben zajlik t\u00f6bb felm\u00e9r\u0151 vizsg\u00e1lat is.<\/td> <\/tr> <\/tbody> <\/table> <p>&nbsp;<\/p>","protected":false},"excerpt":{"rendered":"<p>KUTAT\u00d3CSOPORT NEVE Egzotikus\u00e1llat- \u00e9s vadeg\u00e9szs\u00e9gtani kutat\u00f3csoport Kutat\u00f3csoport vezet\u0151je neve Prof. Dr. G\u00e1l J\u00e1nos tudom\u00e1nyos fokozata DSc., MTA doktora, Dip. ECZM szervezeti egys\u00e9ge Egzotikus\u00e1llat-, Vad-, Hal-, M\u00e9heg\u00e9szs\u00e9g\u00fcgyi Tansz\u00e9k email-c\u00edme [Kattintson az emailc\u00edmhez] Kutat\u00f3csoport tagjai Dr. Ziszisz \u00c1risz &#8211; ATE Dr. S\u00f3s Endre, PhD., Dipl. ECZM &#8211; ATE, F\u00c1NK Dr. Tam\u00e1s T\u00f3th,PhD., Habil -ATE, F\u00c1NK Dr. Yaoqin<\/p>\n","protected":false},"author":5405,"featured_media":0,"parent":870,"menu_order":0,"comment_status":"closed","ping_status":"closed","template":"","meta":{"_acf_changed":false,"footnotes":""},"categories":[],"tags":[],"class_list":["post-198668","page","type-page","status-publish","hentry"],"acf":[],"_links":{"self":[{"href":"https:\/\/univet.hu\/hu\/wp-json\/wp\/v2\/pages\/198668","targetHints":{"allow":["GET"]}}],"collection":[{"href":"https:\/\/univet.hu\/hu\/wp-json\/wp\/v2\/pages"}],"about":[{"href":"https:\/\/univet.hu\/hu\/wp-json\/wp\/v2\/types\/page"}],"author":[{"embeddable":true,"href":"https:\/\/univet.hu\/hu\/wp-json\/wp\/v2\/users\/5405"}],"replies":[{"embeddable":true,"href":"https:\/\/univet.hu\/hu\/wp-json\/wp\/v2\/comments?post=198668"}],"version-history":[{"count":2,"href":"https:\/\/univet.hu\/hu\/wp-json\/wp\/v2\/pages\/198668\/revisions"}],"predecessor-version":[{"id":198670,"href":"https:\/\/univet.hu\/hu\/wp-json\/wp\/v2\/pages\/198668\/revisions\/198670"}],"up":[{"embeddable":true,"href":"https:\/\/univet.hu\/hu\/wp-json\/wp\/v2\/pages\/870"}],"wp:attachment":[{"href":"https:\/\/univet.hu\/hu\/wp-json\/wp\/v2\/media?parent=198668"}],"wp:term":[{"taxonomy":"category","embeddable":true,"href":"https:\/\/univet.hu\/hu\/wp-json\/wp\/v2\/categories?post=198668"},{"taxonomy":"post_tag","embeddable":true,"href":"https:\/\/univet.hu\/hu\/wp-json\/wp\/v2\/tags?post=198668"}],"curies":[{"name":"wp","href":"https:\/\/api.w.org\/{rel}","templated":true}]}}