{"id":200990,"date":"2026-02-10T13:31:17","date_gmt":"2026-02-10T12:31:17","guid":{"rendered":"https:\/\/univet.hu\/hu\/oktatas\/tanulmanyi-osztaly\/allasajanlatok\/new_child_page-2\/"},"modified":"2026-02-10T13:31:17","modified_gmt":"2026-02-10T12:31:17","slug":"szabadhegyi-allatgyogyaszati-centrum","status":"publish","type":"page","link":"https:\/\/univet.hu\/hu\/oktatas\/tanulmanyi-osztaly\/allasajanlatok\/szabadhegyi-allatgyogyaszati-centrum\/","title":{"rendered":"Szabadhegyi \u00c1llatgy\u00f3gy\u00e1szati Centrum"},"content":{"rendered":"<p>2026.02.10<\/p> <p>&nbsp;<\/p> <p><span data-olk-copy-source=\"MessageBody\">&#x1f389;<\/span>\u00a0Csatlakozz hozz\u00e1nk!<br \/> \u00c1llatorvosi asszisztenseket keres\u00fcnk!&#x1fa77;&#x1f43e;<\/p> <p>K\u00e9t csod\u00e1s asszisztens\u00fcnk bab\u00e1t v\u00e1r, \u00edgy \u00faj csapattagokat keres\u00fcnk, akik szeretettel \u00e9s lelkesed\u00e9ssel dolgozn\u00e1nak az \u00e1llatok mellett!\u00a0&#x1f436;&#x1f431;<\/p> <p>Mi a fontos sz\u00e1munkra?<br \/> &#x1fa77;\u00a0Szeresd az \u00e1llatokat!<br \/> &#x1f4ac;\u00a0L\u00e9gy kommunikat\u00edv!<br \/> &#x1f4aa;\u00a0B\u00edrd a fizikai megpr\u00f3b\u00e1ltat\u00e1sokat!<br \/> &#x1f60c;\u00a0Ne t\u00f6rj\u00f6n meg egy nehezebb nap!<br \/> &#x1f91d;\u00a0Tudj egy szuper csapat fontos tagja lenni!<br \/> &#x1f50d;\u00a0T\u00f6rekedj megoldani a probl\u00e9m\u00e1kat!<\/p> <p>Mit k\u00edn\u00e1lunk mi?<br \/> &#x1f917;\u00a0Egy seg\u00edt\u0151k\u00e9sz csapat, akikt\u0151l folyamatosan tanulhatsz<br \/> &#x1f512;\u00a0Stabil, hossz\u00fa t\u00e1v\u00fa munkalehet\u0151s\u00e9g<br \/> &#x1f680;\u00a0Azonnali munk\u00e1ba \u00e1ll\u00e1s lehet\u0151s\u00e9ge<br \/> &#x1f552;\u00a0Teljes vagy r\u00e9szmunkaid\u0151<\/p> <p>&#x2757;&#xfe0f;El\u0151ny, de nem felt\u00e9tel a kor\u00e1bbi szakmai tapasztalat vagy szakir\u00e1ny\u00fa v\u00e9gzetts\u00e9g.<\/p> <p>Jelentkezni f\u00e9nyk\u00e9pes \u00f6n\u00e9letrajzzal \u00e9s motiv\u00e1ci\u00f3s lev\u00e9llel (b\u00e9rig\u00e9ny megjel\u00f6l\u00e9s\u00e9vel) lehet a\u00a0<a class=\"decrypt\" rel=\"esupmobjAhnbjm\/dpn\" href=\"javascript:void(0);\">[Kattintson az emailc\u00edmhez]<\/a>\u00a0e-mail c\u00edmen.<\/p> <p>K\u00f6sz\u00f6nj\u00fck, ha egy megoszt\u00e1ssal seg\u00edtetek, hogy megtal\u00e1ljuk a csapatunk k\u00f6vetkez\u0151 tagj\u00e1t!&#x1f64f;&#x1f3fb;&#x2764;&#xfe0f;<\/p> <p><img loading=\"lazy\" decoding=\"async\" class=\"alignnone wp-image-200994 size-full\" src=\"https:\/\/univet.hu\/wp-content\/uploads\/2026\/02\/Szabadhegyi_AGYC.jpg\" alt=\"\" width=\"940\" height=\"788\" srcset=\"https:\/\/univet.hu\/wp-content\/uploads\/2026\/02\/Szabadhegyi_AGYC.jpg 940w, https:\/\/univet.hu\/wp-content\/uploads\/2026\/02\/Szabadhegyi_AGYC-320x268.jpg 320w, https:\/\/univet.hu\/wp-content\/uploads\/2026\/02\/Szabadhegyi_AGYC-768x644.jpg 768w\" sizes=\"auto, (max-width: 940px) 100vw, 940px\" \/><\/p>","protected":false},"excerpt":{"rendered":"<p>2026.02.10 &nbsp; &#x1f389;\u00a0Csatlakozz hozz\u00e1nk! \u00c1llatorvosi asszisztenseket keres\u00fcnk!&#x1fa77;&#x1f43e; K\u00e9t csod\u00e1s asszisztens\u00fcnk bab\u00e1t v\u00e1r, \u00edgy \u00faj csapattagokat keres\u00fcnk, akik szeretettel \u00e9s lelkesed\u00e9ssel dolgozn\u00e1nak az \u00e1llatok mellett!\u00a0&#x1f436;&#x1f431; Mi a fontos sz\u00e1munkra? &#x1fa77;\u00a0Szeresd az \u00e1llatokat! &#x1f4ac;\u00a0L\u00e9gy kommunikat\u00edv! &#x1f4aa;\u00a0B\u00edrd a fizikai megpr\u00f3b\u00e1ltat\u00e1sokat! &#x1f60c;\u00a0Ne t\u00f6rj\u00f6n meg egy nehezebb nap! &#x1f91d;\u00a0Tudj egy szuper csapat fontos tagja lenni! &#x1f50d;\u00a0T\u00f6rekedj megoldani a probl\u00e9m\u00e1kat! Mit<\/p>\n","protected":false},"author":5795,"featured_media":0,"parent":26415,"menu_order":0,"comment_status":"open","ping_status":"open","template":"","meta":{"_acf_changed":false,"footnotes":""},"categories":[],"tags":[],"class_list":["post-200990","page","type-page","status-publish","hentry"],"acf":[],"_links":{"self":[{"href":"https:\/\/univet.hu\/hu\/wp-json\/wp\/v2\/pages\/200990","targetHints":{"allow":["GET"]}}],"collection":[{"href":"https:\/\/univet.hu\/hu\/wp-json\/wp\/v2\/pages"}],"about":[{"href":"https:\/\/univet.hu\/hu\/wp-json\/wp\/v2\/types\/page"}],"author":[{"embeddable":true,"href":"https:\/\/univet.hu\/hu\/wp-json\/wp\/v2\/users\/5795"}],"replies":[{"embeddable":true,"href":"https:\/\/univet.hu\/hu\/wp-json\/wp\/v2\/comments?post=200990"}],"version-history":[{"count":1,"href":"https:\/\/univet.hu\/hu\/wp-json\/wp\/v2\/pages\/200990\/revisions"}],"predecessor-version":[{"id":200999,"href":"https:\/\/univet.hu\/hu\/wp-json\/wp\/v2\/pages\/200990\/revisions\/200999"}],"up":[{"embeddable":true,"href":"https:\/\/univet.hu\/hu\/wp-json\/wp\/v2\/pages\/26415"}],"wp:attachment":[{"href":"https:\/\/univet.hu\/hu\/wp-json\/wp\/v2\/media?parent=200990"}],"wp:term":[{"taxonomy":"category","embeddable":true,"href":"https:\/\/univet.hu\/hu\/wp-json\/wp\/v2\/categories?post=200990"},{"taxonomy":"post_tag","embeddable":true,"href":"https:\/\/univet.hu\/hu\/wp-json\/wp\/v2\/tags?post=200990"}],"curies":[{"name":"wp","href":"https:\/\/api.w.org\/{rel}","templated":true}]}}