{"id":201074,"date":"2026-02-12T12:28:32","date_gmt":"2026-02-12T11:28:32","guid":{"rendered":"https:\/\/univet.hu\/hu\/oktatas\/kurzusok\/new_course-2\/"},"modified":"2026-02-12T12:46:24","modified_gmt":"2026-02-12T11:46:24","slug":"kerodzok-tomegtakarmanyainak-modern-szemleletu-betakaritasa-tartositasa-es-etetese","status":"publish","type":"page","link":"https:\/\/univet.hu\/hu\/oktatas\/kurzusok\/kerodzok-tomegtakarmanyainak-modern-szemleletu-betakaritasa-tartositasa-es-etetese\/","title":{"rendered":"K\u00e9r\u0151dz\u0151k t\u00f6megtakarm\u00e1nyainak modern szeml\u00e9let\u0171 betakar\u00edt\u00e1sa, tart\u00f3s\u00edt\u00e1sa \u00e9s etet\u00e9se"},"content":{"rendered":"<p><strong>A tant\u00e1rgy \u00e1ltal\u00e1nos c\u00e9lja<\/strong><br \/> A \u201eK\u00e9r\u0151dz\u0151k t\u00f6megtakarm\u00e1nyainak modern szeml\u00e9let\u0171 tart\u00f3s\u00edt\u00e1sa, felhaszn\u00e1l\u00e1sa \u00e9s min\u0151s\u00edt\u00e9se\u201d c\u00edm\u0171 kurzus c\u00e9lja naprak\u00e9sz ismeretek \u00e1tadni a kl\u00edmav\u00e1ltoz\u00e1s hat\u00e1s\u00e1ra \u00e1talakul\u00f3 hazai t\u00f6megtakarm\u00e1ny-strat\u00e9gi\u00e1r\u00f3l, valamint ennek k\u00f6vetkezm\u00e9nyeir\u0151l a takarm\u00e1nyoz\u00e1s \u00e9s az \u00e1llateg\u00e9szs\u00e9g\u00fcgy ter\u00fclet\u00e9n. Kiemelt t\u00e9mak\u00f6r a kl\u00edmav\u00e1ltoz\u00e1snak a k\u00e9r\u0151dz\u0151 \u00e1llom\u00e1nyok tart\u00e1s\u00e1ban \u00e9s takarm\u00e1nyoz\u00e1s\u00e1ban igen fontos gyepgazd\u00e1lkod\u00e1sra gyakorolt hat\u00e1sainak \u00e9rt\u00e9kel\u00e9se. A kiv\u00e9d\u00e9s\u00e9t, illetve befoly\u00e1s\u00e1nak m\u00e9rs\u00e9kl\u00e9s\u00e9t c\u00e9lz\u00f3 lehet\u0151s\u00e9gek, valamint ezek technol\u00f3giai, takarm\u00e1nyoz\u00e1si, szaporod\u00e1sbiol\u00f3giai \u00e9s \u00e1llateg\u00e9szs\u00e9g\u00fcgyi hat\u00e1sai komoly gazdas\u00e1gi potenci\u00e1lt k\u00e9pviselnek.<\/p> <p>R\u00e9szleteket l\u00e1sd a Dokumentumokn\u00e1l.<\/p>","protected":false},"excerpt":{"rendered":"<p>A tant\u00e1rgy \u00e1ltal\u00e1nos c\u00e9lja A \u201eK\u00e9r\u0151dz\u0151k t\u00f6megtakarm\u00e1nyainak modern szeml\u00e9let\u0171 tart\u00f3s\u00edt\u00e1sa, felhaszn\u00e1l\u00e1sa \u00e9s min\u0151s\u00edt\u00e9se\u201d c\u00edm\u0171 kurzus c\u00e9lja naprak\u00e9sz ismeretek \u00e1tadni a kl\u00edmav\u00e1ltoz\u00e1s hat\u00e1s\u00e1ra \u00e1talakul\u00f3 hazai t\u00f6megtakarm\u00e1ny-strat\u00e9gi\u00e1r\u00f3l, valamint ennek k\u00f6vetkezm\u00e9nyeir\u0151l a takarm\u00e1nyoz\u00e1s \u00e9s az \u00e1llateg\u00e9szs\u00e9g\u00fcgy ter\u00fclet\u00e9n. Kiemelt t\u00e9mak\u00f6r a kl\u00edmav\u00e1ltoz\u00e1snak a k\u00e9r\u0151dz\u0151 \u00e1llom\u00e1nyok tart\u00e1s\u00e1ban \u00e9s takarm\u00e1nyoz\u00e1s\u00e1ban igen fontos gyepgazd\u00e1lkod\u00e1sra gyakorolt hat\u00e1sainak \u00e9rt\u00e9kel\u00e9se. A kiv\u00e9d\u00e9s\u00e9t, illetve befoly\u00e1s\u00e1nak m\u00e9rs\u00e9kl\u00e9s\u00e9t<\/p>\n","protected":false},"author":3837,"featured_media":0,"parent":677,"menu_order":0,"comment_status":"open","ping_status":"open","template":"","meta":{"_acf_changed":false,"footnotes":""},"categories":[],"tags":[],"class_list":["post-201074","page","type-page","status-publish","hentry"],"acf":[],"_links":{"self":[{"href":"https:\/\/univet.hu\/hu\/wp-json\/wp\/v2\/pages\/201074","targetHints":{"allow":["GET"]}}],"collection":[{"href":"https:\/\/univet.hu\/hu\/wp-json\/wp\/v2\/pages"}],"about":[{"href":"https:\/\/univet.hu\/hu\/wp-json\/wp\/v2\/types\/page"}],"author":[{"embeddable":true,"href":"https:\/\/univet.hu\/hu\/wp-json\/wp\/v2\/users\/3837"}],"replies":[{"embeddable":true,"href":"https:\/\/univet.hu\/hu\/wp-json\/wp\/v2\/comments?post=201074"}],"version-history":[{"count":3,"href":"https:\/\/univet.hu\/hu\/wp-json\/wp\/v2\/pages\/201074\/revisions"}],"predecessor-version":[{"id":201079,"href":"https:\/\/univet.hu\/hu\/wp-json\/wp\/v2\/pages\/201074\/revisions\/201079"}],"up":[{"embeddable":true,"href":"https:\/\/univet.hu\/hu\/wp-json\/wp\/v2\/pages\/677"}],"wp:attachment":[{"href":"https:\/\/univet.hu\/hu\/wp-json\/wp\/v2\/media?parent=201074"}],"wp:term":[{"taxonomy":"category","embeddable":true,"href":"https:\/\/univet.hu\/hu\/wp-json\/wp\/v2\/categories?post=201074"},{"taxonomy":"post_tag","embeddable":true,"href":"https:\/\/univet.hu\/hu\/wp-json\/wp\/v2\/tags?post=201074"}],"curies":[{"name":"wp","href":"https:\/\/api.w.org\/{rel}","templated":true}]}}