{"id":202264,"date":"2026-03-05T08:18:23","date_gmt":"2026-03-05T07:18:23","guid":{"rendered":"https:\/\/univet.hu\/hu\/oktatas\/tanulmanyi-osztaly\/a-tanev-idobeosztasa\/new_child_page\/"},"modified":"2026-03-05T09:06:27","modified_gmt":"2026-03-05T08:06:27","slug":"2026-27","status":"publish","type":"page","link":"https:\/\/univet.hu\/hu\/oktatas\/tanulmanyi-osztaly\/a-tanev-idobeosztasa\/2026-27\/","title":{"rendered":"2026\/27"},"content":{"rendered":"<p>&nbsp;<\/p> <p><a href=\"https:\/\/univet.hu\/wp-content\/uploads\/2026\/03\/2026-2027.-tanev-idobeosztasa.pdf\">2026 &#8211; 2027. tan\u00e9v id\u0151beoszt\u00e1sa<\/a><\/p>","protected":false},"excerpt":{"rendered":"<p>&nbsp; 2026 &#8211; 2027. tan\u00e9v id\u0151beoszt\u00e1sa<\/p>\n","protected":false},"author":2518,"featured_media":0,"parent":635,"menu_order":118,"comment_status":"open","ping_status":"closed","template":"","meta":{"_acf_changed":false,"footnotes":""},"categories":[],"tags":[],"class_list":["post-202264","page","type-page","status-publish","hentry"],"acf":[],"_links":{"self":[{"href":"https:\/\/univet.hu\/hu\/wp-json\/wp\/v2\/pages\/202264","targetHints":{"allow":["GET"]}}],"collection":[{"href":"https:\/\/univet.hu\/hu\/wp-json\/wp\/v2\/pages"}],"about":[{"href":"https:\/\/univet.hu\/hu\/wp-json\/wp\/v2\/types\/page"}],"author":[{"embeddable":true,"href":"https:\/\/univet.hu\/hu\/wp-json\/wp\/v2\/users\/2518"}],"replies":[{"embeddable":true,"href":"https:\/\/univet.hu\/hu\/wp-json\/wp\/v2\/comments?post=202264"}],"version-history":[{"count":1,"href":"https:\/\/univet.hu\/hu\/wp-json\/wp\/v2\/pages\/202264\/revisions"}],"predecessor-version":[{"id":202268,"href":"https:\/\/univet.hu\/hu\/wp-json\/wp\/v2\/pages\/202264\/revisions\/202268"}],"up":[{"embeddable":true,"href":"https:\/\/univet.hu\/hu\/wp-json\/wp\/v2\/pages\/635"}],"wp:attachment":[{"href":"https:\/\/univet.hu\/hu\/wp-json\/wp\/v2\/media?parent=202264"}],"wp:term":[{"taxonomy":"category","embeddable":true,"href":"https:\/\/univet.hu\/hu\/wp-json\/wp\/v2\/categories?post=202264"},{"taxonomy":"post_tag","embeddable":true,"href":"https:\/\/univet.hu\/hu\/wp-json\/wp\/v2\/tags?post=202264"}],"curies":[{"name":"wp","href":"https:\/\/api.w.org\/{rel}","templated":true}]}}