{"id":202622,"date":"2026-03-12T14:30:41","date_gmt":"2026-03-12T13:30:41","guid":{"rendered":"https:\/\/univet.hu\/hu\/egyetem\/szervezeti-egysegek\/allattenyesztesi-takarmanyozastani-es-laborallat-tudomanyi-tanszek\/takarmanyozastani-tanszek\/new_child_page\/"},"modified":"2026-04-01T17:05:09","modified_gmt":"2026-04-01T15:05:09","slug":"tanulmanyi-verseny","status":"publish","type":"page","link":"https:\/\/univet.hu\/hu\/egyetem\/szervezeti-egysegek\/allattenyesztesi-takarmanyozastani-es-laborallat-tudomanyi-tanszek\/takarmanyozastani-tanszek\/tanulmanyi-verseny\/","title":{"rendered":"Tanulm\u00e1nyi verseny"},"content":{"rendered":"<p><strong>T\u00e1rs\u00e1llat-dietetikai tanulm\u00e1nyi verseny <\/strong><strong>\u00e1llatorvostan hallgat\u00f3knak 2026<\/strong><\/p> <p data-start=\"61\" data-end=\"372\">Szeretettel v\u00e1rjuk a negyed \u00e9s \u00f6t\u00f6d \u00e9ves hallgat\u00f3k jelentkez\u00e9s\u00e9t a 2026. \u00e1prilis 10-\u00e9n 10:00 \u00f3rakor megrendez\u00e9sre ker\u00fcl\u0151 t\u00e1rs\u00e1llat-dietetikai tanulm\u00e1nyi versenyre. A verseny c\u00e9lja, hogy a r\u00e9sztvev\u0151k j\u00e1t\u00e9kos, ugyanakkor szakmailag ig\u00e9nyes form\u00e1ban m\u00e9rhess\u00e9k \u00f6ssze tud\u00e1sukat a t\u00e1rs\u00e1llatok takarm\u00e1nyoz\u00e1sa \u00e9s dietetik\u00e1ja ter\u00fclet\u00e9n.<\/p> <p data-start=\"374\" data-end=\"568\">A versenyre <strong data-start=\"386\" data-end=\"404\">3 f\u0151s csapatok<\/strong> jelentkez\u00e9s\u00e9t v\u00e1rjuk. A r\u00e9szv\u00e9tel felt\u00e9tele a <strong data-start=\"451\" data-end=\"473\">Takarm\u00e1nyoz\u00e1stan 2<\/strong> vizsga sikeres teljes\u00edt\u00e9se. Az esem\u00e9nyre <strong data-start=\"515\" data-end=\"550\">az els\u0151 10 csapat jelentkez\u00e9s\u00e9t<\/strong> tudjuk befogadni.<\/p> <p data-start=\"570\" data-end=\"994\">A megm\u00e9rettet\u00e9s h\u00e1rom fordul\u00f3b\u00f3l \u00e1ll:<br data-start=\"607\" data-end=\"610\" \/><strong data-start=\"610\" data-end=\"625\">1. fordul\u00f3:<\/strong> a csapatok egy el\u0151re meghat\u00e1rozott \u00e9s kisorsolt t\u00e9m\u00e1b\u00f3l eduk\u00e1ci\u00f3s k\u00f6z\u00f6ss\u00e9gi m\u00e9dia posztot k\u00e9sz\u00edtenek, amelyben a tulajdonosok fel\u00e9 t\u00f6rt\u00e9n\u0151 szakmai kommunik\u00e1ci\u00f3s k\u00e9szs\u00e9geket \u00e9rt\u00e9kelj\u00fck.<br data-start=\"810\" data-end=\"813\" \/><strong data-start=\"813\" data-end=\"828\">2. fordul\u00f3:<\/strong> klasszikus vet\u00e9lked\u0151 jelleg\u0171 feladatok a r\u00e9sztvev\u0151k lexik\u00e1lis tud\u00e1s\u00e1nak felm\u00e9r\u00e9s\u00e9re.<br data-start=\"913\" data-end=\"916\" \/><strong data-start=\"916\" data-end=\"931\">3. fordul\u00f3:<\/strong> r\u00f6vid kisel\u0151ad\u00e1s megtart\u00e1sa az els\u0151 fordul\u00f3ban kapott t\u00e9m\u00e1b\u00f3l.<\/p> <p data-start=\"996\" data-end=\"1071\">A verseny sor\u00e1n <strong data-start=\"1012\" data-end=\"1048\">\u00e9rt\u00e9kes aj\u00e1nd\u00e9kok \u00e9s nyerem\u00e9nyek<\/strong> v\u00e1rj\u00e1k a r\u00e9sztvev\u0151ket.<\/p> <p data-start=\"1073\" data-end=\"1173\"><strong data-start=\"1073\" data-end=\"1099\">Jelentkez\u00e9si hat\u00e1rid\u0151:<\/strong> 2026. m\u00e1rcius 27.<br data-start=\"1117\" data-end=\"1120\" \/><strong data-start=\"1120\" data-end=\"1136\">Jelentkez\u00e9s:<\/strong> <a class=\"decrypt\" rel=\"jogp\/ublbsnbozp{btAvojwfu\/iv\" href=\"javascript:void(0);\">[Kattintson az emailc\u00edmhez]<\/a> e-mail c\u00edmen.<\/p> <p data-start=\"1175\" data-end=\"1271\" data-is-last-node=\"\" data-is-only-node=\"\"><span style=\"color: #000000\">A r\u00e9szletes szab\u00e1lyok \u00e9s a feladatok b\u0151vebb le\u00edr\u00e1sa a lenti <a href=\"https:\/\/univet.hu\/wp-content\/uploads\/2026\/04\/Dietetika-tanulmanyi-versenykiiras_2026.aprilis.pdf\"><strong data-start=\"1239\" data-end=\"1260\">PDF dokumentumban<\/strong><\/a> olvashat\u00f3.<\/span><\/p>","protected":false},"excerpt":{"rendered":"<p>T\u00e1rs\u00e1llat-dietetikai tanulm\u00e1nyi verseny \u00e1llatorvostan hallgat\u00f3knak 2026 Szeretettel v\u00e1rjuk a negyed \u00e9s \u00f6t\u00f6d \u00e9ves hallgat\u00f3k jelentkez\u00e9s\u00e9t a 2026. \u00e1prilis 10-\u00e9n 10:00 \u00f3rakor megrendez\u00e9sre ker\u00fcl\u0151 t\u00e1rs\u00e1llat-dietetikai tanulm\u00e1nyi versenyre. A verseny c\u00e9lja, hogy a r\u00e9sztvev\u0151k j\u00e1t\u00e9kos, ugyanakkor szakmailag ig\u00e9nyes form\u00e1ban m\u00e9rhess\u00e9k \u00f6ssze tud\u00e1sukat a t\u00e1rs\u00e1llatok takarm\u00e1nyoz\u00e1sa \u00e9s dietetik\u00e1ja ter\u00fclet\u00e9n. A versenyre 3 f\u0151s csapatok jelentkez\u00e9s\u00e9t v\u00e1rjuk. A r\u00e9szv\u00e9tel<\/p>\n","protected":false},"author":3736,"featured_media":0,"parent":3384,"menu_order":0,"comment_status":"open","ping_status":"open","template":"","meta":{"_acf_changed":false,"footnotes":""},"categories":[],"tags":[],"class_list":["post-202622","page","type-page","status-publish","hentry"],"acf":[],"_links":{"self":[{"href":"https:\/\/univet.hu\/hu\/wp-json\/wp\/v2\/pages\/202622","targetHints":{"allow":["GET"]}}],"collection":[{"href":"https:\/\/univet.hu\/hu\/wp-json\/wp\/v2\/pages"}],"about":[{"href":"https:\/\/univet.hu\/hu\/wp-json\/wp\/v2\/types\/page"}],"author":[{"embeddable":true,"href":"https:\/\/univet.hu\/hu\/wp-json\/wp\/v2\/users\/3736"}],"replies":[{"embeddable":true,"href":"https:\/\/univet.hu\/hu\/wp-json\/wp\/v2\/comments?post=202622"}],"version-history":[{"count":5,"href":"https:\/\/univet.hu\/hu\/wp-json\/wp\/v2\/pages\/202622\/revisions"}],"predecessor-version":[{"id":204711,"href":"https:\/\/univet.hu\/hu\/wp-json\/wp\/v2\/pages\/202622\/revisions\/204711"}],"up":[{"embeddable":true,"href":"https:\/\/univet.hu\/hu\/wp-json\/wp\/v2\/pages\/3384"}],"wp:attachment":[{"href":"https:\/\/univet.hu\/hu\/wp-json\/wp\/v2\/media?parent=202622"}],"wp:term":[{"taxonomy":"category","embeddable":true,"href":"https:\/\/univet.hu\/hu\/wp-json\/wp\/v2\/categories?post=202622"},{"taxonomy":"post_tag","embeddable":true,"href":"https:\/\/univet.hu\/hu\/wp-json\/wp\/v2\/tags?post=202622"}],"curies":[{"name":"wp","href":"https:\/\/api.w.org\/{rel}","templated":true}]}}