{"id":202625,"date":"2026-03-12T16:31:22","date_gmt":"2026-03-12T15:31:22","guid":{"rendered":"https:\/\/univet.hu\/hu\/kutatas\/kutatocsoportok\/divevol_kutcsop\/"},"modified":"2026-03-12T16:31:22","modified_gmt":"2026-03-12T15:31:22","slug":"diverzitas-es-evolucio-kutatocsoport","status":"publish","type":"page","link":"https:\/\/univet.hu\/hu\/kutatas\/kutatocsoportok\/diverzitas-es-evolucio-kutatocsoport\/","title":{"rendered":"Diverzit\u00e1s \u00e9s evol\u00faci\u00f3 kutat\u00f3csoport"},"content":{"rendered":"<p><strong>KUTAT\u00d3CSOPORT-VEZET\u0150: <\/strong><a href=\"https:\/\/univet.hu\/hu\/egyetem\/munkatarsak\/szuts-tamas\/\">Dr. Sz\u0171ts Tam\u00e1s<\/a> tudom\u00e1nyos f\u0151munkat\u00e1rs<\/p> <p><strong>EL\u00c9RHET\u0150S\u00c9G:<\/strong> <a class=\"decrypt\" rel=\"t{vut\/ubnbtAvojwfu\/iv\" href=\"javascript:void(0);\">[Kattintson az emailc\u00edmhez]<\/a><\/p> <p><strong>A KUTAT\u00d3CSOPORT TAGJAI:<\/strong><\/p> <p>Egyetemi tan\u00e1r, professzor emerita: <a href=\"https:\/\/univet.hu\/hu\/egyetem\/munkatarsak\/hornung-erzsebet\/\">Dr. Hornung Erzs\u00e9bet<\/a><\/p> <p>Tudom\u00e1nyos f\u0151munkat\u00e1rs: <a href=\"https:\/\/univet.hu\/hu\/egyetem\/munkatarsak\/kis-janos\/\">Dr. Kis J\u00e1nos<\/a><\/p> <p>Tudom\u00e1nyos munkat\u00e1rs: <a href=\"https:\/\/univet.hu\/hu\/egyetem\/munkatarsak\/szabo-krisztian\/\">Dr. Szab\u00f3 Kriszti\u00e1n<\/a><\/p> <p>PhD hallgat\u00f3: <a href=\"https:\/\/univet.hu\/hu\/egyetem\/munkatarsak\/takacs-vago_hunor\/\">Tak\u00e1cs-V\u00e1g\u00f3 Hunor<\/a><\/p> <p>&nbsp;<\/p> <p><strong>KUTAT\u00c1SI TER\u00dcLETEK:<\/strong><\/p> <p>A kutat\u00f3csoport a biodiverzit\u00e1s felt\u00e1r\u00e1s, annak kialakul\u00e1s\u00e1nak okait vizsg\u00e1lja evol\u00faci\u00f3s szempontb\u00f3l. A klasszikus morfol\u00f3giai taxon\u00f3mia mellett molekul\u00e1ris \u00e9s integrat\u00edv m\u00f3dszerek is szerepet kapnak. A diverzit\u00e1skutat\u00e1sban az egyes fajok\/nemzets\u00e9gek\/csal\u00e1dok elterjed\u00e9s\u00e9nek sokf\u00e9les\u00e9g\u00e9t is tanulm\u00e1nyozzuk. H\u00e1rom f\u0151 t\u00e9mak\u00f6rben folynak a vizsg\u00e1latok:<br \/> (1) P\u00f3kok (Araneae) filogenetikai, taxon\u00f3miai vizsg\u00e1lata molekul\u00e1ris \u00e9s morfol\u00f3giai m\u00f3dszerekkel;<br \/> (2) Kis Apoll\u00f3-lepk\u00e9k (Parnassius mnemosyne) t\u00e1pl\u00e1lkoz\u00e1si viselked\u00e9se, demogr\u00e1fi\u00e1ja \u00e9s szaporod\u00e1si rendszere;<br \/> (3) Popul\u00e1ci\u00f3s k\u00f6lcs\u00f6nhat\u00e1sok, term\u00e9szetess\u00e9gi min\u0151s\u00edt\u00e9s, term\u00e9szetes \u00e9s hum\u00e1n stressz hat\u00e1sa \u00edzeltl\u00e1b\u00faakra, urbaniz\u00e1ci\u00f3s hat\u00e1sok egyes \u00f6kosziszt\u00e9m\u00e1kra, behurcolt \u00e9s invaz\u00edv \u00e1llatfajok \u00f6kol\u00f3gi\u00e1ja, \u00f6kosziszt\u00e9ma-szolg\u00e1ltat\u00e1sok.<\/p> <p><strong>HOSSZ\u00daT\u00c1V\u00da EGY\u00dcTTM\u0170K\u00d6D\u00c9SEK:<\/strong><\/p> <ul> <li>Jeremy Miller PhD senior research fellow at Naturalis Biodiversity Center, Leiden, The Netherlands<\/li> <li>Noushig Zarikian PhD head of the Invertebrate Ecology Scientific Group, Scientific Center of Zoology and Hydroecology, National Academy of Sciences, Yerevan, Armenia<\/li> <li>Wayne Maddison PhD full professor at Biodiversity Research Centre, University of British Columbia<\/li> <li>Junxia Zhang PhD Key full professor at Laboratory of Zoological Systematics and Application of Hebei Province, College of Life Sciences, Hebei University, Baoding, PR China<\/li> <li>S\u00e1ndor D. Attila PhD principal investigator at University of Agricultural Sciences and Veterinary Medicine of Cluj-Napoca, Cluj Napoca, Romania<\/li> <li>Efrat Gavish-Regev PhD Scientific Manager of Arachnida and other Terrestrial Arthropods, National Natural History Collections (NNHC-HUJ), The Hebrew University of Jerusalem, Jerusalem, Israel<\/li> <li>K\u0151r\u00f6si \u00c1d\u00e1m, G\u00f3r \u00c1d\u00e1m researcher B\u00fcro f\u00fcr \u00f6kologische Forschung und Planung GEYER &amp; DOLEK, W\u00f6rthsee, Germany<\/li> <\/ul> <p><strong>IG\u00c9NYELHET\u0150 SZOLG\u00c1LTAT\u00c1SOK:<\/strong><\/p> <ul> <li>\u00c9l\u0151helyek \u00e9s \u00e1llatpopul\u00e1ci\u00f3k \u00e1llapotfelm\u00e9r\u00e9se \u00e9s folyamatos megfigyel\u00e9se<\/li> <li>Biomonitoring<\/li> <li>Talajlak\u00f3 \u00edzeltl\u00e1b\u00faak identifik\u00e1ci\u00f3ja<\/li> <\/ul> <p>&nbsp;<\/p> <p>&nbsp;<\/p>","protected":false},"excerpt":{"rendered":"<p>KUTAT\u00d3CSOPORT-VEZET\u0150: Dr. Sz\u0171ts Tam\u00e1s tudom\u00e1nyos f\u0151munkat\u00e1rs EL\u00c9RHET\u0150S\u00c9G: [Kattintson az emailc\u00edmhez] A KUTAT\u00d3CSOPORT TAGJAI: Egyetemi tan\u00e1r, professzor emerita: Dr. Hornung Erzs\u00e9bet Tudom\u00e1nyos f\u0151munkat\u00e1rs: Dr. Kis J\u00e1nos Tudom\u00e1nyos munkat\u00e1rs: Dr. Szab\u00f3 Kriszti\u00e1n PhD hallgat\u00f3: Tak\u00e1cs-V\u00e1g\u00f3 Hunor &nbsp; KUTAT\u00c1SI TER\u00dcLETEK: A kutat\u00f3csoport a biodiverzit\u00e1s felt\u00e1r\u00e1s, annak kialakul\u00e1s\u00e1nak okait vizsg\u00e1lja evol\u00faci\u00f3s szempontb\u00f3l. A klasszikus morfol\u00f3giai taxon\u00f3mia mellett molekul\u00e1ris \u00e9s<\/p>\n","protected":false},"author":3039,"featured_media":0,"parent":870,"menu_order":0,"comment_status":"open","ping_status":"open","template":"","meta":{"_acf_changed":false,"footnotes":""},"categories":[],"tags":[],"class_list":["post-202625","page","type-page","status-publish","hentry"],"acf":[],"_links":{"self":[{"href":"https:\/\/univet.hu\/hu\/wp-json\/wp\/v2\/pages\/202625","targetHints":{"allow":["GET"]}}],"collection":[{"href":"https:\/\/univet.hu\/hu\/wp-json\/wp\/v2\/pages"}],"about":[{"href":"https:\/\/univet.hu\/hu\/wp-json\/wp\/v2\/types\/page"}],"author":[{"embeddable":true,"href":"https:\/\/univet.hu\/hu\/wp-json\/wp\/v2\/users\/3039"}],"replies":[{"embeddable":true,"href":"https:\/\/univet.hu\/hu\/wp-json\/wp\/v2\/comments?post=202625"}],"version-history":[{"count":2,"href":"https:\/\/univet.hu\/hu\/wp-json\/wp\/v2\/pages\/202625\/revisions"}],"predecessor-version":[{"id":202627,"href":"https:\/\/univet.hu\/hu\/wp-json\/wp\/v2\/pages\/202625\/revisions\/202627"}],"up":[{"embeddable":true,"href":"https:\/\/univet.hu\/hu\/wp-json\/wp\/v2\/pages\/870"}],"wp:attachment":[{"href":"https:\/\/univet.hu\/hu\/wp-json\/wp\/v2\/media?parent=202625"}],"wp:term":[{"taxonomy":"category","embeddable":true,"href":"https:\/\/univet.hu\/hu\/wp-json\/wp\/v2\/categories?post=202625"},{"taxonomy":"post_tag","embeddable":true,"href":"https:\/\/univet.hu\/hu\/wp-json\/wp\/v2\/tags?post=202625"}],"curies":[{"name":"wp","href":"https:\/\/api.w.org\/{rel}","templated":true}]}}