{"id":202642,"date":"2026-03-14T14:29:13","date_gmt":"2026-03-14T13:29:13","guid":{"rendered":"https:\/\/univet.hu\/hu\/egyetem\/munkatarsak\/fabian_jover_hedi\/"},"modified":"2026-03-14T14:51:48","modified_gmt":"2026-03-14T13:51:48","slug":"fabian-jover-hedi","status":"publish","type":"page","link":"https:\/\/univet.hu\/hu\/egyetem\/munkatarsak\/fabian-jover-hedi\/","title":{"rendered":"F\u00e1bi\u00e1n-J\u00f3v\u00e9r H\u00e9di"},"content":{"rendered":"","protected":false},"excerpt":{"rendered":"","protected":false},"author":329,"featured_media":0,"parent":858,"menu_order":0,"comment_status":"open","ping_status":"open","template":"","meta":{"_acf_changed":false,"footnotes":""},"categories":[56],"tags":[],"class_list":["post-202642","page","type-page","status-publish","hentry","category-munkatarsak"],"acf":[],"_links":{"self":[{"href":"https:\/\/univet.hu\/hu\/wp-json\/wp\/v2\/pages\/202642","targetHints":{"allow":["GET"]}}],"collection":[{"href":"https:\/\/univet.hu\/hu\/wp-json\/wp\/v2\/pages"}],"about":[{"href":"https:\/\/univet.hu\/hu\/wp-json\/wp\/v2\/types\/page"}],"author":[{"embeddable":true,"href":"https:\/\/univet.hu\/hu\/wp-json\/wp\/v2\/users\/329"}],"replies":[{"embeddable":true,"href":"https:\/\/univet.hu\/hu\/wp-json\/wp\/v2\/comments?post=202642"}],"version-history":[{"count":5,"href":"https:\/\/univet.hu\/hu\/wp-json\/wp\/v2\/pages\/202642\/revisions"}],"predecessor-version":[{"id":202654,"href":"https:\/\/univet.hu\/hu\/wp-json\/wp\/v2\/pages\/202642\/revisions\/202654"}],"up":[{"embeddable":true,"href":"https:\/\/univet.hu\/hu\/wp-json\/wp\/v2\/pages\/858"}],"wp:attachment":[{"href":"https:\/\/univet.hu\/hu\/wp-json\/wp\/v2\/media?parent=202642"}],"wp:term":[{"taxonomy":"category","embeddable":true,"href":"https:\/\/univet.hu\/hu\/wp-json\/wp\/v2\/categories?post=202642"},{"taxonomy":"post_tag","embeddable":true,"href":"https:\/\/univet.hu\/hu\/wp-json\/wp\/v2\/tags?post=202642"}],"curies":[{"name":"wp","href":"https:\/\/api.w.org\/{rel}","templated":true}]}}