{"id":203199,"date":"2026-03-18T14:38:42","date_gmt":"2026-03-18T13:38:42","guid":{"rendered":"https:\/\/univet.hu\/hu\/egyetem\/munkatarsak\/rhiannon_nohealani_rodgers\/"},"modified":"2026-04-14T11:08:40","modified_gmt":"2026-04-14T09:08:40","slug":"rhiannon-nohealani-rodgers","status":"publish","type":"page","link":"https:\/\/univet.hu\/hu\/egyetem\/munkatarsak\/rhiannon-nohealani-rodgers\/","title":{"rendered":"Rhiannon Nohealani Rodgers"},"content":{"rendered":"<p>Dr. Rhiannon Rodgers 2024-ben v\u00e9gzett az \u00c1llatorvostudom\u00e1nyi Egyetemen. Tanulm\u00e1nyai sor\u00e1n kiemelt \u00e9rdekl\u0151d\u00e9st mutatott az immunol\u00f3gia, a j\u00e1rv\u00e1nytan, az onkol\u00f3gia, valamint \u00e1ltal\u00e1ban a kutat\u00f3i munka ir\u00e1nt.<\/p> <p>2024-t\u0151l 2025 v\u00e9g\u00e9ig t\u00f6bb \u00e1llatorvosi tant\u00e1rgyb\u00f3l is seg\u00edtette a hallgat\u00f3k felk\u00e9sz\u00fcl\u00e9s\u00e9t a vizsg\u00e1kra, amely id\u0151 alatt felfedezte a tan\u00edt\u00e1s ir\u00e1nti szenved\u00e9ly\u00e9t.<\/p> <p>Diplomaszerz\u00e9s\u00e9t megel\u0151z\u0151en TDK dolgozat\u00e1t a J\u00e1rv\u00e1nytani \u00e9s Mikrobiol\u00f3giai Tansz\u00e9k Immunol\u00f3giai csoportj\u00e1ban k\u00e9sz\u00edtette \u201e<em>A velesz\u00fcletett immunrendszer m\u00f3dos\u00edt\u00e1sa kis molekulat\u00f6meg\u0171 anyagok alkalmaz\u00e1s\u00e1val \u00e9s annak hat\u00e1sa a vese carcinoma sejtekre egy eg\u00e9rmodellben<\/em>\u201d c\u00edmmel.<\/p> <p>Az Immunol\u00f3giai csoporthoz 2026 elej\u00e9n csatlakozott\u00a0 PhD-hallgat\u00f3k\u00e9nt, ahol onkoter\u00e1pi\u00e1s kutat\u00e1sait folytatja. Munk\u00e1ja sor\u00e1n a hideg atmoszf\u00e9rikus plazma (CAP) k\u00fcl\u00f6nb\u00f6z\u0151 daganatt\u00edpusokra gyakorolt hat\u00e1s\u00e1t vizsg\u00e1lja, bele\u00e9rtve a l\u00f3 szarkoidot is.<\/p> <p>PhD-tanulm\u00e1nyai mellett immunol\u00f3giai gyakorlatokat vezet, valamint r\u00e9szt vesz a Tansz\u00e9k egy\u00e9b kutat\u00e1si tev\u00e9kenys\u00e9geiben is, t\u00f6bbek k\u00f6z\u00f6tt r\u00e1di\u00f3frekvenci\u00e1s (RF) abl\u00e1ci\u00f3s vizsg\u00e1latokban, fotometriai m\u00e9r\u00e9sekben \u00e9s immunter\u00e1pi\u00e1s kutat\u00e1sokban.<\/p>","protected":false},"excerpt":{"rendered":"<p>Dr. Rhiannon Rodgers 2024-ben v\u00e9gzett az \u00c1llatorvostudom\u00e1nyi Egyetemen. Tanulm\u00e1nyai sor\u00e1n kiemelt \u00e9rdekl\u0151d\u00e9st mutatott az immunol\u00f3gia, a j\u00e1rv\u00e1nytan, az onkol\u00f3gia, valamint \u00e1ltal\u00e1ban a kutat\u00f3i munka ir\u00e1nt. 2024-t\u0151l 2025 v\u00e9g\u00e9ig t\u00f6bb \u00e1llatorvosi tant\u00e1rgyb\u00f3l is seg\u00edtette a hallgat\u00f3k felk\u00e9sz\u00fcl\u00e9s\u00e9t a vizsg\u00e1kra, amely id\u0151 alatt felfedezte a tan\u00edt\u00e1s ir\u00e1nti szenved\u00e9ly\u00e9t. Diplomaszerz\u00e9s\u00e9t megel\u0151z\u0151en TDK dolgozat\u00e1t a J\u00e1rv\u00e1nytani \u00e9s Mikrobiol\u00f3giai Tansz\u00e9k<\/p>\n","protected":false},"author":5411,"featured_media":0,"parent":858,"menu_order":0,"comment_status":"open","ping_status":"open","template":"","meta":{"_acf_changed":false,"footnotes":""},"categories":[],"tags":[],"class_list":["post-203199","page","type-page","status-publish","hentry"],"acf":[],"_links":{"self":[{"href":"https:\/\/univet.hu\/hu\/wp-json\/wp\/v2\/pages\/203199","targetHints":{"allow":["GET"]}}],"collection":[{"href":"https:\/\/univet.hu\/hu\/wp-json\/wp\/v2\/pages"}],"about":[{"href":"https:\/\/univet.hu\/hu\/wp-json\/wp\/v2\/types\/page"}],"author":[{"embeddable":true,"href":"https:\/\/univet.hu\/hu\/wp-json\/wp\/v2\/users\/5411"}],"replies":[{"embeddable":true,"href":"https:\/\/univet.hu\/hu\/wp-json\/wp\/v2\/comments?post=203199"}],"version-history":[{"count":3,"href":"https:\/\/univet.hu\/hu\/wp-json\/wp\/v2\/pages\/203199\/revisions"}],"predecessor-version":[{"id":205182,"href":"https:\/\/univet.hu\/hu\/wp-json\/wp\/v2\/pages\/203199\/revisions\/205182"}],"up":[{"embeddable":true,"href":"https:\/\/univet.hu\/hu\/wp-json\/wp\/v2\/pages\/858"}],"wp:attachment":[{"href":"https:\/\/univet.hu\/hu\/wp-json\/wp\/v2\/media?parent=203199"}],"wp:term":[{"taxonomy":"category","embeddable":true,"href":"https:\/\/univet.hu\/hu\/wp-json\/wp\/v2\/categories?post=203199"},{"taxonomy":"post_tag","embeddable":true,"href":"https:\/\/univet.hu\/hu\/wp-json\/wp\/v2\/tags?post=203199"}],"curies":[{"name":"wp","href":"https:\/\/api.w.org\/{rel}","templated":true}]}}