{"id":203352,"date":"2026-03-20T09:23:34","date_gmt":"2026-03-20T08:23:34","guid":{"rendered":"https:\/\/univet.hu\/hu\/egyetem\/szervezeti-egysegek\/szuleszeti-es-szaporodasbiologiai-tanszek-es-klinika\/szolgaltatasok\/andrologiai-laboratorium\/lo_bika\/"},"modified":"2026-03-20T09:27:14","modified_gmt":"2026-03-20T08:27:14","slug":"lo-bika","status":"publish","type":"page","link":"https:\/\/univet.hu\/hu\/egyetem\/szervezeti-egysegek\/szuleszeti-es-szaporodasbiologiai-tanszek-es-klinika\/szolgaltatasok\/andrologiai-laboratorium\/lo-bika\/","title":{"rendered":"L\u00f3 \u00e9s bikasperma vizsg\u00e1lata"},"content":{"rendered":"<p>&nbsp;<\/p> <p><strong>L\u00f3sperma \u00e9s bikasperma CASA-vizsg\u00e1lata<\/strong><\/p> <p>&nbsp;<\/p> <p>Az idei \u00e9vt\u0151l (2026) lehet\u0151s\u00e9g van laborat\u00f3riumunkban l\u00f3sperma \u00e9s bikasperma sz\u00e1m\u00edt\u00f3g\u00e9pes min\u0151s\u00e9gi vizsg\u00e1lat\u00e1ra.<\/p> <p><strong>Mi\u00e9rt j\u00f3 ez a vizsg\u00e1lat?<\/strong><\/p> <p>A szapor\u00edt\u00f3anyag (h\u0171t\u00f6tt vagy m\u00e9lyh\u0171t\u00f6tt) min\u0151s\u00e9g\u00e9r\u0151l, \u00e9s mesters\u00e9ges term\u00e9keny\u00edt\u00e9sre val\u00f3 felhaszn\u00e1lhat\u00f3s\u00e1g\u00e1r\u00f3l kaphatunk objekt\u00edv, specialista szakemberek \u00e1ltal valid\u00e1lt eredm\u00e9nyt.<\/p> <p><strong>Milyen mint\u00e1kat lehet bevizsg\u00e1ltatni?<\/strong><\/p> <p>Hig\u00edtott \u00e9s h\u0171t\u00f6tt friss sperma vagy m\u00e9lyh\u0171t\u00f6tt (foly\u00e9kony nitrog\u00e9nben t\u00e1rolt) spermamint\u00e1kat<\/p> <p><strong>Mit vizsg\u00e1lunk?<\/strong><\/p> <p>A szapor\u00edt\u00f3anyagban tal\u00e1lhat\u00f3 spermiumsejtek mozg\u00e1s\u00e1t, azok ar\u00e1ny\u00e1t, makro- \u00e9s mikroszk\u00f3pos m\u00f3dszerrel, sz\u00e1m\u00edt\u00f3g\u00e9pes spermaanal\u00edzis seg\u00edts\u00e9g\u00e9vel.<\/p> <p><strong>Mennyibe ker\u00fcl a vizsg\u00e1lat?<\/strong><\/p> <p>Az alap CASA-vizsg\u00e1lat 25000 Forint, a sejtek morfol\u00f3giai vizsg\u00e1lat\u00e1val kieg\u00e9sz\u00edtett vizsg\u00e1lat 35000 Forint.<\/p> <p><strong>Mikor lehet besz\u00e1ll\u00edtani a mint\u00e1t?<\/strong><\/p> <p>H\u00e9tk\u00f6znap 8:30 \u00e9s 13:00 \u00f3ra k\u00f6z\u00f6tt tudunk mint\u00e1t fogadni, de minden esetben k\u00e9r\u00fcnk email-es egyeztet\u00e9st: <a class=\"decrypt\" rel=\"wjod{f\/cphmbslbAvojwfu\/iv\" href=\"javascript:void(0);\">[Kattintson az emailc\u00edmhez]<\/a><\/p> <p><strong>Mennyi id\u0151 alatt k\u00e9sz\u00fcl el a vizsg\u00e1lat?<\/strong><\/p> <p>A feldolgoz\u00e1s 1-4 munkanap a minta jelleg\u00e9t\u0151l f\u00fcgg\u0151en.<\/p> <p>&nbsp;<\/p> <p>&nbsp;<\/p> <p><img loading=\"lazy\" decoding=\"async\" class=\"alignnone size-medium wp-image-203353\" src=\"https:\/\/univet.hu\/wp-content\/uploads\/2026\/03\/image-bika-2-320x240.jpg\" alt=\"\" width=\"320\" height=\"240\" srcset=\"https:\/\/univet.hu\/wp-content\/uploads\/2026\/03\/image-bika-2-320x240.jpg 320w, https:\/\/univet.hu\/wp-content\/uploads\/2026\/03\/image-bika-2-960x720.jpg 960w, https:\/\/univet.hu\/wp-content\/uploads\/2026\/03\/image-bika-2-768x576.jpg 768w, https:\/\/univet.hu\/wp-content\/uploads\/2026\/03\/image-bika-2-1536x1152.jpg 1536w, https:\/\/univet.hu\/wp-content\/uploads\/2026\/03\/image-bika-2-2048x1536.jpg 2048w\" sizes=\"auto, (max-width: 320px) 100vw, 320px\" \/>\u00a0 \u00a0 \u00a0 \u00a0 <img loading=\"lazy\" decoding=\"async\" class=\"alignnone size-medium wp-image-203356\" src=\"https:\/\/univet.hu\/wp-content\/uploads\/2026\/03\/image-bika-320x174.png\" alt=\"\" width=\"320\" height=\"174\" srcset=\"https:\/\/univet.hu\/wp-content\/uploads\/2026\/03\/image-bika-320x174.png 320w, https:\/\/univet.hu\/wp-content\/uploads\/2026\/03\/image-bika-960x522.png 960w, https:\/\/univet.hu\/wp-content\/uploads\/2026\/03\/image-bika-768x417.png 768w, https:\/\/univet.hu\/wp-content\/uploads\/2026\/03\/image-bika.png 1448w\" sizes=\"auto, (max-width: 320px) 100vw, 320px\" \/><\/p>","protected":false},"excerpt":{"rendered":"<p>&nbsp; L\u00f3sperma \u00e9s bikasperma CASA-vizsg\u00e1lata &nbsp; Az idei \u00e9vt\u0151l (2026) lehet\u0151s\u00e9g van laborat\u00f3riumunkban l\u00f3sperma \u00e9s bikasperma sz\u00e1m\u00edt\u00f3g\u00e9pes min\u0151s\u00e9gi vizsg\u00e1lat\u00e1ra. Mi\u00e9rt j\u00f3 ez a vizsg\u00e1lat? A szapor\u00edt\u00f3anyag (h\u0171t\u00f6tt vagy m\u00e9lyh\u0171t\u00f6tt) min\u0151s\u00e9g\u00e9r\u0151l, \u00e9s mesters\u00e9ges term\u00e9keny\u00edt\u00e9sre val\u00f3 felhaszn\u00e1lhat\u00f3s\u00e1g\u00e1r\u00f3l kaphatunk objekt\u00edv, specialista szakemberek \u00e1ltal valid\u00e1lt eredm\u00e9nyt. Milyen mint\u00e1kat lehet bevizsg\u00e1ltatni? Hig\u00edtott \u00e9s h\u0171t\u00f6tt friss sperma vagy m\u00e9lyh\u0171t\u00f6tt (foly\u00e9kony nitrog\u00e9nben<\/p>\n","protected":false},"author":118,"featured_media":0,"parent":16154,"menu_order":0,"comment_status":"open","ping_status":"open","template":"","meta":{"_acf_changed":false,"footnotes":""},"categories":[],"tags":[],"class_list":["post-203352","page","type-page","status-publish","hentry"],"acf":[],"_links":{"self":[{"href":"https:\/\/univet.hu\/hu\/wp-json\/wp\/v2\/pages\/203352","targetHints":{"allow":["GET"]}}],"collection":[{"href":"https:\/\/univet.hu\/hu\/wp-json\/wp\/v2\/pages"}],"about":[{"href":"https:\/\/univet.hu\/hu\/wp-json\/wp\/v2\/types\/page"}],"author":[{"embeddable":true,"href":"https:\/\/univet.hu\/hu\/wp-json\/wp\/v2\/users\/118"}],"replies":[{"embeddable":true,"href":"https:\/\/univet.hu\/hu\/wp-json\/wp\/v2\/comments?post=203352"}],"version-history":[{"count":4,"href":"https:\/\/univet.hu\/hu\/wp-json\/wp\/v2\/pages\/203352\/revisions"}],"predecessor-version":[{"id":203362,"href":"https:\/\/univet.hu\/hu\/wp-json\/wp\/v2\/pages\/203352\/revisions\/203362"}],"up":[{"embeddable":true,"href":"https:\/\/univet.hu\/hu\/wp-json\/wp\/v2\/pages\/16154"}],"wp:attachment":[{"href":"https:\/\/univet.hu\/hu\/wp-json\/wp\/v2\/media?parent=203352"}],"wp:term":[{"taxonomy":"category","embeddable":true,"href":"https:\/\/univet.hu\/hu\/wp-json\/wp\/v2\/categories?post=203352"},{"taxonomy":"post_tag","embeddable":true,"href":"https:\/\/univet.hu\/hu\/wp-json\/wp\/v2\/tags?post=203352"}],"curies":[{"name":"wp","href":"https:\/\/api.w.org\/{rel}","templated":true}]}}