{"id":203382,"date":"2026-03-20T10:14:07","date_gmt":"2026-03-20T09:14:07","guid":{"rendered":"https:\/\/univet.hu\/hu\/egyetem\/munkatarsak\/domafoldi-gerda-2\/"},"modified":"2026-03-20T10:22:03","modified_gmt":"2026-03-20T09:22:03","slug":"domafoldi-gerda-2","status":"publish","type":"page","link":"https:\/\/univet.hu\/hu\/egyetem\/munkatarsak\/domafoldi-gerda-2\/","title":{"rendered":"Domaf\u00f6ldi Gerda"},"content":{"rendered":"<p>Bemutatkoz\u00e1s:<\/p> <p>Dr. Domaf\u00f6ldi Gerda 2024-ben szerzett diplom\u00e1t az \u00c1llatorvostudom\u00e1nyi Egyetemen. Tanulm\u00e1nyai befejez\u00e9se ut\u00e1n ugyanebben az \u00e9vben megkezdte internship gyakorlat\u00e1t az \u00c1llathigi\u00e9niai, \u00c1llom\u00e1ny-eg\u00e9szs\u00e9gtani \u00e9s Mobilklinika Tansz\u00e9ken, majd ezt k\u00f6vet\u0151en PhD tanulm\u00e1nyait is elind\u00edtotta. Jelenleg tansz\u00e9ki \u00e1llatorvosk\u00e9nt dolgozik, rendszeresen tart mobilklinikai gyakorlatot \u00e9s baromfitelepeken v\u00e9gzett farmviziteket. Szakmai \u00e9rdekl\u0151d\u00e9se \u00e9s kutat\u00e1si ter\u00fclete els\u0151sorban a nagyl\u00e9tsz\u00e1m\u00fa baromfitelepekhez kapcsol\u00f3dik.<\/p>","protected":false},"excerpt":{"rendered":"<p>Bemutatkoz\u00e1s: Dr. Domaf\u00f6ldi Gerda 2024-ben szerzett diplom\u00e1t az \u00c1llatorvostudom\u00e1nyi Egyetemen. Tanulm\u00e1nyai befejez\u00e9se ut\u00e1n ugyanebben az \u00e9vben megkezdte internship gyakorlat\u00e1t az \u00c1llathigi\u00e9niai, \u00c1llom\u00e1ny-eg\u00e9szs\u00e9gtani \u00e9s Mobilklinika Tansz\u00e9ken, majd ezt k\u00f6vet\u0151en PhD tanulm\u00e1nyait is elind\u00edtotta. Jelenleg tansz\u00e9ki \u00e1llatorvosk\u00e9nt dolgozik, rendszeresen tart mobilklinikai gyakorlatot \u00e9s baromfitelepeken v\u00e9gzett farmviziteket. Szakmai \u00e9rdekl\u0151d\u00e9se \u00e9s kutat\u00e1si ter\u00fclete els\u0151sorban a nagyl\u00e9tsz\u00e1m\u00fa baromfitelepekhez kapcsol\u00f3dik.<\/p>\n","protected":false},"author":19,"featured_media":0,"parent":858,"menu_order":0,"comment_status":"open","ping_status":"open","template":"","meta":{"_acf_changed":false,"footnotes":""},"categories":[],"tags":[],"class_list":["post-203382","page","type-page","status-publish","hentry"],"acf":[],"_links":{"self":[{"href":"https:\/\/univet.hu\/hu\/wp-json\/wp\/v2\/pages\/203382","targetHints":{"allow":["GET"]}}],"collection":[{"href":"https:\/\/univet.hu\/hu\/wp-json\/wp\/v2\/pages"}],"about":[{"href":"https:\/\/univet.hu\/hu\/wp-json\/wp\/v2\/types\/page"}],"author":[{"embeddable":true,"href":"https:\/\/univet.hu\/hu\/wp-json\/wp\/v2\/users\/19"}],"replies":[{"embeddable":true,"href":"https:\/\/univet.hu\/hu\/wp-json\/wp\/v2\/comments?post=203382"}],"version-history":[{"count":5,"href":"https:\/\/univet.hu\/hu\/wp-json\/wp\/v2\/pages\/203382\/revisions"}],"predecessor-version":[{"id":203392,"href":"https:\/\/univet.hu\/hu\/wp-json\/wp\/v2\/pages\/203382\/revisions\/203392"}],"up":[{"embeddable":true,"href":"https:\/\/univet.hu\/hu\/wp-json\/wp\/v2\/pages\/858"}],"wp:attachment":[{"href":"https:\/\/univet.hu\/hu\/wp-json\/wp\/v2\/media?parent=203382"}],"wp:term":[{"taxonomy":"category","embeddable":true,"href":"https:\/\/univet.hu\/hu\/wp-json\/wp\/v2\/categories?post=203382"},{"taxonomy":"post_tag","embeddable":true,"href":"https:\/\/univet.hu\/hu\/wp-json\/wp\/v2\/tags?post=203382"}],"curies":[{"name":"wp","href":"https:\/\/api.w.org\/{rel}","templated":true}]}}