{"id":204289,"date":"2026-03-25T12:49:38","date_gmt":"2026-03-25T11:49:38","guid":{"rendered":"https:\/\/univet.hu\/hu\/kutatas\/temak\/new_research\/"},"modified":"2026-03-25T12:49:38","modified_gmt":"2026-03-25T11:49:38","slug":"asszisztalt-reprodukcios-eljarasok-kiskerodzoknel","status":"publish","type":"page","link":"https:\/\/univet.hu\/hu\/kutatas\/temak\/asszisztalt-reprodukcios-eljarasok-kiskerodzoknel\/","title":{"rendered":"Assziszt\u00e1lt reprodukci\u00f3s elj\u00e1r\u00e1sok kisk\u00e9r\u0151dz\u0151kn\u00e9l"},"content":{"rendered":"","protected":false},"excerpt":{"rendered":"","protected":false},"author":1240,"featured_media":0,"parent":874,"menu_order":0,"comment_status":"open","ping_status":"open","template":"","meta":{"_acf_changed":false,"footnotes":""},"categories":[],"tags":[],"class_list":["post-204289","page","type-page","status-publish","hentry"],"acf":[],"_links":{"self":[{"href":"https:\/\/univet.hu\/hu\/wp-json\/wp\/v2\/pages\/204289","targetHints":{"allow":["GET"]}}],"collection":[{"href":"https:\/\/univet.hu\/hu\/wp-json\/wp\/v2\/pages"}],"about":[{"href":"https:\/\/univet.hu\/hu\/wp-json\/wp\/v2\/types\/page"}],"author":[{"embeddable":true,"href":"https:\/\/univet.hu\/hu\/wp-json\/wp\/v2\/users\/1240"}],"replies":[{"embeddable":true,"href":"https:\/\/univet.hu\/hu\/wp-json\/wp\/v2\/comments?post=204289"}],"version-history":[{"count":1,"href":"https:\/\/univet.hu\/hu\/wp-json\/wp\/v2\/pages\/204289\/revisions"}],"predecessor-version":[{"id":204290,"href":"https:\/\/univet.hu\/hu\/wp-json\/wp\/v2\/pages\/204289\/revisions\/204290"}],"up":[{"embeddable":true,"href":"https:\/\/univet.hu\/hu\/wp-json\/wp\/v2\/pages\/874"}],"wp:attachment":[{"href":"https:\/\/univet.hu\/hu\/wp-json\/wp\/v2\/media?parent=204289"}],"wp:term":[{"taxonomy":"category","embeddable":true,"href":"https:\/\/univet.hu\/hu\/wp-json\/wp\/v2\/categories?post=204289"},{"taxonomy":"post_tag","embeddable":true,"href":"https:\/\/univet.hu\/hu\/wp-json\/wp\/v2\/tags?post=204289"}],"curies":[{"name":"wp","href":"https:\/\/api.w.org\/{rel}","templated":true}]}}