{"id":204348,"date":"2026-03-26T10:36:07","date_gmt":"2026-03-26T09:36:07","guid":{"rendered":"https:\/\/univet.hu\/hu\/kutatas\/temak\/new_research\/"},"modified":"2026-03-26T10:36:07","modified_gmt":"2026-03-26T09:36:07","slug":"az-ejakulatum-es-a-mellekherebol-nyert-frakcio-mikrobiomjanak-vizsgalata-ujgeneracios-szekvenalassal-a-spermaminoseggel-osszefuggesben-kan-kutyakban","status":"publish","type":"page","link":"https:\/\/univet.hu\/hu\/kutatas\/temak\/az-ejakulatum-es-a-mellekherebol-nyert-frakcio-mikrobiomjanak-vizsgalata-ujgeneracios-szekvenalassal-a-spermaminoseggel-osszefuggesben-kan-kutyakban\/","title":{"rendered":"Az ejakul\u00e1tum \u00e9s a mell\u00e9kher\u00e9b\u0151l nyert frakci\u00f3 mikrobiomj\u00e1nak vizsg\u00e1lata \u00fajgener\u00e1ci\u00f3s szekven\u00e1l\u00e1ssal a spermamin\u0151s\u00e9ggel \u00f6sszef\u00fcgg\u00e9sben kan kuty\u00e1kban"},"content":{"rendered":"<p><span data-olk-copy-source=\"MessageBody\">Az ejakul\u00e1tum \u00e9s a mell\u00e9kher\u00e9b\u0151l nyert frakci\u00f3 mikrobiomj\u00e1nak vizsg\u00e1lata \u00fajgener\u00e1ci\u00f3s szekven\u00e1l\u00e1ssal a spermamin\u0151s\u00e9ggel \u00f6sszef\u00fcgg\u00e9sben kan kuty\u00e1kban<\/span><\/p> <p><span data-olk-copy-source=\"MessageBody\">Kan kuty\u00e1k cs\u00f6kkent fertilit\u00e1s\u00e1nak kezel\u00e9se sokszor nagy kih\u00edv\u00e1st jelent az \u00e1llatorvosok sz\u00e1m\u00e1ra. A cs\u00f6kkent spermamin\u0151s\u00e9g h\u00e1tter\u00e9ben fert\u0151z\u0151 okok, mikrobiombeli elt\u00e9r\u00e9sek is \u00e1llhatnak. B\u00e1r az \u00fajgener\u00e1ci\u00f3s szekven\u00e1l\u00e1s egyre nagyobb teret nyer a mikrobiom vizsg\u00e1lata sor\u00e1n, kan kuty\u00e1k szaporod\u00e1si szervrendszer\u00e9vel kapcsolatban jelenleg is csak nagyon kev\u00e9s adat \u00e1ll rendelkez\u00e9s\u00fcnkre. A nemi szervek norm\u00e1lis mikrobiomj\u00e1nak megismer\u00e9se elengedhetetlen a k\u00f3rokoz\u00f3k azonos\u00edt\u00e1sa, valamint a felesleges antibiotikum haszn\u00e1lat elker\u00fcl\u00e9se szempontj\u00e1b\u00f3l. Vizsg\u00e1lataink sor\u00e1n az ejakul\u00e1tum \u00e9s a mell\u00e9kher\u00e9b\u0151l nyert frakci\u00f3 mikrobiomj\u00e1nak \u00f6sszehasonl\u00edt\u00e1s\u00e1t tervezz\u00fck standard k\u00f6r\u00fclm\u00e9nyek k\u00f6z\u00f6tt tartott, illetve mag\u00e1ntulajdonban l\u00e9v\u0151 \u00e1llatok eset\u00e9ben, p\u00e1rhuzamosan a prosztata \u00e9s a her\u00e9k ultrahangos vizsg\u00e1lat\u00e1val \u00e9s a spermamin\u0151s\u00e9g meghat\u00e1roz\u00e1s\u00e1val.<\/span><\/p>","protected":false},"excerpt":{"rendered":"<p>Az ejakul\u00e1tum \u00e9s a mell\u00e9kher\u00e9b\u0151l nyert frakci\u00f3 mikrobiomj\u00e1nak vizsg\u00e1lata \u00fajgener\u00e1ci\u00f3s szekven\u00e1l\u00e1ssal a spermamin\u0151s\u00e9ggel \u00f6sszef\u00fcgg\u00e9sben kan kuty\u00e1kban Kan kuty\u00e1k cs\u00f6kkent fertilit\u00e1s\u00e1nak kezel\u00e9se sokszor nagy kih\u00edv\u00e1st jelent az \u00e1llatorvosok sz\u00e1m\u00e1ra. A cs\u00f6kkent spermamin\u0151s\u00e9g h\u00e1tter\u00e9ben fert\u0151z\u0151 okok, mikrobiombeli elt\u00e9r\u00e9sek is \u00e1llhatnak. B\u00e1r az \u00fajgener\u00e1ci\u00f3s szekven\u00e1l\u00e1s egyre nagyobb teret nyer a mikrobiom vizsg\u00e1lata sor\u00e1n, kan kuty\u00e1k szaporod\u00e1si szervrendszer\u00e9vel kapcsolatban<\/p>\n","protected":false},"author":118,"featured_media":0,"parent":874,"menu_order":0,"comment_status":"open","ping_status":"open","template":"","meta":{"_acf_changed":false,"footnotes":""},"categories":[],"tags":[],"class_list":["post-204348","page","type-page","status-publish","hentry"],"acf":[],"_links":{"self":[{"href":"https:\/\/univet.hu\/hu\/wp-json\/wp\/v2\/pages\/204348","targetHints":{"allow":["GET"]}}],"collection":[{"href":"https:\/\/univet.hu\/hu\/wp-json\/wp\/v2\/pages"}],"about":[{"href":"https:\/\/univet.hu\/hu\/wp-json\/wp\/v2\/types\/page"}],"author":[{"embeddable":true,"href":"https:\/\/univet.hu\/hu\/wp-json\/wp\/v2\/users\/118"}],"replies":[{"embeddable":true,"href":"https:\/\/univet.hu\/hu\/wp-json\/wp\/v2\/comments?post=204348"}],"version-history":[{"count":1,"href":"https:\/\/univet.hu\/hu\/wp-json\/wp\/v2\/pages\/204348\/revisions"}],"predecessor-version":[{"id":204351,"href":"https:\/\/univet.hu\/hu\/wp-json\/wp\/v2\/pages\/204348\/revisions\/204351"}],"up":[{"embeddable":true,"href":"https:\/\/univet.hu\/hu\/wp-json\/wp\/v2\/pages\/874"}],"wp:attachment":[{"href":"https:\/\/univet.hu\/hu\/wp-json\/wp\/v2\/media?parent=204348"}],"wp:term":[{"taxonomy":"category","embeddable":true,"href":"https:\/\/univet.hu\/hu\/wp-json\/wp\/v2\/categories?post=204348"},{"taxonomy":"post_tag","embeddable":true,"href":"https:\/\/univet.hu\/hu\/wp-json\/wp\/v2\/tags?post=204348"}],"curies":[{"name":"wp","href":"https:\/\/api.w.org\/{rel}","templated":true}]}}