{"id":204396,"date":"2026-03-26T17:39:04","date_gmt":"2026-03-26T16:39:04","guid":{"rendered":"https:\/\/univet.hu\/hu\/kutatas\/kutatocsoportok\/new_child_page\/"},"modified":"2026-03-26T17:52:51","modified_gmt":"2026-03-26T16:52:51","slug":"kisallat-szaporodasbiologiai-kutatocsoport","status":"publish","type":"page","link":"https:\/\/univet.hu\/hu\/kutatas\/kutatocsoportok\/kisallat-szaporodasbiologiai-kutatocsoport\/","title":{"rendered":"Kis\u00e1llat-Szaporod\u00e1sbiol\u00f3giai Kutat\u00f3csoport"},"content":{"rendered":"<div data-olk-copy-source=\"MessageBody\">vezet\u0151: <a href=\"https:\/\/univet.hu\/hu\/egyetem\/munkatarsak\/muller-linda\/\">dr. M\u00fcller Linda PhD<\/a><br \/> <a href=\"https:\/\/univet.hu\/hu\/egyetem\/munkatarsak\/farkas-szilvia\/\">dr. Farkas Szilvia PhD<\/a><br \/> <a href=\"https:\/\/univet.hu\/hu\/egyetem\/munkatarsak\/erdei-kristian\/\">dr. Erdei Kristi\u00e1n<\/a><br \/> <a href=\"https:\/\/univet.hu\/hu\/egyetem\/munkatarsak\/szilagyi-eszter\/\">dr. Szil\u00e1gyi Eszter<\/a><br \/> <a href=\"https:\/\/univet.hu\/hu\/egyetem\/munkatarsak\/nagy-eszter\/\">dr. Nagy Eszter<\/a><\/div> <div><\/div> <div> <div><\/div> <div>F\u0151bb kutat\u00e1si ir\u00e1nyok:<\/div> <div><\/div> <div>1. Klinikai endokrinol\u00f3gia &#8211; els\u0151dlegesen a fertilit\u00e1s\/szaporod\u00e1sbiol\u00f3giai funkci\u00f3 vizsg\u00e1lat\u00e1ra alkalmas markerek vizsg\u00e1lata (AMH, INSL3, CPSE) teny\u00e9sz\u00e1llatokban, klinikai beteganyagon, valamint hormon\u00e1lis kasztr\u00e1ci\u00f3val induk\u00e1lt infertilit\u00e1s modellben.<br \/> 2. A genit\u00e1lis traktust jellemz\u0151 mikorbiom vizsg\u00e1lata. Mycoplasma fajok jelenl\u00e9t\u00e9nek jelent\u0151s\u00e9ge a reprodukt\u00edv traktusban, ezek reprodukt\u00edv probl\u00e9m\u00e1k kialakul\u00e1s\u00e1ban j\u00e1tszott szerep\u00e9nek \u00e9rt\u00e9kel\u00e9se.<\/div> <\/div>","protected":false},"excerpt":{"rendered":"<p>vezet\u0151: dr. M\u00fcller Linda PhD dr. Farkas Szilvia PhD dr. Erdei Kristi\u00e1n dr. Szil\u00e1gyi Eszter dr. Nagy Eszter F\u0151bb kutat\u00e1si ir\u00e1nyok: 1. Klinikai endokrinol\u00f3gia &#8211; els\u0151dlegesen a fertilit\u00e1s\/szaporod\u00e1sbiol\u00f3giai funkci\u00f3 vizsg\u00e1lat\u00e1ra alkalmas markerek vizsg\u00e1lata (AMH, INSL3, CPSE) teny\u00e9sz\u00e1llatokban, klinikai beteganyagon, valamint hormon\u00e1lis kasztr\u00e1ci\u00f3val induk\u00e1lt infertilit\u00e1s modellben. 2. A genit\u00e1lis traktust jellemz\u0151 mikorbiom vizsg\u00e1lata. Mycoplasma fajok jelenl\u00e9t\u00e9nek<\/p>\n","protected":false},"author":118,"featured_media":0,"parent":870,"menu_order":0,"comment_status":"open","ping_status":"open","template":"","meta":{"_acf_changed":false,"footnotes":""},"categories":[],"tags":[],"class_list":["post-204396","page","type-page","status-publish","hentry"],"acf":[],"_links":{"self":[{"href":"https:\/\/univet.hu\/hu\/wp-json\/wp\/v2\/pages\/204396","targetHints":{"allow":["GET"]}}],"collection":[{"href":"https:\/\/univet.hu\/hu\/wp-json\/wp\/v2\/pages"}],"about":[{"href":"https:\/\/univet.hu\/hu\/wp-json\/wp\/v2\/types\/page"}],"author":[{"embeddable":true,"href":"https:\/\/univet.hu\/hu\/wp-json\/wp\/v2\/users\/118"}],"replies":[{"embeddable":true,"href":"https:\/\/univet.hu\/hu\/wp-json\/wp\/v2\/comments?post=204396"}],"version-history":[{"count":4,"href":"https:\/\/univet.hu\/hu\/wp-json\/wp\/v2\/pages\/204396\/revisions"}],"predecessor-version":[{"id":204403,"href":"https:\/\/univet.hu\/hu\/wp-json\/wp\/v2\/pages\/204396\/revisions\/204403"}],"up":[{"embeddable":true,"href":"https:\/\/univet.hu\/hu\/wp-json\/wp\/v2\/pages\/870"}],"wp:attachment":[{"href":"https:\/\/univet.hu\/hu\/wp-json\/wp\/v2\/media?parent=204396"}],"wp:term":[{"taxonomy":"category","embeddable":true,"href":"https:\/\/univet.hu\/hu\/wp-json\/wp\/v2\/categories?post=204396"},{"taxonomy":"post_tag","embeddable":true,"href":"https:\/\/univet.hu\/hu\/wp-json\/wp\/v2\/tags?post=204396"}],"curies":[{"name":"wp","href":"https:\/\/api.w.org\/{rel}","templated":true}]}}