{"id":204404,"date":"2026-03-27T09:32:59","date_gmt":"2026-03-27T08:32:59","guid":{"rendered":"https:\/\/univet.hu\/hu\/oktatas\/tanulmanyi-osztaly\/allasajanlatok\/new_child_page-2\/"},"modified":"2026-03-27T09:32:59","modified_gmt":"2026-03-27T08:32:59","slug":"budaorsi-allatorvosi-rendelo","status":"publish","type":"page","link":"https:\/\/univet.hu\/hu\/oktatas\/tanulmanyi-osztaly\/allasajanlatok\/budaorsi-allatorvosi-rendelo\/","title":{"rendered":"Buda\u00f6rsi \u00c1llatorvosi Rendel\u0151"},"content":{"rendered":"<p>2026.03.27<\/p> <p>Kedves Koll\u00e9g\u00e1k!&#x1f436;&#x1f431;<\/p> <p>Csapatb\u0151v\u00edt\u00e9s c\u00e9lj\u00e1b\u00f3l:<br \/> &#x1f9b7;Fog\u00e1szat&#x1f9b7; ir\u00e1nt \u00e9rdekl\u0151d\u0151 \u00e1llatorvos koll\u00e9g\u00e1t keres\u00fcnk a Buda\u00f6rsi \u00c1llatorvosi Rendel\u0151-be.<\/p> <p>Rendel\u0151nkben k\u00fcl\u00f6n fog\u00e1szati kezel\u0151 tal\u00e1lhat\u00f3, melynek felszerelts\u00e9ge:<br \/> -Visiovet fog\u00e1szati r\u00f6ntgen<br \/> -Visiovet fog\u00e1szati torony<br \/> -altat\u00f3g\u00e9p, monitor, EKG, pulzoxim\u00e9ter, capnograf, inf\u00fazi\u00f3s pump\u00e1k stb.<br \/> -profi fog\u00e1szati asszisztensek seg\u00edtik a munk\u00e1t -el\u0151zetes kivizsg\u00e1lasokhoz: labort, ultrahangot(szakorvosok \u00e1ltal), r\u00f6ntgent helyben el tudjuk v\u00e9gezni<\/p> <p>Meghat\u00e1rozott napon l\u00e1tn\u00e1 el a leend\u0151 koll\u00e9g\u00e1nk a fog\u00e1szati betegeket!<br \/> B\u00e9rez\u00e9s megbesz\u00e9l\u00e9s alapj\u00e1n!<br \/> Ha valakit \u00e9rdekelne ez a lehet\u0151s\u00e9g keressen minket b\u00e1tran! &#x1f642;<\/p> <p>Izgalommal v\u00e1rjuk leg\u00fajabb csapattagunkat!<\/p> <p>Jelentkez\u00e9s:<br \/> Dr. Szaniszl\u00f3 Ferenc 06209343119<br \/> <a class=\"decrypt\" rel=\"t{bojt{mpgfsfodAu.pomjof\/iv\" href=\"javascript:void(0);\">[Kattintson az emailc\u00edmhez]<\/a><\/p> <p>Sz\u00e9p napot k\u00edv\u00e1nunk Mindenkinek!<\/p>","protected":false},"excerpt":{"rendered":"<p>2026.03.27 Kedves Koll\u00e9g\u00e1k!&#x1f436;&#x1f431; Csapatb\u0151v\u00edt\u00e9s c\u00e9lj\u00e1b\u00f3l: &#x1f9b7;Fog\u00e1szat&#x1f9b7; ir\u00e1nt \u00e9rdekl\u0151d\u0151 \u00e1llatorvos koll\u00e9g\u00e1t keres\u00fcnk a Buda\u00f6rsi \u00c1llatorvosi Rendel\u0151-be. Rendel\u0151nkben k\u00fcl\u00f6n fog\u00e1szati kezel\u0151 tal\u00e1lhat\u00f3, melynek felszerelts\u00e9ge: -Visiovet fog\u00e1szati r\u00f6ntgen -Visiovet fog\u00e1szati torony -altat\u00f3g\u00e9p, monitor, EKG, pulzoxim\u00e9ter, capnograf, inf\u00fazi\u00f3s pump\u00e1k stb. -profi fog\u00e1szati asszisztensek seg\u00edtik a munk\u00e1t -el\u0151zetes kivizsg\u00e1lasokhoz: labort, ultrahangot(szakorvosok \u00e1ltal), r\u00f6ntgent helyben el tudjuk v\u00e9gezni Meghat\u00e1rozott napon l\u00e1tn\u00e1<\/p>\n","protected":false},"author":5795,"featured_media":0,"parent":26415,"menu_order":0,"comment_status":"open","ping_status":"open","template":"","meta":{"_acf_changed":false,"footnotes":""},"categories":[],"tags":[],"class_list":["post-204404","page","type-page","status-publish","hentry"],"acf":[],"_links":{"self":[{"href":"https:\/\/univet.hu\/hu\/wp-json\/wp\/v2\/pages\/204404","targetHints":{"allow":["GET"]}}],"collection":[{"href":"https:\/\/univet.hu\/hu\/wp-json\/wp\/v2\/pages"}],"about":[{"href":"https:\/\/univet.hu\/hu\/wp-json\/wp\/v2\/types\/page"}],"author":[{"embeddable":true,"href":"https:\/\/univet.hu\/hu\/wp-json\/wp\/v2\/users\/5795"}],"replies":[{"embeddable":true,"href":"https:\/\/univet.hu\/hu\/wp-json\/wp\/v2\/comments?post=204404"}],"version-history":[{"count":1,"href":"https:\/\/univet.hu\/hu\/wp-json\/wp\/v2\/pages\/204404\/revisions"}],"predecessor-version":[{"id":204405,"href":"https:\/\/univet.hu\/hu\/wp-json\/wp\/v2\/pages\/204404\/revisions\/204405"}],"up":[{"embeddable":true,"href":"https:\/\/univet.hu\/hu\/wp-json\/wp\/v2\/pages\/26415"}],"wp:attachment":[{"href":"https:\/\/univet.hu\/hu\/wp-json\/wp\/v2\/media?parent=204404"}],"wp:term":[{"taxonomy":"category","embeddable":true,"href":"https:\/\/univet.hu\/hu\/wp-json\/wp\/v2\/categories?post=204404"},{"taxonomy":"post_tag","embeddable":true,"href":"https:\/\/univet.hu\/hu\/wp-json\/wp\/v2\/tags?post=204404"}],"curies":[{"name":"wp","href":"https:\/\/api.w.org\/{rel}","templated":true}]}}