{"id":204518,"date":"2026-03-30T13:21:06","date_gmt":"2026-03-30T11:21:06","guid":{"rendered":"https:\/\/univet.hu\/hu\/egyetem\/munkatarsak\/barry-nathanaelle\/"},"modified":"2026-03-30T13:22:04","modified_gmt":"2026-03-30T11:22:04","slug":"barry-nathanaelle","status":"publish","type":"page","link":"https:\/\/univet.hu\/hu\/egyetem\/munkatarsak\/barry-nathanaelle\/","title":{"rendered":"Barry Nathanaelle"},"content":{"rendered":"<p><strong>Bemutatkoz\u00e1s<\/strong><\/p> <p><span class=\"HwtZe\" lang=\"hu\"><span class=\"jCAhz ChMk0b\"><span class=\"ryNqvb\">Nathanaelle Barry vagyok, Ph.D. hallgat\u00f3 az \u00c1llatorvostudom\u00e1nyi Egyetem Zool\u00f3giai Tansz\u00e9k\u00e9n.<\/span><\/span> <span class=\"jCAhz ChMk0b\"><span class=\"ryNqvb\">Kutat\u00e1som arra \u00f6sszpontos\u00edt, hogy a szoci\u00e1lis-t\u00e9rbeli viselked\u00e9s hogyan form\u00e1lja a vadon \u00e9l\u0151 madarak sz\u00fcl\u0151i gondoz\u00e1si strat\u00e9gi\u00e1it, integr\u00e1lva a k\u00f6rnyezeti felt\u00e9teleket, a t\u00e1rsas viselked\u00e9st \u00e9s a szaporod\u00e1si sikert.<\/span><\/span><span class=\"jCAhz ChMk0b\"><span class=\"ryNqvb\"> Etol\u00f3gia \u00e9s \u00f6sszehasonl\u00edt\u00f3 kogn\u00edci\u00f3 szakon szereztem mesterdiplom\u00e1t a Toulouse III Egyetemen (Franciaorsz\u00e1g).<\/span><\/span> <span class=\"jCAhz ChMk0b\"><span class=\"ryNqvb\">Munk\u00e1m sor\u00e1n GPS-k\u00f6vet\u00e9st, viselked\u00e9si megfigyel\u00e9seket \u00e9s statisztikai modellez\u00e9st \u00f6tv\u00f6z\u00f6k annak vizsg\u00e1lat\u00e1ra, hogy a mozg\u00e1smint\u00e1k \u00e9s a t\u00e1rsas interakci\u00f3k hogyan befoly\u00e1solj\u00e1k a sz\u00fcl\u0151i d\u00f6nt\u00e9seket \u00e9s a fitnesz eredm\u00e9nyeit.<\/span><\/span> <span class=\"jCAhz ChMk0b\"><span class=\"ryNqvb\">K\u00fcl\u00f6n\u00f6sen \u00e9rdekel a viselked\u00e9s\u00f6kol\u00f3gia, a t\u00e1rsas evol\u00faci\u00f3 \u00e9s a term\u00e9szetv\u00e9delmi biol\u00f3gia.<\/span><\/span><\/span><\/p> <p>&nbsp;<\/p> <p><strong>F\u0151bb kutat\u00e1si ter\u00fcletek<\/strong><\/p> <ul> <li><span class=\"HwtZe\" lang=\"hu\"><span class=\"jCAhz ChMk0b\"><span class=\"ryNqvb\">A sz\u00fcl\u0151i viselked\u00e9s t\u00e1rsadalmi \u00e9s \u00f6kol\u00f3giai mozgat\u00f3rug\u00f3i egy term\u00e9szetes sz\u00e9ki lile (<em>Charadrius alexandrinus<\/em>) popul\u00e1ci\u00f3ban Maio sziget\u00e9n (Z\u00f6ld-foki-szigetek) <\/span><\/span><\/span><\/li> <li><span class=\"HwtZe\" lang=\"hu\"><span class=\"jCAhz ChMk0b\"><span class=\"ryNqvb\">Szoci\u00e1lis-t\u00e9rbeli viselked\u00e9s a keltet\u00e9s \u00e9s a ut\u00f3dgondoz\u00e1s sor\u00e1n <\/span><\/span><\/span><\/li> <li><span class=\"HwtZe\" lang=\"hu\"><span class=\"jCAhz ChMk0b\"><span class=\"ryNqvb\">A nem szaporod\u00f3 szoci\u00e1lis \u00e9s t\u00e9rbeli viselked\u00e9s \u00e1th\u00faz\u00f3d\u00f3 hat\u00e1sai a sz\u00fcl\u0151i strat\u00e9gi\u00e1kra <\/span><\/span><\/span><\/li> <li><span class=\"HwtZe\" lang=\"hu\"><span class=\"jCAhz ChMk0b\"><span class=\"ryNqvb\">A sz\u00fcl\u0151k k\u00f6z\u00f6tti koordin\u00e1ci\u00f3 \u00e9s munkamegoszt\u00e1s <\/span><\/span><\/span><\/li> <li><span class=\"HwtZe\" lang=\"hu\"><span class=\"jCAhz ChMk0b\"><span class=\"ryNqvb\">A szoci\u00e1lis k\u00f6rnyezet \u00e9s az \u00f6kol\u00f3giai felt\u00e9telek hat\u00e1sa a fi\u00f3k\u00e1k t\u00fal\u00e9l\u00e9s\u00e9re \u00e9s a szaporod\u00e1si sikerre<\/span><\/span><\/span><\/li> <\/ul> <p><strong>El\u0151rehalad\u00e1s<\/strong><\/p> <p>2025 &#8211; Ph.D. hallgat\u00f3 <span class=\"HwtZe\" lang=\"hu\"><span class=\"jCAhz\"><span class=\"ryNqvb\">\u2013 \u00c1llatorvostudom\u00e1nyi Egyetem, Budapest, Magyarorsz\u00e1g<\/span><\/span><\/span><\/p> <p><span class=\"HwtZe\" lang=\"hu\"><span class=\"jCAhz\"><span class=\"ryNqvb\"><span class=\"jCAhz ChMk0b\">2023\u20132024<\/span> Mesterk\u00e9pz\u00e9s \u2013 Etol\u00f3gia \u00e9s \u00d6sszehasonl\u00edt\u00f3 Kogn\u00edci\u00f3.<\/span><\/span> <span class=\"jCAhz ChMk0b\"><span class=\"ryNqvb\">Toulouse III Egyetem, Franciaorsz\u00e1g\u00a0 <\/span><\/span><\/span><\/p> <p><span class=\"HwtZe\" lang=\"hu\"><span class=\"jCAhz ChMk0b\"><span class=\"ryNqvb\">2022\u20132023 Mesterk\u00e9pz\u00e9s \u2013 Biodiverzit\u00e1s, \u00d6kol\u00f3gia \u00e9s Evol\u00faci\u00f3.<\/span><\/span> <span class=\"jCAhz ChMk0b\"><span class=\"ryNqvb\">Poitiers-i Egyetem, Franciaorsz\u00e1g\u00a0 <\/span><\/span><\/span><\/p> <p><span class=\"HwtZe\" lang=\"hu\"><span class=\"jCAhz ChMk0b\"><span class=\"ryNqvb\">2018\u20132021 Alapk\u00e9pz\u00e9s \u2013 \u00c9lettudom\u00e1nyok \u00e9s K\u00f6rnyezetv\u00e9delem.<\/span><\/span> <span class=\"jCAhz ChMk0b\"><span class=\"ryNqvb\">Besan\u00e7oni Egyetem, Franciaorsz\u00e1g\u00a0<\/span><\/span><\/span><\/p> <p><strong>Tudom\u00e1nyos tags\u00e1gok<\/strong><\/p> <p>&#8211; Research engineer \u2013 INRAE, France (2024\u20132025)<\/p> <p>&#8211; Research internship \u2013 SETE, CNRS, France (2024)<\/p> <p>&#8211; Research internship \u2013 African Reserve of Sigean, France (2023)<\/p> <p>&#8211; Research internship \u2013 Association V.I.E., France (2023)<\/p> <p>&#8211; Research internship \u2013 IFCE, France (2022)<\/p> <p>&#8211; Research internship \u2013 Chrono-environnement, CNRS, France (2021)<\/p>","protected":false},"excerpt":{"rendered":"<p>Bemutatkoz\u00e1s Nathanaelle Barry vagyok, Ph.D. hallgat\u00f3 az \u00c1llatorvostudom\u00e1nyi Egyetem Zool\u00f3giai Tansz\u00e9k\u00e9n. Kutat\u00e1som arra \u00f6sszpontos\u00edt, hogy a szoci\u00e1lis-t\u00e9rbeli viselked\u00e9s hogyan form\u00e1lja a vadon \u00e9l\u0151 madarak sz\u00fcl\u0151i gondoz\u00e1si strat\u00e9gi\u00e1it, integr\u00e1lva a k\u00f6rnyezeti felt\u00e9teleket, a t\u00e1rsas viselked\u00e9st \u00e9s a szaporod\u00e1si sikert. Etol\u00f3gia \u00e9s \u00f6sszehasonl\u00edt\u00f3 kogn\u00edci\u00f3 szakon szereztem mesterdiplom\u00e1t a Toulouse III Egyetemen (Franciaorsz\u00e1g). Munk\u00e1m sor\u00e1n GPS-k\u00f6vet\u00e9st, viselked\u00e9si megfigyel\u00e9seket<\/p>\n","protected":false},"author":3039,"featured_media":0,"parent":858,"menu_order":0,"comment_status":"open","ping_status":"open","template":"","meta":{"_acf_changed":false,"footnotes":""},"categories":[],"tags":[],"class_list":["post-204518","page","type-page","status-publish","hentry"],"acf":[],"_links":{"self":[{"href":"https:\/\/univet.hu\/hu\/wp-json\/wp\/v2\/pages\/204518","targetHints":{"allow":["GET"]}}],"collection":[{"href":"https:\/\/univet.hu\/hu\/wp-json\/wp\/v2\/pages"}],"about":[{"href":"https:\/\/univet.hu\/hu\/wp-json\/wp\/v2\/types\/page"}],"author":[{"embeddable":true,"href":"https:\/\/univet.hu\/hu\/wp-json\/wp\/v2\/users\/3039"}],"replies":[{"embeddable":true,"href":"https:\/\/univet.hu\/hu\/wp-json\/wp\/v2\/comments?post=204518"}],"version-history":[{"count":3,"href":"https:\/\/univet.hu\/hu\/wp-json\/wp\/v2\/pages\/204518\/revisions"}],"predecessor-version":[{"id":204528,"href":"https:\/\/univet.hu\/hu\/wp-json\/wp\/v2\/pages\/204518\/revisions\/204528"}],"up":[{"embeddable":true,"href":"https:\/\/univet.hu\/hu\/wp-json\/wp\/v2\/pages\/858"}],"wp:attachment":[{"href":"https:\/\/univet.hu\/hu\/wp-json\/wp\/v2\/media?parent=204518"}],"wp:term":[{"taxonomy":"category","embeddable":true,"href":"https:\/\/univet.hu\/hu\/wp-json\/wp\/v2\/categories?post=204518"},{"taxonomy":"post_tag","embeddable":true,"href":"https:\/\/univet.hu\/hu\/wp-json\/wp\/v2\/tags?post=204518"}],"curies":[{"name":"wp","href":"https:\/\/api.w.org\/{rel}","templated":true}]}}