{"id":204705,"date":"2026-04-01T15:54:18","date_gmt":"2026-04-01T13:54:18","guid":{"rendered":"https:\/\/univet.hu\/hu\/oktatas\/tanulmanyi-osztaly\/allasajanlatok\/new_child_page-2\/"},"modified":"2026-04-01T15:54:18","modified_gmt":"2026-04-01T13:54:18","slug":"szigetszentmiklosi-kedvenc-rendelo","status":"publish","type":"page","link":"https:\/\/univet.hu\/hu\/oktatas\/tanulmanyi-osztaly\/allasajanlatok\/szigetszentmiklosi-kedvenc-rendelo\/","title":{"rendered":"Szigetszentmikl\u00f3si Kedvenc Rendel\u0151"},"content":{"rendered":"<p>2026.04.01<\/p> <div> <p class=\"x_MsoNormal\" data-olk-copy-source=\"MessageBody\">\u00c1llatorvosi asszisztensi\u00a0munk\u00e1ra keres\u00fcnk\u00a0\u00e1llatorvostan hallgat\u00f3t a szigetszentmikl\u00f3si Kedvenc Rendel\u0151be r\u00e9szmunkaid\u0151s \u00e1ll\u00e1sra 2026 j\u00fanius k\u00f6zepe\/v\u00e9g\u00e9t\u0151l, els\u0151sorban d\u00e9lut\u00e1ni, \u00e9s h\u00e9tv\u00e9gi id\u0151pontokra. A munka k\u00f6zben lehet\u0151s\u00e9g ny\u00edlik sok \u00e1llatorvosi manu\u00e1lis k\u00e9szs\u00e9g elsaj\u00e1t\u00edt\u00e1sra, pl inf\u00fazi\u00f3 kezel\u00e9s, kan\u00fcl\u00e1l\u00e1s, m\u0171t\u00e9ti asszisztencia, de a munka r\u00e9sze a takar\u00edt\u00e1s, adminisztr\u00e1ci\u00f3s teend\u0151k, stb is. A rendel\u0151 t\u00f6megk\u00f6zleked\u00e9ssel ( pl H\u00c9V) is megk\u00f6zel\u00edthet\u0151 helyen van. Jelenleg is van n\u00e1lunk dolgoz\u00f3 hallgat\u00f3, \u00e9s van csokis fi\u00f3k is\u00a0&#x1f643;.<\/p> <\/div> <div> <p class=\"x_MsoNormal\">\u00c9rdekl\u0151dni a\u00a0<a class=\"decrypt\" rel=\"mjqlb\/{tv{tboobAofupo\/iv\" href=\"javascript:void(0);\">[Kattintson az emailc\u00edmhez]<\/a>, vagy 0620\/5311259 sz\u00e1mon<\/p> <\/div> <div> <p class=\"x_MsoNormal\">dr Lipka Zsuzsanna<\/p> <\/div>","protected":false},"excerpt":{"rendered":"<p>2026.04.01 \u00c1llatorvosi asszisztensi\u00a0munk\u00e1ra keres\u00fcnk\u00a0\u00e1llatorvostan hallgat\u00f3t a szigetszentmikl\u00f3si Kedvenc Rendel\u0151be r\u00e9szmunkaid\u0151s \u00e1ll\u00e1sra 2026 j\u00fanius k\u00f6zepe\/v\u00e9g\u00e9t\u0151l, els\u0151sorban d\u00e9lut\u00e1ni, \u00e9s h\u00e9tv\u00e9gi id\u0151pontokra. A munka k\u00f6zben lehet\u0151s\u00e9g ny\u00edlik sok \u00e1llatorvosi manu\u00e1lis k\u00e9szs\u00e9g elsaj\u00e1t\u00edt\u00e1sra, pl inf\u00fazi\u00f3 kezel\u00e9s, kan\u00fcl\u00e1l\u00e1s, m\u0171t\u00e9ti asszisztencia, de a munka r\u00e9sze a takar\u00edt\u00e1s, adminisztr\u00e1ci\u00f3s teend\u0151k, stb is. A rendel\u0151 t\u00f6megk\u00f6zleked\u00e9ssel ( pl H\u00c9V) is megk\u00f6zel\u00edthet\u0151 helyen van.<\/p>\n","protected":false},"author":5795,"featured_media":0,"parent":26415,"menu_order":0,"comment_status":"open","ping_status":"open","template":"","meta":{"_acf_changed":false,"footnotes":""},"categories":[],"tags":[],"class_list":["post-204705","page","type-page","status-publish","hentry"],"acf":[],"_links":{"self":[{"href":"https:\/\/univet.hu\/hu\/wp-json\/wp\/v2\/pages\/204705","targetHints":{"allow":["GET"]}}],"collection":[{"href":"https:\/\/univet.hu\/hu\/wp-json\/wp\/v2\/pages"}],"about":[{"href":"https:\/\/univet.hu\/hu\/wp-json\/wp\/v2\/types\/page"}],"author":[{"embeddable":true,"href":"https:\/\/univet.hu\/hu\/wp-json\/wp\/v2\/users\/5795"}],"replies":[{"embeddable":true,"href":"https:\/\/univet.hu\/hu\/wp-json\/wp\/v2\/comments?post=204705"}],"version-history":[{"count":1,"href":"https:\/\/univet.hu\/hu\/wp-json\/wp\/v2\/pages\/204705\/revisions"}],"predecessor-version":[{"id":204706,"href":"https:\/\/univet.hu\/hu\/wp-json\/wp\/v2\/pages\/204705\/revisions\/204706"}],"up":[{"embeddable":true,"href":"https:\/\/univet.hu\/hu\/wp-json\/wp\/v2\/pages\/26415"}],"wp:attachment":[{"href":"https:\/\/univet.hu\/hu\/wp-json\/wp\/v2\/media?parent=204705"}],"wp:term":[{"taxonomy":"category","embeddable":true,"href":"https:\/\/univet.hu\/hu\/wp-json\/wp\/v2\/categories?post=204705"},{"taxonomy":"post_tag","embeddable":true,"href":"https:\/\/univet.hu\/hu\/wp-json\/wp\/v2\/tags?post=204705"}],"curies":[{"name":"wp","href":"https:\/\/api.w.org\/{rel}","templated":true}]}}