{"id":205088,"date":"2026-04-09T16:06:03","date_gmt":"2026-04-09T14:06:03","guid":{"rendered":"https:\/\/univet.hu\/?page_id=205088"},"modified":"2026-04-09T16:12:21","modified_gmt":"2026-04-09T14:12:21","slug":"dokumentumok","status":"publish","type":"page","link":"https:\/\/univet.hu\/hu\/egyetem\/szervezeti-egysegek\/elelmiszerlanc-tudomanyi-intezet\/dokumentumok\/","title":{"rendered":"Dokumentumok"},"content":{"rendered":"<p>Int\u00e9zeti Munka-\u00e9s T\u0171zv\u00e9delmi Szab\u00e1lyzat<\/p> <p><a href=\"https:\/\/univet.hu\/wp-content\/uploads\/2026\/04\/Elelmiszer-tudomanyi-Intezet-Ugyrend-2024.pdf\">\u00dcgyrend<\/a><\/p>","protected":false},"excerpt":{"rendered":"<p>Int\u00e9zeti Munka-\u00e9s T\u0171zv\u00e9delmi Szab\u00e1lyzat \u00dcgyrend<\/p>\n","protected":false},"author":5,"featured_media":0,"parent":88293,"menu_order":4,"comment_status":"closed","ping_status":"closed","template":"","meta":{"_acf_changed":false,"footnotes":""},"categories":[],"tags":[],"class_list":["post-205088","page","type-page","status-publish","hentry"],"acf":[],"_links":{"self":[{"href":"https:\/\/univet.hu\/hu\/wp-json\/wp\/v2\/pages\/205088","targetHints":{"allow":["GET"]}}],"collection":[{"href":"https:\/\/univet.hu\/hu\/wp-json\/wp\/v2\/pages"}],"about":[{"href":"https:\/\/univet.hu\/hu\/wp-json\/wp\/v2\/types\/page"}],"author":[{"embeddable":true,"href":"https:\/\/univet.hu\/hu\/wp-json\/wp\/v2\/users\/5"}],"replies":[{"embeddable":true,"href":"https:\/\/univet.hu\/hu\/wp-json\/wp\/v2\/comments?post=205088"}],"version-history":[{"count":3,"href":"https:\/\/univet.hu\/hu\/wp-json\/wp\/v2\/pages\/205088\/revisions"}],"predecessor-version":[{"id":205097,"href":"https:\/\/univet.hu\/hu\/wp-json\/wp\/v2\/pages\/205088\/revisions\/205097"}],"up":[{"embeddable":true,"href":"https:\/\/univet.hu\/hu\/wp-json\/wp\/v2\/pages\/88293"}],"wp:attachment":[{"href":"https:\/\/univet.hu\/hu\/wp-json\/wp\/v2\/media?parent=205088"}],"wp:term":[{"taxonomy":"category","embeddable":true,"href":"https:\/\/univet.hu\/hu\/wp-json\/wp\/v2\/categories?post=205088"},{"taxonomy":"post_tag","embeddable":true,"href":"https:\/\/univet.hu\/hu\/wp-json\/wp\/v2\/tags?post=205088"}],"curies":[{"name":"wp","href":"https:\/\/api.w.org\/{rel}","templated":true}]}}