{"id":205552,"date":"2026-04-20T14:31:59","date_gmt":"2026-04-20T12:31:59","guid":{"rendered":"https:\/\/univet.hu\/hu\/egyetem\/palyazati-projektek\/nkfih-palyazatok\/ekop\/ekop-2\/ekop-2026-2027\/"},"modified":"2026-04-20T16:11:39","modified_gmt":"2026-04-20T14:11:39","slug":"ekop-2026-27","status":"publish","type":"page","link":"https:\/\/univet.hu\/hu\/egyetem\/palyazati-projektek\/nkfih-palyazatok\/ekop\/ekop-2\/ekop-2026-27\/","title":{"rendered":"EK\u00d6P 2026\/27"},"content":{"rendered":"<p><span style=\"font-size: 14pt\"><strong>P\u00e1ly\u00e1zati felh\u00edv\u00e1s a 2026\/27-es tan\u00e9vre:<\/strong><\/span><\/p> <h5><span style=\"font-size: 14pt\">P\u00e1ly\u00e1zat beny\u00fajt\u00e1si hat\u00e1rid\u0151: 2026. j\u00fanius 1. <strong>\u00a0<\/strong><\/span><\/h5> <p>Gyakran ism\u00e9telt k\u00e9rd\u00e9sek &#8211; <a href=\"https:\/\/univet.hu\/hu\/egyetem\/palyazati-projektek\/nkfih-palyazatok\/ekop\/ekop-2\/ekop-2026-27\/ekop_gyik_2026\/\" rel=\"attachment wp-att-205597\">EK\u00d6P-GYIK 2026<\/a>\u00a0(folyamatosan friss\u00fcl)<\/p> <table style=\"border-collapse: collapse;width: 100%\"> <tbody> <tr> <td style=\"width: 50%;text-align: center\">EGYETEMI KUTAT\u00d3I \u00d6SZT\u00d6ND\u00cdJ PROGRAM (EK\u00d6P-26)<\/td> <td style=\"width: 50%;text-align: center\">K\u00d6ZZ\u00c9T\u00c9VE<\/td> <\/tr> <tr> <td style=\"width: 50%;text-align: center\"><span style=\"font-size: 14pt\"><a href=\"https:\/\/univet.hu\/hu\/egyetem\/palyazati-projektek\/nkfih-palyazatok\/ekop\/ekop-2\/ekop-2026-27\/00_ekop_palyazati_felhivas_2026\/\" rel=\"attachment wp-att-205572\">P\u00e1ly\u00e1zati felh\u00edv\u00e1s \u2013EK\u00d6P p\u00e1ly\u00e1zati felh\u00edv\u00e1s 2026 <\/a><\/span><\/td> <td style=\"width: 50%;text-align: center\">2026.04.20.<\/td> <\/tr> <\/tbody> <\/table> <p>&nbsp;<\/p> <table style=\"border-collapse: collapse;width: 100%;height: 352px\"> <tbody> <tr style=\"height: 24px\"> <td style=\"width: 50.4954%;height: 24px;text-align: center\"> <h5>P\u00e1ly\u00e1zati dokumentumok:<\/h5> <\/td> <td style=\"width: 70.4113%;height: 24px;text-align: center\">K\u00d6ZZ\u00c9T\u00c9VE<\/td> <\/tr> <tr style=\"height: 47px\"> <td style=\"width: 50.4954%;height: 47px;text-align: left\">1. sz. mell\u00e9klet: <a href=\"https:\/\/univet.hu\/hu\/egyetem\/palyazati-projektek\/nkfih-palyazatok\/ekop\/ekop-2\/ekop-2026-27\/1_sz_melleklet_tamogatott_kepzesek_2026\/\" rel=\"attachment wp-att-205575\">T\u00e1mogatott k\u00e9pz\u00e9sek\/\u00f6sszegek<\/a><\/td> <td style=\"width: 70.4113%;height: 47px;text-align: center\">2026.04.20.<\/td> <\/tr> <tr style=\"height: 45px\"> <td style=\"width: 50.4954%;height: 45px;text-align: left\">2. sz. mell\u00e9klet: <a href=\"https:\/\/univet.hu\/hu\/egyetem\/palyazati-projektek\/nkfih-palyazatok\/ekop\/ekop-2\/ekop-2026-27\/2_sz_melleklet_kutatasi_terv_2026\/\" rel=\"attachment wp-att-205578\">Kutat\u00e1si terv<\/a><\/td> <td style=\"width: 70.4113%;height: 45px;text-align: center\">2026.04.20.<\/td> <\/tr> <tr style=\"height: 44px\"> <td style=\"width: 50.4954%;height: 44px;text-align: left\">3. sz. mell\u00e9klet: <a href=\"https:\/\/univet.hu\/hu\/egyetem\/palyazati-projektek\/nkfih-palyazatok\/ekop\/ekop-2\/ekop-2026-27\/3_sz_melleklet_palyazati_adatlap_2026\/\" rel=\"attachment wp-att-205581\">P\u00e1ly\u00e1zati adatlap<\/a><\/td> <td style=\"width: 70.4113%;height: 44px;text-align: center\">2026.04.20.<\/td> <\/tr> <tr style=\"height: 44px\"> <td style=\"width: 50.4954%;height: 44px;text-align: left\">4. sz. mell\u00e9klet: <a href=\"https:\/\/univet.hu\/hu\/egyetem\/palyazati-projektek\/nkfih-palyazatok\/ekop\/ekop-2\/ekop-2026-27\/4_sz_melleklet_palyazoi_nyilatkozat_2026\/\" rel=\"attachment wp-att-205584\">P\u00e1ly\u00e1z\u00f3i nyilatkozat<\/a><\/td> <td style=\"width: 70.4113%;height: 44px;text-align: center\">2026.04.20.<\/td> <\/tr> <tr style=\"height: 45px\"> <td style=\"width: 50.4954%;height: 45px;text-align: left\">5. sz. mell\u00e9klet: <a href=\"https:\/\/univet.hu\/hu\/egyetem\/palyazati-projektek\/nkfih-palyazatok\/ekop\/ekop-2\/ekop-2026-27\/5_sz_melleklet_temavezetoi_tanszeki_ajanlas_2026\/\" rel=\"attachment wp-att-205587\">T\u00e9mavezet\u0151i\/Tansz\u00e9kvezet\u0151i aj\u00e1nl\u00e1s<\/a><\/td> <td style=\"width: 70.4113%;height: 45px;text-align: center\">2026.04.20.<\/td> <\/tr> <tr style=\"height: 49px\"> <td style=\"width: 50.4954%;height: 49px;text-align: left\">7. sz. mell\u00e9klet: <a href=\"https:\/\/univet.hu\/hu\/egyetem\/palyazati-projektek\/nkfih-palyazatok\/ekop\/ekop-2\/ekop-2026-27\/7_sz_melleklet_biralati_szempontok_2026\/\" rel=\"attachment wp-att-205590\">B\u00edr\u00e1lati szempontok<\/a><\/td> <td style=\"width: 70.4113%;height: 49px;text-align: center\">2026.04.20.<\/td> <\/tr> <tr style=\"height: 54px\"> <td style=\"width: 50.4954%;height: 54px;text-align: left\">9. sz. mell\u00e9klet: <a href=\"https:\/\/univet.hu\/hu\/egyetem\/palyazati-projektek\/nkfih-palyazatok\/ekop\/ekop-2\/ekop-2026-27\/9_sz_melleklet_tudomanyagi_besorolas_2026\/\" rel=\"attachment wp-att-205593\">Tudom\u00e1ny\u00e1gi besorol\u00e1s<\/a><\/td> <td style=\"width: 70.4113%;height: 54px;text-align: center\">2026.04.20.<\/td> <\/tr> <\/tbody> <\/table> <p>&nbsp;<\/p> <p>&nbsp;<\/p> <p><a href=\"https:\/\/univet.hu\/en\/egyetem\/palyazati-projektek\/nkfih-palyazatok\/ekop\/ekop\/ekop-logo-rgb-vertical_0003_color_palyazati-felhivas\/\" rel=\"attachment wp-att-100805\"><img loading=\"lazy\" decoding=\"async\" class=\"wp-image-100805 alignnone\" src=\"https:\/\/univet.hu\/wp-content\/uploads\/2024\/06\/ekop-logo-rgb-vertical_0003_color_p\u00e1ly\u00e1zati-felh\u00edv\u00e1s-802x960.png\" alt=\"\" width=\"122\" height=\"146\" srcset=\"https:\/\/univet.hu\/wp-content\/uploads\/2024\/06\/ekop-logo-rgb-vertical_0003_color_p\u00e1ly\u00e1zati-felh\u00edv\u00e1s-802x960.png 802w, https:\/\/univet.hu\/wp-content\/uploads\/2024\/06\/ekop-logo-rgb-vertical_0003_color_p\u00e1ly\u00e1zati-felh\u00edv\u00e1s-267x320.png 267w, https:\/\/univet.hu\/wp-content\/uploads\/2024\/06\/ekop-logo-rgb-vertical_0003_color_p\u00e1ly\u00e1zati-felh\u00edv\u00e1s-768x919.png 768w, https:\/\/univet.hu\/wp-content\/uploads\/2024\/06\/ekop-logo-rgb-vertical_0003_color_p\u00e1ly\u00e1zati-felh\u00edv\u00e1s.png 1772w\" sizes=\"auto, (max-width: 122px) 100vw, 122px\" \/><\/a><\/p> <h5><\/h5> <h5>EK\u00d6P \u00fcgyint\u00e9z\u0151:<\/h5> <p>Udvarias Csilla<br \/> P\u00e9nz\u00fcgyi, Kontrolling \u00e9s P\u00e1ly\u00e1zati Oszt\u00e1ly<\/p> <p><a class=\"decrypt\" rel=\"flpqAvojwfu\/iv\">[E-mail megjelen\u00edt\u00e9se]<\/a><\/p> <p>&nbsp;<\/p>","protected":false},"excerpt":{"rendered":"<p>P\u00e1ly\u00e1zati felh\u00edv\u00e1s a 2026\/27-es tan\u00e9vre: P\u00e1ly\u00e1zat beny\u00fajt\u00e1si hat\u00e1rid\u0151: 2026. j\u00fanius 1. \u00a0 Gyakran ism\u00e9telt k\u00e9rd\u00e9sek &#8211; EK\u00d6P-GYIK 2026\u00a0(folyamatosan friss\u00fcl) EGYETEMI KUTAT\u00d3I \u00d6SZT\u00d6ND\u00cdJ PROGRAM (EK\u00d6P-26) K\u00d6ZZ\u00c9T\u00c9VE P\u00e1ly\u00e1zati felh\u00edv\u00e1s \u2013EK\u00d6P p\u00e1ly\u00e1zati felh\u00edv\u00e1s 2026 2026.04.20. &nbsp; P\u00e1ly\u00e1zati dokumentumok: K\u00d6ZZ\u00c9T\u00c9VE 1. sz. mell\u00e9klet: T\u00e1mogatott k\u00e9pz\u00e9sek\/\u00f6sszegek 2026.04.20. 2. sz. mell\u00e9klet: Kutat\u00e1si terv 2026.04.20. 3. sz. mell\u00e9klet: P\u00e1ly\u00e1zati adatlap 2026.04.20. 4.<\/p>\n","protected":false},"author":2572,"featured_media":0,"parent":181723,"menu_order":0,"comment_status":"open","ping_status":"open","template":"","meta":{"_acf_changed":false,"footnotes":""},"categories":[],"tags":[],"class_list":["post-205552","page","type-page","status-publish","hentry"],"acf":[],"_links":{"self":[{"href":"https:\/\/univet.hu\/hu\/wp-json\/wp\/v2\/pages\/205552","targetHints":{"allow":["GET"]}}],"collection":[{"href":"https:\/\/univet.hu\/hu\/wp-json\/wp\/v2\/pages"}],"about":[{"href":"https:\/\/univet.hu\/hu\/wp-json\/wp\/v2\/types\/page"}],"author":[{"embeddable":true,"href":"https:\/\/univet.hu\/hu\/wp-json\/wp\/v2\/users\/2572"}],"replies":[{"embeddable":true,"href":"https:\/\/univet.hu\/hu\/wp-json\/wp\/v2\/comments?post=205552"}],"version-history":[{"count":5,"href":"https:\/\/univet.hu\/hu\/wp-json\/wp\/v2\/pages\/205552\/revisions"}],"predecessor-version":[{"id":205602,"href":"https:\/\/univet.hu\/hu\/wp-json\/wp\/v2\/pages\/205552\/revisions\/205602"}],"up":[{"embeddable":true,"href":"https:\/\/univet.hu\/hu\/wp-json\/wp\/v2\/pages\/181723"}],"wp:attachment":[{"href":"https:\/\/univet.hu\/hu\/wp-json\/wp\/v2\/media?parent=205552"}],"wp:term":[{"taxonomy":"category","embeddable":true,"href":"https:\/\/univet.hu\/hu\/wp-json\/wp\/v2\/categories?post=205552"},{"taxonomy":"post_tag","embeddable":true,"href":"https:\/\/univet.hu\/hu\/wp-json\/wp\/v2\/tags?post=205552"}],"curies":[{"name":"wp","href":"https:\/\/api.w.org\/{rel}","templated":true}]}}