{"id":206449,"date":"2026-04-28T12:08:19","date_gmt":"2026-04-28T10:08:19","guid":{"rendered":"https:\/\/univet.hu\/hu\/egyetem\/szervezeti-egysegek\/elelmiszerlanc-tudomanyi-intezet\/new_child_page\/"},"modified":"2026-04-28T12:37:22","modified_gmt":"2026-04-28T10:37:22","slug":"konzultacios-orak","status":"publish","type":"page","link":"https:\/\/univet.hu\/hu\/egyetem\/szervezeti-egysegek\/elelmiszerlanc-tudomanyi-intezet\/konzultacios-orak\/","title":{"rendered":"Konzult\u00e1ci\u00f3s \u00f3r\u00e1k"},"content":{"rendered":"<p style=\"text-align: center\"><strong>2025\/2026 II. f\u00e9l\u00e9v (10. szemeszter)<\/strong><\/p> <p>&nbsp;<\/p> <table style=\"width: 91.1232%\" width=\"715\"> <tbody> <tr> <td style=\"width: 3.20334%\" width=\"21\"><strong>\u00a0<\/strong><\/td> <td style=\"width: 35.9331%\" width=\"270\"> <p><strong>Dr. S\u00fcth Mikl\u00f3s<\/strong><\/p> <p>int\u00e9zetvezet\u0151, tansz\u00e9kvezet\u0151<\/p> <p>egyetemi docens<\/td> <td style=\"width: 29.3872%\" width=\"208\"><a class=\"decrypt\" rel=\"tvui\/njlmptAvojwfu\/iv\" href=\"javascript:void(0);\">[Kattintson az emailc\u00edmhez]<\/a><\/td> <td style=\"width: 12.9526%\" width=\"94\">szerda<\/td> <td style=\"width: 91.3649%\" width=\"121\">10<sup>15<\/sup>-11<sup>00<\/sup><\/td> <\/tr> <tr> <td style=\"width: 3.20334%\" width=\"21\"><strong>\u00a0<\/strong><\/td> <td style=\"width: 35.9331%\" width=\"270\"> <p><strong>Dr. Kocsner Tibor<\/strong><\/p> <p>mesteroktat\u00f3<\/td> <td style=\"width: 29.3872%\" width=\"208\"><a class=\"decrypt\" rel=\"lpdtofs\/ujcpsAvojwfu\/iv\" href=\"javascript:void(0);\">[Kattintson az emailc\u00edmhez]<\/a><\/td> <td style=\"width: 12.9526%\" width=\"94\">szerda<\/td> <td style=\"width: 91.3649%\" width=\"121\">9<sup>15<\/sup>-10<sup>00<\/sup><\/td> <\/tr> <tr> <td style=\"width: 3.20334%\" width=\"21\"><strong>\u00a0<\/strong><\/td> <td style=\"width: 35.9331%\" width=\"270\"> <p><strong>Dr. Nagy Attila<\/strong><\/p> <p>\u00e1llatorvos<\/td> <td style=\"width: 29.3872%\" width=\"208\"><a class=\"decrypt\" rel=\"obhz\/buujmb\/mbt{mpAvojwfu\/iv\" href=\"javascript:void(0);\">[Kattintson az emailc\u00edmhez]<\/a><\/td> <td style=\"width: 12.9526%\" width=\"94\">kedd<\/td> <td style=\"width: 91.3649%\" width=\"121\">9<sup>15<\/sup>-10<sup>00<\/sup><\/td> <\/tr> <tr> <td style=\"width: 3.20334%\" width=\"21\"><strong>\u00a0<\/strong><\/td> <td style=\"width: 35.9331%\" width=\"270\"> <p><strong>Dr. J\u00f3zwiak \u00c1kos<\/strong><\/p> <p>igazgat\u00f3helyettes<\/td> <td style=\"width: 29.3872%\" width=\"208\"><a class=\"decrypt\" rel=\"kp{xjbl\/blptAvojwfu\/iv\" href=\"javascript:void(0);\">[Kattintson az emailc\u00edmhez]<\/a><\/td> <td style=\"width: 12.9526%\" width=\"94\">kedd<\/td> <td style=\"width: 91.3649%\" width=\"121\">8<sup>15<\/sup>-9<sup>00<\/sup><\/td> <\/tr> <\/tbody> <\/table> <p><\/p>","protected":false},"excerpt":{"rendered":"<p>2025\/2026 II. f\u00e9l\u00e9v (10. szemeszter) &nbsp; \u00a0 Dr. S\u00fcth Mikl\u00f3s int\u00e9zetvezet\u0151, tansz\u00e9kvezet\u0151 egyetemi docens [Kattintson az emailc\u00edmhez] szerda 1015-1100 \u00a0 Dr. Kocsner Tibor mesteroktat\u00f3 [Kattintson az emailc\u00edmhez] szerda 915-1000 \u00a0 Dr. Nagy Attila \u00e1llatorvos [Kattintson az emailc\u00edmhez] kedd 915-1000 \u00a0 Dr. J\u00f3zwiak \u00c1kos igazgat\u00f3helyettes [Kattintson az emailc\u00edmhez] kedd 815-900<\/p>\n","protected":false},"author":3837,"featured_media":0,"parent":88293,"menu_order":6,"comment_status":"open","ping_status":"closed","template":"","meta":{"_acf_changed":false,"footnotes":""},"categories":[],"tags":[],"class_list":["post-206449","page","type-page","status-publish","hentry"],"acf":[],"_links":{"self":[{"href":"https:\/\/univet.hu\/hu\/wp-json\/wp\/v2\/pages\/206449","targetHints":{"allow":["GET"]}}],"collection":[{"href":"https:\/\/univet.hu\/hu\/wp-json\/wp\/v2\/pages"}],"about":[{"href":"https:\/\/univet.hu\/hu\/wp-json\/wp\/v2\/types\/page"}],"author":[{"embeddable":true,"href":"https:\/\/univet.hu\/hu\/wp-json\/wp\/v2\/users\/3837"}],"replies":[{"embeddable":true,"href":"https:\/\/univet.hu\/hu\/wp-json\/wp\/v2\/comments?post=206449"}],"version-history":[{"count":3,"href":"https:\/\/univet.hu\/hu\/wp-json\/wp\/v2\/pages\/206449\/revisions"}],"predecessor-version":[{"id":206457,"href":"https:\/\/univet.hu\/hu\/wp-json\/wp\/v2\/pages\/206449\/revisions\/206457"}],"up":[{"embeddable":true,"href":"https:\/\/univet.hu\/hu\/wp-json\/wp\/v2\/pages\/88293"}],"wp:attachment":[{"href":"https:\/\/univet.hu\/hu\/wp-json\/wp\/v2\/media?parent=206449"}],"wp:term":[{"taxonomy":"category","embeddable":true,"href":"https:\/\/univet.hu\/hu\/wp-json\/wp\/v2\/categories?post=206449"},{"taxonomy":"post_tag","embeddable":true,"href":"https:\/\/univet.hu\/hu\/wp-json\/wp\/v2\/tags?post=206449"}],"curies":[{"name":"wp","href":"https:\/\/api.w.org\/{rel}","templated":true}]}}