{"id":206637,"date":"2026-05-06T12:12:37","date_gmt":"2026-05-06T10:12:37","guid":{"rendered":"https:\/\/univet.hu\/hu\/egyetem\/szervezeti-egysegek\/elelmiszerlanc-tudomanyi-intezet\/tanszekek\/elelmiszerlanc-laboratorium-centrum\/new_child_page\/"},"modified":"2026-05-06T12:40:10","modified_gmt":"2026-05-06T10:40:10","slug":"kutatas","status":"publish","type":"page","link":"https:\/\/univet.hu\/hu\/egyetem\/szervezeti-egysegek\/elelmiszerlanc-tudomanyi-intezet\/tanszekek\/elelmiszerlanc-laboratorium-centrum\/kutatas\/","title":{"rendered":"Kutat\u00e1s"},"content":{"rendered":"<blockquote class=\"wp-embedded-content\" data-secret=\"chSE4d5b6I\"><p><a href=\"https:\/\/univet.hu\/hu\/kutatas\/kutatocsoportok\/elelmiszer-mikrobiologiai-kutatocsoport\/\">\u00c9lelmiszer-Mikrobiol\u00f3giai Kutat\u00f3csoport<\/a><\/p><\/blockquote> <p><iframe loading=\"lazy\" class=\"wp-embedded-content\" sandbox=\"allow-scripts\" security=\"restricted\" style=\"position: absolute; visibility: hidden;\" title=\"&#8220;\u00c9lelmiszer-Mikrobiol\u00f3giai Kutat\u00f3csoport&#8221; &#8212; \u00c1llatorvostudom\u00e1nyi Egyetem Budapest\" src=\"https:\/\/univet.hu\/hu\/kutatas\/kutatocsoportok\/elelmiszer-mikrobiologiai-kutatocsoport\/embed\/#?secret=TiJEA1i76M#?secret=chSE4d5b6I\" data-secret=\"chSE4d5b6I\" width=\"600\" height=\"338\" frameborder=\"0\" marginwidth=\"0\" marginheight=\"0\" scrolling=\"no\"><\/iframe><\/p>","protected":false},"excerpt":{"rendered":"<p>\u00c9lelmiszer-Mikrobiol\u00f3giai Kutat\u00f3csoport<\/p>\n","protected":false},"author":363,"featured_media":0,"parent":201115,"menu_order":0,"comment_status":"open","ping_status":"open","template":"","meta":{"_acf_changed":false,"footnotes":""},"categories":[],"tags":[],"class_list":["post-206637","page","type-page","status-publish","hentry"],"acf":[],"_links":{"self":[{"href":"https:\/\/univet.hu\/hu\/wp-json\/wp\/v2\/pages\/206637","targetHints":{"allow":["GET"]}}],"collection":[{"href":"https:\/\/univet.hu\/hu\/wp-json\/wp\/v2\/pages"}],"about":[{"href":"https:\/\/univet.hu\/hu\/wp-json\/wp\/v2\/types\/page"}],"author":[{"embeddable":true,"href":"https:\/\/univet.hu\/hu\/wp-json\/wp\/v2\/users\/363"}],"replies":[{"embeddable":true,"href":"https:\/\/univet.hu\/hu\/wp-json\/wp\/v2\/comments?post=206637"}],"version-history":[{"count":2,"href":"https:\/\/univet.hu\/hu\/wp-json\/wp\/v2\/pages\/206637\/revisions"}],"predecessor-version":[{"id":206639,"href":"https:\/\/univet.hu\/hu\/wp-json\/wp\/v2\/pages\/206637\/revisions\/206639"}],"up":[{"embeddable":true,"href":"https:\/\/univet.hu\/hu\/wp-json\/wp\/v2\/pages\/201115"}],"wp:attachment":[{"href":"https:\/\/univet.hu\/hu\/wp-json\/wp\/v2\/media?parent=206637"}],"wp:term":[{"taxonomy":"category","embeddable":true,"href":"https:\/\/univet.hu\/hu\/wp-json\/wp\/v2\/categories?post=206637"},{"taxonomy":"post_tag","embeddable":true,"href":"https:\/\/univet.hu\/hu\/wp-json\/wp\/v2\/tags?post=206637"}],"curies":[{"name":"wp","href":"https:\/\/api.w.org\/{rel}","templated":true}]}}