{"id":206654,"date":"2026-05-06T16:16:34","date_gmt":"2026-05-06T14:16:34","guid":{"rendered":"https:\/\/univet.hu\/hu\/oktatas\/tanulmanyi-osztaly\/allasajanlatok\/new_child_page-2\/"},"modified":"2026-05-06T17:04:51","modified_gmt":"2026-05-06T15:04:51","slug":"nebih-allategeszsegugyi-diagnosztikai-laboratorium-debrecen","status":"publish","type":"page","link":"https:\/\/univet.hu\/hu\/oktatas\/tanulmanyi-osztaly\/allasajanlatok\/nebih-allategeszsegugyi-diagnosztikai-laboratorium-debrecen\/","title":{"rendered":"N\u00c9BIH -\u00c1llateg\u00e9szs\u00e9g\u00fcgyi Diagnosztikai Laborat\u00f3rium, Debrecen"},"content":{"rendered":"<p>2026.05.06<\/p> <p>&nbsp;<\/p> <p><strong>N\u00c9BIH -\u00c1llateg\u00e9szs\u00e9g\u00fcgyi Diagnosztikai Laborat\u00f3rium, Debrecen \u2013 Laborat\u00f3riumi \u00c1llatorvos \u2013 Baromfi k\u00f3rbonctan<\/strong><\/p> <p><strong>R\u00f3lunk<\/strong><\/p> <ul> <li>A N\u00c9BIH-\u00c1DI laborat\u00f3riumaiban els\u0151sorban a j\u00e1rv\u00e1nyos \u00e1llatbetegs\u00e9gek vizsg\u00e1lata, a jogszab\u00e1lyok \u00e1ltal k\u00f6telez\u0151en el\u0151\u00edrt vizsg\u00e1latok, tov\u00e1bb\u00e1 az egyedi, vagy \u00e1llom\u00e1nyszint\u0171 diagnosztikai munka zajlik.<\/li> <li>A debreceni telephely kiv\u00e1l\u00f3 lehet\u0151s\u00e9get biztos\u00edt a laborat\u00f3riumi szakmai tapasztalatszerz\u00e9sre, a magas esetsz\u00e1m \u00e9s a stabil \u00fcgyf\u00e9lk\u00f6r miatt.<\/li> <\/ul> <p><strong>A poz\u00edci\u00f3r\u00f3l<\/strong><\/p> <ul> <li>Ebben a poz\u00edci\u00f3ban a f\u0151 feladatk\u00f6r\u00f6k a k\u00f6vetkez\u0151k: k\u00f3rbonctani, k\u00f3rsz\u00f6vettani, mikrobiol\u00f3giai, valamint parazitol\u00f3giai vizsg\u00e1latok elv\u00e9gz\u00e9se, valamint a virol\u00f3giai vizsg\u00e1latok ir\u00e1ny\u00e1nak meghat\u00e1roz\u00e1sa, virol\u00f3giai mintav\u00e9telez\u00e9s.<\/li> <li>Ezt k\u00f6vet\u0151en zajlik az eredm\u00e9nyek \u00e9rt\u00e9kel\u00e9se, \u00f6sszegz\u00e9se \u00e9s az elk\u00e9sz\u00fclt eredm\u00e9ny k\u00f6zl\u00e9se.<\/li> <li>Fontos feladat tov\u00e1bb\u00e1 az eredm\u00e9nyekkel kapcsolatban a bek\u00fcld\u0151 \u00e1llattart\u00f3kkal, \u00e1llatorvosokkal val\u00f3 kapcsolattart\u00e1s, konzult\u00e1ci\u00f3.<\/li> <\/ul> <p><strong>T\u00e9ged keres\u00fcnk, ha<\/strong><\/p> <ul> <li>\u00c9rdekelnek a madarak k\u00f3rk\u00e9pei \u00e9s\/vagy tapasztalt vagy a baromfi betegs\u00e9gekben<\/li> <li>Jobban kedveled a kis csoportban v\u00e9gzett munk\u00e1t, mint az \u00fcgyfelek sokas\u00e1g\u00e1t \u00e9s a folyamatos \u00fcgyf\u00e9l-kommunik\u00e1ci\u00f3t<\/li> <li>Kedveled a laborat\u00f3riumi k\u00f6rnyezetet, m\u00f3dszereket<\/li> <li>Motiv\u00e1l a szakm\u00e1n bel\u00fcli folyamatos fejl\u0151d\u00e9s<\/li> <li>J\u00f3l toler\u00e1lod a monotonit\u00e1st<\/li> <\/ul> <p><strong>El\u0151nyt jelent<\/strong><\/p> <ul> <li>Kor\u00e1bbi baromfieg\u00e9szs\u00e9g\u00fcgyi tapasztalat<\/li> <li>Megel\u0151z\u0151 laborat\u00f3riumi tapasztalat<\/li> <\/ul> <p><strong>Munkav\u00e9gz\u00e9s helye<\/strong><\/p> <ul> <li>4031 Debrecen, Bornemissza utca 3-7.<\/li> <\/ul> <p><strong>Jelentkez\u00e9s \u00e9s tov\u00e1bbi r\u00e9szletek<\/strong><\/p> <ul> <li>Dr. F\u00e9zer Brigitta oszt\u00e1lyvezet\u0151n\u00e9l, telefonon, e-mailben, vagy chat \u00fczenetben<\/li> <\/ul> <p><a class=\"decrypt\" rel=\"Gf{fsCAofcji\/hpw\/iv\" href=\"javascript:void(0);\">[Kattintson az emailc\u00edmhez]<\/a>, +36308877142<\/p> <p>&nbsp;<\/p>","protected":false},"excerpt":{"rendered":"<p>2026.05.06 &nbsp; N\u00c9BIH -\u00c1llateg\u00e9szs\u00e9g\u00fcgyi Diagnosztikai Laborat\u00f3rium, Debrecen \u2013 Laborat\u00f3riumi \u00c1llatorvos \u2013 Baromfi k\u00f3rbonctan R\u00f3lunk A N\u00c9BIH-\u00c1DI laborat\u00f3riumaiban els\u0151sorban a j\u00e1rv\u00e1nyos \u00e1llatbetegs\u00e9gek vizsg\u00e1lata, a jogszab\u00e1lyok \u00e1ltal k\u00f6telez\u0151en el\u0151\u00edrt vizsg\u00e1latok, tov\u00e1bb\u00e1 az egyedi, vagy \u00e1llom\u00e1nyszint\u0171 diagnosztikai munka zajlik. A debreceni telephely kiv\u00e1l\u00f3 lehet\u0151s\u00e9get biztos\u00edt a laborat\u00f3riumi szakmai tapasztalatszerz\u00e9sre, a magas esetsz\u00e1m \u00e9s a stabil \u00fcgyf\u00e9lk\u00f6r miatt. A<\/p>\n","protected":false},"author":5795,"featured_media":0,"parent":26415,"menu_order":0,"comment_status":"open","ping_status":"open","template":"","meta":{"_acf_changed":false,"footnotes":""},"categories":[],"tags":[],"class_list":["post-206654","page","type-page","status-publish","hentry"],"acf":[],"_links":{"self":[{"href":"https:\/\/univet.hu\/hu\/wp-json\/wp\/v2\/pages\/206654","targetHints":{"allow":["GET"]}}],"collection":[{"href":"https:\/\/univet.hu\/hu\/wp-json\/wp\/v2\/pages"}],"about":[{"href":"https:\/\/univet.hu\/hu\/wp-json\/wp\/v2\/types\/page"}],"author":[{"embeddable":true,"href":"https:\/\/univet.hu\/hu\/wp-json\/wp\/v2\/users\/5795"}],"replies":[{"embeddable":true,"href":"https:\/\/univet.hu\/hu\/wp-json\/wp\/v2\/comments?post=206654"}],"version-history":[{"count":1,"href":"https:\/\/univet.hu\/hu\/wp-json\/wp\/v2\/pages\/206654\/revisions"}],"predecessor-version":[{"id":206655,"href":"https:\/\/univet.hu\/hu\/wp-json\/wp\/v2\/pages\/206654\/revisions\/206655"}],"up":[{"embeddable":true,"href":"https:\/\/univet.hu\/hu\/wp-json\/wp\/v2\/pages\/26415"}],"wp:attachment":[{"href":"https:\/\/univet.hu\/hu\/wp-json\/wp\/v2\/media?parent=206654"}],"wp:term":[{"taxonomy":"category","embeddable":true,"href":"https:\/\/univet.hu\/hu\/wp-json\/wp\/v2\/categories?post=206654"},{"taxonomy":"post_tag","embeddable":true,"href":"https:\/\/univet.hu\/hu\/wp-json\/wp\/v2\/tags?post=206654"}],"curies":[{"name":"wp","href":"https:\/\/api.w.org\/{rel}","templated":true}]}}