{"id":206847,"date":"2026-05-11T11:41:09","date_gmt":"2026-05-11T09:41:09","guid":{"rendered":"https:\/\/univet.hu\/?page_id=206847"},"modified":"2026-05-11T11:43:12","modified_gmt":"2026-05-11T09:43:12","slug":"dr-vincze-zoltan-2","status":"publish","type":"page","link":"https:\/\/univet.hu\/hu\/egyetem\/munkatarsak\/dr-vincze-zoltan-2\/","title":{"rendered":"Vincze Zolt\u00e1n"},"content":{"rendered":"<p data-start=\"41\" data-end=\"54\"><strong data-start=\"41\" data-end=\"54\">Bemutat\u00e1s<\/strong><\/p> <p data-start=\"56\" data-end=\"80\"><strong data-start=\"56\" data-end=\"80\">Iskolai tanulm\u00e1nyok:<\/strong><\/p> <ul data-start=\"82\" data-end=\"360\"> <li data-section-id=\"fqu6l4\" data-start=\"82\" data-end=\"163\"><span class=\"hover:entity-accent entity-underline inline cursor-pointer align-baseline\"><span class=\"whitespace-normal\">\u00c1llatorvostudom\u00e1nyi Egyetem<\/span><\/span>, 1999-ben szerzett \u00e1llatorvosi diplom\u00e1t<\/li> <li data-section-id=\"1ka48cb\" data-start=\"164\" data-end=\"269\"><span class=\"hover:entity-accent entity-underline inline cursor-pointer align-baseline\"><span class=\"whitespace-normal\">Debreceni Egyetem Agr\u00e1rtudom\u00e1nyi Kara<\/span><\/span>, 2000-ben szerzett oklevelet, hal\u00e1szati m\u00e9rn\u00f6k szakk\u00e9pes\u00edt\u00e9ssel<\/li> <li data-section-id=\"tp7erz\" data-start=\"270\" data-end=\"360\"><span class=\"hover:entity-accent entity-underline inline cursor-pointer align-baseline\"><span class=\"whitespace-normal\">Szent Istv\u00e1n Egyetem \u00c1llatorvos-tudom\u00e1nyi Kara<\/span><\/span>, 2012-ben v\u00e9gzett, egzotikus \u00e1llatok szakir\u00e1nyon<\/li> <\/ul> <p data-start=\"362\" data-end=\"417\">Egzotikus \u00e9s vad\u00e1llatok gy\u00f3gy\u00e1szat\u00e1nak szak\u00e1llatorvosa.<\/p> <p data-start=\"419\" data-end=\"588\">2012-es szak\u00e1llatorvosi k\u00e9pes\u00edt\u00e9se megszerz\u00e9se \u00f3ta jelenleg doktorandusz a <span class=\"hover:entity-accent entity-underline inline cursor-pointer align-baseline\"><span class=\"whitespace-normal\">Szent Istv\u00e1n Egyetem<\/span><\/span> g\u00f6d\u00f6ll\u0151i kampusz\u00e1n, kutat\u00e1si t\u00e9m\u00e1ja a h\u00fcll\u0151k betegs\u00e9gei.<\/p> <hr data-start=\"590\" data-end=\"593\" \/> <p data-start=\"595\" data-end=\"610\"><strong data-start=\"595\" data-end=\"610\">Munkahelyek<\/strong><\/p> <ul data-start=\"612\" data-end=\"1054\"> <li data-section-id=\"1yt04os\" data-start=\"612\" data-end=\"656\">1999\u20132000: \u00c1llatorvosi \u00e1llom\u00e1s, Budapest<\/li> <li data-section-id=\"l69sy3\" data-start=\"657\" data-end=\"739\">2000\u20132003: Tropicarium-\u00d3cean\u00e1rium GmbH \u2013 szakmai vezet\u0151, kur\u00e1tor \u00e9s \u00e1llatorvos<\/li> <li data-section-id=\"3cshsj\" data-start=\"740\" data-end=\"856\">2003\u20132017: <span class=\"hover:entity-accent entity-underline inline cursor-pointer align-baseline\"><span class=\"whitespace-normal\">F\u0151v\u00e1rosi \u00c1llat- \u00e9s N\u00f6v\u00e9nykert<\/span><\/span> \u2013 P\u00e1lmah\u00e1z r\u00e9szlegvezet\u0151, helyettes r\u00e9szlegvezet\u0151, demonstr\u00e1tor<\/li> <li data-section-id=\"jgxq9u\" data-start=\"857\" data-end=\"884\">2017\u2013 : mag\u00e1n\u00e1llatorvos<\/li> <li data-section-id=\"y1u4jd\" data-start=\"885\" data-end=\"960\">2020\u20132021: <span class=\"hover:entity-accent entity-underline inline cursor-pointer align-baseline\"><span class=\"whitespace-normal\">Enviroduna GmbH<\/span><\/span> \u2013 \u00e1llatorvosi szak\u00e9rt\u0151<\/li> <li data-section-id=\"fzemxf\" data-start=\"961\" data-end=\"1054\">2023\u2013 : Egzotikus\u00e1llat-, Vad-, Hal- \u00e9s M\u00e9heg\u00e9szs\u00e9g\u00fcgyi Tansz\u00e9k, <span class=\"hover:entity-accent entity-underline inline cursor-pointer align-baseline\"><span class=\"whitespace-normal\">\u00c1llatorvostudom\u00e1nyi Egyetem<\/span><\/span><\/li> <\/ul>","protected":false},"excerpt":{"rendered":"<p>Bemutat\u00e1s Iskolai tanulm\u00e1nyok: \u00c1llatorvostudom\u00e1nyi Egyetem, 1999-ben szerzett \u00e1llatorvosi diplom\u00e1t Debreceni Egyetem Agr\u00e1rtudom\u00e1nyi Kara, 2000-ben szerzett oklevelet, hal\u00e1szati m\u00e9rn\u00f6k szakk\u00e9pes\u00edt\u00e9ssel Szent Istv\u00e1n Egyetem \u00c1llatorvos-tudom\u00e1nyi Kara, 2012-ben v\u00e9gzett, egzotikus \u00e1llatok szakir\u00e1nyon Egzotikus \u00e9s vad\u00e1llatok gy\u00f3gy\u00e1szat\u00e1nak szak\u00e1llatorvosa. 2012-es szak\u00e1llatorvosi k\u00e9pes\u00edt\u00e9se megszerz\u00e9se \u00f3ta jelenleg doktorandusz a Szent Istv\u00e1n Egyetem g\u00f6d\u00f6ll\u0151i kampusz\u00e1n, kutat\u00e1si t\u00e9m\u00e1ja a h\u00fcll\u0151k betegs\u00e9gei. Munkahelyek 1999\u20132000: \u00c1llatorvosi<\/p>\n","protected":false},"author":3009,"featured_media":0,"parent":858,"menu_order":0,"comment_status":"open","ping_status":"open","template":"","meta":{"_acf_changed":false,"footnotes":""},"categories":[],"tags":[],"class_list":["post-206847","page","type-page","status-publish","hentry"],"acf":[],"_links":{"self":[{"href":"https:\/\/univet.hu\/hu\/wp-json\/wp\/v2\/pages\/206847","targetHints":{"allow":["GET"]}}],"collection":[{"href":"https:\/\/univet.hu\/hu\/wp-json\/wp\/v2\/pages"}],"about":[{"href":"https:\/\/univet.hu\/hu\/wp-json\/wp\/v2\/types\/page"}],"author":[{"embeddable":true,"href":"https:\/\/univet.hu\/hu\/wp-json\/wp\/v2\/users\/3009"}],"replies":[{"embeddable":true,"href":"https:\/\/univet.hu\/hu\/wp-json\/wp\/v2\/comments?post=206847"}],"version-history":[{"count":1,"href":"https:\/\/univet.hu\/hu\/wp-json\/wp\/v2\/pages\/206847\/revisions"}],"predecessor-version":[{"id":206848,"href":"https:\/\/univet.hu\/hu\/wp-json\/wp\/v2\/pages\/206847\/revisions\/206848"}],"up":[{"embeddable":true,"href":"https:\/\/univet.hu\/hu\/wp-json\/wp\/v2\/pages\/858"}],"wp:attachment":[{"href":"https:\/\/univet.hu\/hu\/wp-json\/wp\/v2\/media?parent=206847"}],"wp:term":[{"taxonomy":"category","embeddable":true,"href":"https:\/\/univet.hu\/hu\/wp-json\/wp\/v2\/categories?post=206847"},{"taxonomy":"post_tag","embeddable":true,"href":"https:\/\/univet.hu\/hu\/wp-json\/wp\/v2\/tags?post=206847"}],"curies":[{"name":"wp","href":"https:\/\/api.w.org\/{rel}","templated":true}]}}