{"id":206850,"date":"2026-05-11T12:00:05","date_gmt":"2026-05-11T10:00:05","guid":{"rendered":"https:\/\/univet.hu\/hu\/egyetem\/munkatarsak\/new_staff_member\/"},"modified":"2026-05-11T12:00:05","modified_gmt":"2026-05-11T10:00:05","slug":"schober-mandula-virag","status":"publish","type":"page","link":"https:\/\/univet.hu\/hu\/egyetem\/munkatarsak\/schober-mandula-virag\/","title":{"rendered":"Sch\u00f3ber Mandula Vir\u00e1g"},"content":{"rendered":"<p>2022 Szeptember\u00e9ben kezdtem el du\u00e1lis k\u00e9pz\u00e9semet a Tierarztpraxis am Moritzbergben,<br \/> N\u00e9metorsz\u00e1gban, ahol 13 \u00e9vet \u00e9ltem. Ez a praxis egzotikus \u00e9s vad\u00e1llatok kezel\u00e9s\u00e9re<br \/> specializ\u00e1l\u00f3dott, de p\u00e1cienseik k\u00f6zt term\u00e9szetesen a h\u00e1zi- illetve haszon\u00e1llatk\u00e9nt tartott kis-<br \/> \u00e9s nagy\u00e1llatok is szerepelnek. Volt r\u00e9szem t\u00f6bbek k\u00f6z\u00f6tt tigris, h\u00f3d, tarajos s\u00fcl, legu\u00e1n,<br \/> axolotl \u00e9s ara papag\u00e1j kezel\u00e9s\u00e9ben is. Hamar \u00e9szrevettem hogy minden \u00e1llat<br \/> szenved\u00e9lyesen \u00e9rdekel, van egy k\u00fcl\u00f6n \u201cmunka\u201d mapp\u00e1m tele k\u00e9pekkel amit szeretn\u00e9k m\u00e9g<br \/> nagyon sok\u00e1ig b\u0151v\u00edteni.<\/p>","protected":false},"excerpt":{"rendered":"<p>2022 Szeptember\u00e9ben kezdtem el du\u00e1lis k\u00e9pz\u00e9semet a Tierarztpraxis am Moritzbergben, N\u00e9metorsz\u00e1gban, ahol 13 \u00e9vet \u00e9ltem. Ez a praxis egzotikus \u00e9s vad\u00e1llatok kezel\u00e9s\u00e9re specializ\u00e1l\u00f3dott, de p\u00e1cienseik k\u00f6zt term\u00e9szetesen a h\u00e1zi- illetve haszon\u00e1llatk\u00e9nt tartott kis- \u00e9s nagy\u00e1llatok is szerepelnek. Volt r\u00e9szem t\u00f6bbek k\u00f6z\u00f6tt tigris, h\u00f3d, tarajos s\u00fcl, legu\u00e1n, axolotl \u00e9s ara papag\u00e1j kezel\u00e9s\u00e9ben is. Hamar \u00e9szrevettem hogy<\/p>\n","protected":false},"author":3009,"featured_media":0,"parent":858,"menu_order":0,"comment_status":"open","ping_status":"open","template":"","meta":{"_acf_changed":false,"footnotes":""},"categories":[],"tags":[],"class_list":["post-206850","page","type-page","status-publish","hentry"],"acf":[],"_links":{"self":[{"href":"https:\/\/univet.hu\/hu\/wp-json\/wp\/v2\/pages\/206850","targetHints":{"allow":["GET"]}}],"collection":[{"href":"https:\/\/univet.hu\/hu\/wp-json\/wp\/v2\/pages"}],"about":[{"href":"https:\/\/univet.hu\/hu\/wp-json\/wp\/v2\/types\/page"}],"author":[{"embeddable":true,"href":"https:\/\/univet.hu\/hu\/wp-json\/wp\/v2\/users\/3009"}],"replies":[{"embeddable":true,"href":"https:\/\/univet.hu\/hu\/wp-json\/wp\/v2\/comments?post=206850"}],"version-history":[{"count":1,"href":"https:\/\/univet.hu\/hu\/wp-json\/wp\/v2\/pages\/206850\/revisions"}],"predecessor-version":[{"id":206896,"href":"https:\/\/univet.hu\/hu\/wp-json\/wp\/v2\/pages\/206850\/revisions\/206896"}],"up":[{"embeddable":true,"href":"https:\/\/univet.hu\/hu\/wp-json\/wp\/v2\/pages\/858"}],"wp:attachment":[{"href":"https:\/\/univet.hu\/hu\/wp-json\/wp\/v2\/media?parent=206850"}],"wp:term":[{"taxonomy":"category","embeddable":true,"href":"https:\/\/univet.hu\/hu\/wp-json\/wp\/v2\/categories?post=206850"},{"taxonomy":"post_tag","embeddable":true,"href":"https:\/\/univet.hu\/hu\/wp-json\/wp\/v2\/tags?post=206850"}],"curies":[{"name":"wp","href":"https:\/\/api.w.org\/{rel}","templated":true}]}}