{"id":2138,"date":"2018-08-29T08:19:00","date_gmt":"2018-04-10T12:21:36","guid":{"rendered":"http:\/\/univet.hu\/?page_id=2138"},"modified":"2026-04-10T12:01:24","modified_gmt":"2026-04-10T10:01:24","slug":"allaspalyazatok","status":"publish","type":"page","link":"https:\/\/univet.hu\/hu\/egyetem\/allaspalyazatok\/","title":{"rendered":"\u00c1ll\u00e1sp\u00e1ly\u00e1zatok"},"content":{"rendered":"<p><a href=\"https:\/\/univet.hu\/wp-content\/uploads\/2026\/03\/Boncmester-Patologiai-Tanszek-1.pdf\">Boncmester &#8211; Patol\u00f3giai Tansz\u00e9k<\/a><\/p> <p><a href=\"https:\/\/univet.hu\/wp-content\/uploads\/2026\/03\/Tanarseged-Kemiai-Tanszek-1.pdf\">Tan\u00e1rseg\u00e9d &#8211; K\u00e9miai Tansz\u00e9k<\/a><\/p> <p><a href=\"https:\/\/univet.hu\/wp-content\/uploads\/2026\/03\/Laborasszisztens-E\u0301lelmiszerla\u0301nc-Laborato\u0301rium-Centrum.pdf\">Laborasszisztens &#8211; E\u0301lelmiszerla\u0301nc Laborato\u0301rium Centrum<\/a><\/p> <p><a href=\"https:\/\/univet.hu\/wp-content\/uploads\/2026\/03\/Tanszeki-ugyintezo-Zoologia-Tanszek.pdf\">Tansz\u00e9ki \u00fcgyint\u00e9z\u0151 &#8211; Zool\u00f3gia Tansz\u00e9k<\/a><\/p> <p>&nbsp;<\/p> <p><a href=\"https:\/\/univet.hu\/wp-content\/uploads\/2026\/04\/Adjunktus-Allathigieniai-Allomanyegeszsegtani-Tanszek-es-Mobilklinika.pdf\">Adjunktus &#8211; \u00c1llathigi\u00e9niai, \u00c1llom\u00e1nyeg\u00e9szs\u00e9gtani Tansz\u00e9k \u00e9s Mobilklinika<\/a><\/p> <p><a href=\"https:\/\/univet.hu\/wp-content\/uploads\/2026\/04\/Tudomanyos-segedmunkatars-Allathigieniai-Allomanyegeszsegtani-Tanszek-es-Mobilklinika.pdf\">Tudom\u00e1nyos seg\u00e9dmunkat\u00e1rs &#8211; \u00c1llathigi\u00e9niai, \u00c1llom\u00e1nyeg\u00e9szs\u00e9gtani Tansz\u00e9k \u00e9s Mobilklinika<\/a><\/p> <p><a href=\"https:\/\/univet.hu\/wp-content\/uploads\/2026\/04\/Tanszekvezeto-Bioinformatikai-Kozpont.pdf\">Tansz\u00e9kvezet\u0151 &#8211; Bioinformatikai K\u00f6zpont<\/a><\/p> <p><a href=\"https:\/\/univet.hu\/wp-content\/uploads\/2026\/04\/Tanszekvezeto-Parazitologiai-es-Allattani-Tanszek.pdf\">Tansz\u00e9kvezet\u0151 &#8211; Parazitol\u00f3giai \u00e9s \u00c1llattani Tansz\u00e9k<\/a><\/p> <p><a href=\"https:\/\/univet.hu\/wp-content\/uploads\/2026\/04\/Tanszekvezeto-Patologiai-Tanszek.pdf\">Tansz\u00e9kvezet\u0151 &#8211; Patol\u00f3giai Tansz\u00e9k<\/a><\/p> <p><a href=\"https:\/\/univet.hu\/wp-content\/uploads\/2026\/04\/Egyetemi-docens-Szuleszeti-Tanszek-es-Haszonallat-gyogyaszati-Klinika.pdf\">Egyetemi docens &#8211; Sz\u00fcl\u00e9szeti Tansz\u00e9k \u00e9s Haszon\u00e1llat-gy\u00f3gy\u00e1szati Klinika<\/a><\/p> <p><a href=\"https:\/\/univet.hu\/wp-content\/uploads\/2026\/04\/Adjunktus-Takarmanyozastani-es-Klinikai-Dietetikai-Tanszek.pdf\">Adjunktus &#8211; Takarm\u00e1nyoz\u00e1stani \u00e9s Klinikai Dietetikai Tansz\u00e9k<\/a><\/p> <p><a href=\"https:\/\/univet.hu\/wp-content\/uploads\/2026\/04\/Tanarseged-Zoologiai-Tanszek.pdf\">Tan\u00e1rseg\u00e9d &#8211; Zool\u00f3giai Tansz\u00e9k<\/a><\/p> <p>&nbsp;<\/p> <p>&nbsp;<\/p> <p><a href=\"https:\/\/univet.hu\/wp-content\/uploads\/2022\/08\/ATE-Adatkezel\u00e9si-tajekoztato_allaspalyazatokhoz_2022.pdf\">Adatkezel\u00e9si t\u00e1j\u00e9koztat\u00f3 \u00e1ll\u00e1sp\u00e1ly\u00e1z\u00f3k r\u00e9sz\u00e9re<\/a><\/p> <p><a href=\"https:\/\/univet.hu\/wp-content\/uploads\/2022\/08\/ATE-allaspalyazat_adatkezeleshez-hozzajarulo-nyilatkozat.pdf\">Hozz\u00e1j\u00e1rul\u00f3 nyilatkozat adatkezel\u00e9shez \u00e1ll\u00e1sp\u00e1ly\u00e1z\u00f3k r\u00e9sz\u00e9re<\/a><\/p>","protected":false},"excerpt":{"rendered":"<p>Boncmester &#8211; Patol\u00f3giai Tansz\u00e9k Tan\u00e1rseg\u00e9d &#8211; K\u00e9miai Tansz\u00e9k Laborasszisztens &#8211; E\u0301lelmiszerla\u0301nc Laborato\u0301rium Centrum Tansz\u00e9ki \u00fcgyint\u00e9z\u0151 &#8211; Zool\u00f3gia Tansz\u00e9k &nbsp; Adjunktus &#8211; \u00c1llathigi\u00e9niai, \u00c1llom\u00e1nyeg\u00e9szs\u00e9gtani Tansz\u00e9k \u00e9s Mobilklinika Tudom\u00e1nyos seg\u00e9dmunkat\u00e1rs &#8211; \u00c1llathigi\u00e9niai, \u00c1llom\u00e1nyeg\u00e9szs\u00e9gtani Tansz\u00e9k \u00e9s Mobilklinika Tansz\u00e9kvezet\u0151 &#8211; Bioinformatikai K\u00f6zpont Tansz\u00e9kvezet\u0151 &#8211; Parazitol\u00f3giai \u00e9s \u00c1llattani Tansz\u00e9k Tansz\u00e9kvezet\u0151 &#8211; Patol\u00f3giai Tansz\u00e9k Egyetemi docens &#8211; Sz\u00fcl\u00e9szeti Tansz\u00e9k \u00e9s Haszon\u00e1llat-gy\u00f3gy\u00e1szati<\/p>\n","protected":false},"author":1,"featured_media":0,"parent":336,"menu_order":154,"comment_status":"closed","ping_status":"closed","template":"","meta":{"_acf_changed":false,"footnotes":""},"categories":[],"tags":[],"class_list":["post-2138","page","type-page","status-publish","hentry"],"acf":[],"_links":{"self":[{"href":"https:\/\/univet.hu\/hu\/wp-json\/wp\/v2\/pages\/2138","targetHints":{"allow":["GET"]}}],"collection":[{"href":"https:\/\/univet.hu\/hu\/wp-json\/wp\/v2\/pages"}],"about":[{"href":"https:\/\/univet.hu\/hu\/wp-json\/wp\/v2\/types\/page"}],"author":[{"embeddable":true,"href":"https:\/\/univet.hu\/hu\/wp-json\/wp\/v2\/users\/1"}],"replies":[{"embeddable":true,"href":"https:\/\/univet.hu\/hu\/wp-json\/wp\/v2\/comments?post=2138"}],"version-history":[{"count":37,"href":"https:\/\/univet.hu\/hu\/wp-json\/wp\/v2\/pages\/2138\/revisions"}],"predecessor-version":[{"id":205139,"href":"https:\/\/univet.hu\/hu\/wp-json\/wp\/v2\/pages\/2138\/revisions\/205139"}],"up":[{"embeddable":true,"href":"https:\/\/univet.hu\/hu\/wp-json\/wp\/v2\/pages\/336"}],"wp:attachment":[{"href":"https:\/\/univet.hu\/hu\/wp-json\/wp\/v2\/media?parent=2138"}],"wp:term":[{"taxonomy":"category","embeddable":true,"href":"https:\/\/univet.hu\/hu\/wp-json\/wp\/v2\/categories?post=2138"},{"taxonomy":"post_tag","embeddable":true,"href":"https:\/\/univet.hu\/hu\/wp-json\/wp\/v2\/tags?post=2138"}],"curies":[{"name":"wp","href":"https:\/\/api.w.org\/{rel}","templated":true}]}}