{"id":2146,"date":"2018-04-10T14:31:40","date_gmt":"2018-04-10T12:31:40","guid":{"rendered":"http:\/\/univet.hu\/?page_id=2146"},"modified":"2026-03-02T08:49:03","modified_gmt":"2026-03-02T07:49:03","slug":"sajto","status":"publish","type":"page","link":"https:\/\/univet.hu\/hu\/egyetem\/sajto\/","title":{"rendered":"Sajt\u00f3 \u00e9s m\u00e9dia"},"content":{"rendered":"<p><b>M\u00e9sz\u00e1ros R\u00e9ka Edit<\/b><\/p> <p>Sajt\u00f3kapcsolati munkat\u00e1rs<\/p> <p>E-mail: <a class=\"decrypt\" rel=\"nft{bspt\/sflbAvojwfu\/iv\" href=\"javascript:void(0);\">[Kattintson az emailc\u00edmhez]<\/a><\/p> <p>Mobil:\u00a0+36 30\u00a0496 15 63<\/p>","protected":false},"excerpt":{"rendered":"<p>M\u00e9sz\u00e1ros R\u00e9ka Edit Sajt\u00f3kapcsolati munkat\u00e1rs E-mail: [Kattintson az emailc\u00edmhez] Mobil:\u00a0+36 30\u00a0496 15 63<\/p>\n","protected":false},"author":1,"featured_media":0,"parent":336,"menu_order":216,"comment_status":"closed","ping_status":"closed","template":"","meta":{"_acf_changed":false,"footnotes":""},"categories":[],"tags":[],"class_list":["post-2146","page","type-page","status-publish","hentry"],"acf":[],"_links":{"self":[{"href":"https:\/\/univet.hu\/hu\/wp-json\/wp\/v2\/pages\/2146","targetHints":{"allow":["GET"]}}],"collection":[{"href":"https:\/\/univet.hu\/hu\/wp-json\/wp\/v2\/pages"}],"about":[{"href":"https:\/\/univet.hu\/hu\/wp-json\/wp\/v2\/types\/page"}],"author":[{"embeddable":true,"href":"https:\/\/univet.hu\/hu\/wp-json\/wp\/v2\/users\/1"}],"replies":[{"embeddable":true,"href":"https:\/\/univet.hu\/hu\/wp-json\/wp\/v2\/comments?post=2146"}],"version-history":[{"count":1,"href":"https:\/\/univet.hu\/hu\/wp-json\/wp\/v2\/pages\/2146\/revisions"}],"predecessor-version":[{"id":201786,"href":"https:\/\/univet.hu\/hu\/wp-json\/wp\/v2\/pages\/2146\/revisions\/201786"}],"up":[{"embeddable":true,"href":"https:\/\/univet.hu\/hu\/wp-json\/wp\/v2\/pages\/336"}],"wp:attachment":[{"href":"https:\/\/univet.hu\/hu\/wp-json\/wp\/v2\/media?parent=2146"}],"wp:term":[{"taxonomy":"category","embeddable":true,"href":"https:\/\/univet.hu\/hu\/wp-json\/wp\/v2\/categories?post=2146"},{"taxonomy":"post_tag","embeddable":true,"href":"https:\/\/univet.hu\/hu\/wp-json\/wp\/v2\/tags?post=2146"}],"curies":[{"name":"wp","href":"https:\/\/api.w.org\/{rel}","templated":true}]}}