{"id":2158,"date":"2018-04-10T14:41:40","date_gmt":"2018-04-10T12:41:40","guid":{"rendered":"http:\/\/univet.hu\/?page_id=2158"},"modified":"2025-05-20T16:13:55","modified_gmt":"2025-05-20T14:13:55","slug":"impresszum-2","status":"publish","type":"page","link":"https:\/\/univet.hu\/hu\/egyetem\/impresszum-2\/","title":{"rendered":"Impresszum"},"content":{"rendered":"<h3>Int\u00e9zm\u00e9ny neve<\/h3> <p>\u00c1llatorvostudom\u00e1nyi Egyetem Budapest<\/p> <h3>Sz\u00e9khely<\/h3> <p>1078 Budapest, Istv\u00e1n utca 2.<\/p> <h3>El\u00e9rhet\u0151s\u00e9g<\/h3> <p><a class=\"decrypt\" rel=\"jogpAvojwfu\/iv\" href=\"javascript:void(0);\">[Kattintson az emailc\u00edmhez]<\/a><\/p> <h3>T\u00f6rzsk\u00f6nyvi alapadatok, ad\u00f3sz\u00e1m<\/h3> <table style=\"height: 283px;\" cellspacing=\"0\" cellpadding=\"3\"> <tbody> <tr style=\"height: 23px;\"> <td style=\"width: 330.163px; height: 23px;\">Elnevez\u00e9s:<\/td> <td style=\"width: 366.55px; height: 23px;\">\u00c1LLATORVOSTUDOM\u00c1NYI EGYETEM (\u00c1TE)<\/td> <\/tr> <tr style=\"height: 23px;\"> <td style=\"width: 330.163px; height: 23px;\">Int\u00e9zm\u00e9nyi azonos\u00edt\u00f3:<\/td> <td style=\"width: 366.55px; height: 23px;\">FI 21261<\/td> <\/tr> <tr style=\"height: 23px;\"> <td style=\"width: 330.163px; height: 23px;\">T\u00e1rsadalombiztos\u00edt\u00e1si azonos\u00edt\u00f3:<\/td> <td style=\"width: 366.55px; height: 23px;\">251\u00a0396\u00a0010<\/td> <\/tr> <tr style=\"height: 23px;\"> <td style=\"width: 330.163px; height: 23px;\">Sz\u00e9khely:<\/td> <td style=\"width: 366.55px; height: 23px;\">1078 Budapest, Istv\u00e1n utca 2.<\/td> <\/tr> <tr style=\"height: 23px;\"> <td style=\"width: 330.163px; height: 23px;\">Postac\u00edm:<\/td> <td style=\"width: 366.55px; height: 23px;\">1400 Budapest, Pf.: 2<\/td> <\/tr> <tr style=\"height: 30px;\"> <td style=\"width: 330.163px; height: 30px;\">Fenntart\u00f3:<\/td> <td style=\"width: 366.55px; height: 30px;\">Marek J\u00f3zsef Alap\u00edtv\u00e1ny<\/td> <\/tr> <tr style=\"height: 23px;\"> <td style=\"width: 330.163px; height: 23px;\">Alaptev\u00e9kenys\u00e9g f\u0151 TE\u00c1OR k\u00f3dja:<\/td> <td style=\"width: 366.55px; height: 23px;\">8540 Fels\u0151oktat\u00e1s<\/td> <\/tr> <tr style=\"height: 23px;\"> <td style=\"width: 330.163px; height: 23px;\">Ad\u00f3sz\u00e1m:<\/td> <td style=\"width: 366.55px; height: 23px;\">19253268-2-42<\/td> <\/tr> <tr style=\"height: 23px;\"> <td style=\"width: 330.163px; height: 23px;\">KSH statisztikai sz\u00e1mjel:<\/td> <td style=\"width: 366.55px; height: 23px;\"><span id=\"j_idt16:torzsszam\">19253268<\/span>\u00a0<span id=\"j_idt16:teaor\">8540<\/span>\u00a0<span id=\"j_idt16:gazdalkodasiFormaKod\">563<\/span>\u00a0<span id=\"j_idt16:megye\">01<\/span><\/td> <\/tr> <tr style=\"height: 23px;\"> <td style=\"width: 330.163px; height: 23px;\">Vezet\u0151:<\/td> <td style=\"width: 366.55px; height: 23px;\">Dr. S\u00f3tonyi P\u00e9ter<\/td> <\/tr> <tr style=\"height: 23px;\"> <td style=\"width: 330.163px; height: 23px;\">Kinevez\u00e9s kezdete:<\/td> <td style=\"width: 366.55px; height: 23px;\">2016.07.01.<\/td> <\/tr> <tr style=\"height: 23px;\"> <td style=\"width: 330.163px; height: 23px;\">K\u00f6rnyezetv\u00e9delmi \u00fcgyf\u00e9l jel (K\u00dcJ):<\/td> <td style=\"width: 366.55px; height: 23px;\">103514239<\/td> <\/tr> <\/tbody> <\/table> <h3>Az egyetem f\u0151sz\u00e1ml\u00e1i<\/h3> <table width=\"683\"> <tbody> <tr> <td width=\"284\">Banksz\u00e1mlasz\u00e1m (HUF)<\/td> <td width=\"399\">11784009-22232496-00000000<\/td> <\/tr> <tr> <td width=\"284\">IBAN<\/td> <td width=\"399\">HU32117840092223249600000000<\/td> <\/tr> <tr> <td width=\"284\">Deviza sz\u00e1mlasz\u00e1m (EUR)<\/td> <td width=\"399\">11763842-00759883-00000000<\/td> <\/tr> <tr> <td width=\"284\">IBAN<\/td> <td width=\"399\">HU64117638420075988300000000<\/td> <\/tr> <tr> <td width=\"284\">SWIFT k\u00f3d:<\/td> <td width=\"399\">OTPVHUHB<\/td> <\/tr> <\/tbody> <\/table> <h3>Tand\u00edj befizet\u00e9s\u00e9re szolg\u00e1l\u00f3 sz\u00e1ml\u00e1k<\/h3> <table width=\"683\"> <tbody> <tr> <td width=\"284\">Gy\u0171jt\u0151sz\u00e1mla (HUF)<\/td> <td width=\"399\">11784009-22232575-00000000<\/td> <\/tr> <tr> <td width=\"284\">IBAN<\/td> <td width=\"399\">HU16117840092223257500000000<\/td> <\/tr> <tr> <td width=\"284\">Gy\u0171jt\u0151sz\u00e1mla (EUR)<\/td> <td width=\"399\">11763842-00852883-00000000<\/td> <\/tr> <tr> <td width=\"284\">IBAN<\/td> <td width=\"399\">HU22117638420085288300000000<\/td> <\/tr> <tr> <td width=\"284\">SWIFT k\u00f3d:<\/td> <td width=\"399\">OTPVHUHB<\/td> <\/tr> <\/tbody> <\/table> <h3>Szerkeszt\u0151k<\/h3> <ul> <li><a class=\"decrypt\" rel=\"xfcnbtufsAvojwfu\/iv\" href=\"javascript:void(0);\">[Kattintson az emailc\u00edmhez]<\/a> &#8211; Oldal adminisztr\u00e1tor<\/li> <\/ul> <h3>T\u00e1rhelyszolg\u00e1ltat\u00f3<\/h3> <p>Az int\u00e9zm\u00e9ny mag\u00e1nak szolg\u00e1ltatja a t\u00e1rhelyet. Probl\u00e9m\u00e1k jelent\u00e9se: <a class=\"decrypt\" rel=\"xfcnbtufsAvojwfu\/iv\" href=\"javascript:void(0);\">[Kattintson az emailc\u00edmhez]<\/a><\/p>","protected":false},"excerpt":{"rendered":"<p>Int\u00e9zm\u00e9ny neve \u00c1llatorvostudom\u00e1nyi Egyetem Budapest Sz\u00e9khely 1078 Budapest, Istv\u00e1n utca 2. El\u00e9rhet\u0151s\u00e9g [Kattintson az emailc\u00edmhez] T\u00f6rzsk\u00f6nyvi alapadatok, ad\u00f3sz\u00e1m Elnevez\u00e9s: \u00c1LLATORVOSTUDOM\u00c1NYI EGYETEM (\u00c1TE) Int\u00e9zm\u00e9nyi azonos\u00edt\u00f3: FI 21261 T\u00e1rsadalombiztos\u00edt\u00e1si azonos\u00edt\u00f3: 251\u00a0396\u00a0010 Sz\u00e9khely: 1078 Budapest, Istv\u00e1n utca 2. Postac\u00edm: 1400 Budapest, Pf.: 2 Fenntart\u00f3: Marek J\u00f3zsef Alap\u00edtv\u00e1ny Alaptev\u00e9kenys\u00e9g f\u0151 TE\u00c1OR k\u00f3dja: 8540 Fels\u0151oktat\u00e1s Ad\u00f3sz\u00e1m: 19253268-2-42 KSH statisztikai sz\u00e1mjel:<\/p>\n","protected":false},"author":1,"featured_media":0,"parent":336,"menu_order":216,"comment_status":"closed","ping_status":"closed","template":"","meta":{"_acf_changed":false,"footnotes":""},"categories":[],"tags":[],"class_list":["post-2158","page","type-page","status-publish","hentry"],"acf":[],"_links":{"self":[{"href":"https:\/\/univet.hu\/hu\/wp-json\/wp\/v2\/pages\/2158","targetHints":{"allow":["GET"]}}],"collection":[{"href":"https:\/\/univet.hu\/hu\/wp-json\/wp\/v2\/pages"}],"about":[{"href":"https:\/\/univet.hu\/hu\/wp-json\/wp\/v2\/types\/page"}],"author":[{"embeddable":true,"href":"https:\/\/univet.hu\/hu\/wp-json\/wp\/v2\/users\/1"}],"replies":[{"embeddable":true,"href":"https:\/\/univet.hu\/hu\/wp-json\/wp\/v2\/comments?post=2158"}],"version-history":[{"count":3,"href":"https:\/\/univet.hu\/hu\/wp-json\/wp\/v2\/pages\/2158\/revisions"}],"predecessor-version":[{"id":184686,"href":"https:\/\/univet.hu\/hu\/wp-json\/wp\/v2\/pages\/2158\/revisions\/184686"}],"up":[{"embeddable":true,"href":"https:\/\/univet.hu\/hu\/wp-json\/wp\/v2\/pages\/336"}],"wp:attachment":[{"href":"https:\/\/univet.hu\/hu\/wp-json\/wp\/v2\/media?parent=2158"}],"wp:term":[{"taxonomy":"category","embeddable":true,"href":"https:\/\/univet.hu\/hu\/wp-json\/wp\/v2\/categories?post=2158"},{"taxonomy":"post_tag","embeddable":true,"href":"https:\/\/univet.hu\/hu\/wp-json\/wp\/v2\/tags?post=2158"}],"curies":[{"name":"wp","href":"https:\/\/api.w.org\/{rel}","templated":true}]}}