{"id":2165,"date":"2018-04-10T14:49:24","date_gmt":"2018-04-10T12:49:24","guid":{"rendered":"http:\/\/univet.hu\/?page_id=2165"},"modified":"2025-11-06T09:13:14","modified_gmt":"2025-11-06T08:13:14","slug":"adatkezelesi-iranyelvek","status":"publish","type":"page","link":"https:\/\/univet.hu\/hu\/adatkezelesi-iranyelvek\/","title":{"rendered":"Adatv\u00e9delem"},"content":{"rendered":"<p>Adatv\u00e9delmi tisztvisel\u0151: <strong>dr. Fony\u00f3 Gyula<\/strong><\/p> <p>Telefonsz\u00e1m: +36 20\/932 9144<\/p> <p>E-mail c\u00edm: <a class=\"decrypt\" rel=\"bebulf{fmftAvojwfu\/iv\" href=\"javascript:void(0);\">[Kattintson az emailc\u00edmhez]<\/a><\/p> <p><strong>Adatkezel\u00e9si t\u00e1j\u00e9koztat\u00f3k:<\/strong><\/p> <p><a href=\"https:\/\/univet.hu\/wp-content\/uploads\/2025\/11\/251105_ATE_hallgatoi-adatkezelesi-tajekoztato_HU.pdf\">Hallgat\u00f3i Adatkezel\u00e9si T\u00e1j\u00e9koztat\u00f3<\/a><\/p> <p><a href=\"https:\/\/univet.hu\/wp-content\/uploads\/2022\/08\/ATE-Adatkezel\u00e9si-tajekoztato_allaspalyazatokhoz_2022.pdf\">Adatkezel\u00e9si t\u00e1j\u00e9koztat\u00f3 \u00e1ll\u00e1sp\u00e1ly\u00e1z\u00f3k r\u00e9sz\u00e9re<\/a><\/p> <p><a href=\"https:\/\/univet.hu\/wp-content\/uploads\/2022\/10\/Adatkezel\u00e9si-t\u00e1j\u00e9koztat\u00f3-demonstr\u00e1torok-munkav\u00e9gzes\u00e9hez.pdf\">Adatkezel\u00e9si t\u00e1j\u00e9koztat\u00f3 demonstr\u00e1torok munkav\u00e9gz\u00e9s\u00e9hez<\/a><\/p> <p><a href=\"https:\/\/univet.hu\/wp-content\/uploads\/2022\/12\/221115_ATE_rendezveny_adatkezelesi_taj.pdf\">Rendezv\u00e9nyekkel kapcsolatos adatv\u00e9delmi t\u00e1j\u00e9koztat\u00f3<\/a><\/p> <p><a href=\"https:\/\/univet.hu\/wp-content\/uploads\/2023\/02\/ATE_konyvtari-szolgaltatasok_adatkezelesi-tajekoztato.pdf\">K\u00f6nyvt\u00e1ri szolg\u00e1ltat\u00e1sokkal kapcsolatos adatkezel\u00e9si t\u00e1j\u00e9koztat\u00f3<\/a><\/p> <p><a href=\"https:\/\/univet.hu\/wp-content\/uploads\/2023\/07\/\u00c1TE-Klinikai-adatkezel\u00e9si-t\u00e1j\u00e9koztat\u00f3_0601.pdf\">Klinikai adatkezel\u00e9si t\u00e1j\u00e9koztat\u00f3<\/a><\/p> <p><a href=\"https:\/\/univet.hu\/wp-content\/uploads\/2024\/09\/ate_mutiholdolgozol_adatkezelesitajekoztato.pdf\"> Muti, hol dolgozol? programhoz kapcsol\u00f3d\u00f3 adatkezel\u00e9s t\u00e1j\u00e9koztat\u00f3<\/a><\/p> <p><strong>Adatv\u00e9delmi szab\u00e1lyzatok:<\/strong><\/p> <p><a href=\"https:\/\/univet.hu\/wp-content\/uploads\/2022\/08\/02_ATE-Adatvedelmi-\u00e9s-adatbiztonsagi-szabalyzat_20211215.pdf\">Az \u00c1llatorvostudom\u00e1nyi Egyetem Adatkezel\u00e9si \u00e9s Adatv\u00e9delmi Szab\u00e1lyzata<\/a><\/p> <p><strong><b>Hat\u00e1lyon k\u00edv\u00fcl helyezett adatkezel\u00e9si t\u00e1j\u00e9koztat\u00f3k<\/b>:<\/strong><\/p> <p><a href=\"https:\/\/univet.hu\/wp-content\/uploads\/2021\/09\/210831-ATE-hallgatoi-adatkezelesi-tajkoztato_magyar.pdf\">Hallgat\u00f3i Adatkezel\u00e9si T\u00e1j\u00e9koztat\u00f3 (2021 hat\u00e1lyon k\u00edv\u00fcl)<\/a><\/p>","protected":false},"excerpt":{"rendered":"<p>Adatv\u00e9delmi tisztvisel\u0151: dr. Fony\u00f3 Gyula Telefonsz\u00e1m: +36 20\/932 9144 E-mail c\u00edm: [Kattintson az emailc\u00edmhez] Adatkezel\u00e9si t\u00e1j\u00e9koztat\u00f3k: Hallgat\u00f3i Adatkezel\u00e9si T\u00e1j\u00e9koztat\u00f3 Adatkezel\u00e9si t\u00e1j\u00e9koztat\u00f3 \u00e1ll\u00e1sp\u00e1ly\u00e1z\u00f3k r\u00e9sz\u00e9re Adatkezel\u00e9si t\u00e1j\u00e9koztat\u00f3 demonstr\u00e1torok munkav\u00e9gz\u00e9s\u00e9hez Rendezv\u00e9nyekkel kapcsolatos adatv\u00e9delmi t\u00e1j\u00e9koztat\u00f3 K\u00f6nyvt\u00e1ri szolg\u00e1ltat\u00e1sokkal kapcsolatos adatkezel\u00e9si t\u00e1j\u00e9koztat\u00f3 Klinikai adatkezel\u00e9si t\u00e1j\u00e9koztat\u00f3 Muti, hol dolgozol? programhoz kapcsol\u00f3d\u00f3 adatkezel\u00e9s t\u00e1j\u00e9koztat\u00f3 Adatv\u00e9delmi szab\u00e1lyzatok: Az \u00c1llatorvostudom\u00e1nyi Egyetem Adatkezel\u00e9si \u00e9s Adatv\u00e9delmi Szab\u00e1lyzata<\/p>\n","protected":false},"author":1,"featured_media":0,"parent":0,"menu_order":244,"comment_status":"closed","ping_status":"closed","template":"","meta":{"_acf_changed":false,"footnotes":""},"categories":[],"tags":[],"class_list":["post-2165","page","type-page","status-publish","hentry"],"acf":[],"_links":{"self":[{"href":"https:\/\/univet.hu\/hu\/wp-json\/wp\/v2\/pages\/2165","targetHints":{"allow":["GET"]}}],"collection":[{"href":"https:\/\/univet.hu\/hu\/wp-json\/wp\/v2\/pages"}],"about":[{"href":"https:\/\/univet.hu\/hu\/wp-json\/wp\/v2\/types\/page"}],"author":[{"embeddable":true,"href":"https:\/\/univet.hu\/hu\/wp-json\/wp\/v2\/users\/1"}],"replies":[{"embeddable":true,"href":"https:\/\/univet.hu\/hu\/wp-json\/wp\/v2\/comments?post=2165"}],"version-history":[{"count":3,"href":"https:\/\/univet.hu\/hu\/wp-json\/wp\/v2\/pages\/2165\/revisions"}],"predecessor-version":[{"id":194684,"href":"https:\/\/univet.hu\/hu\/wp-json\/wp\/v2\/pages\/2165\/revisions\/194684"}],"wp:attachment":[{"href":"https:\/\/univet.hu\/hu\/wp-json\/wp\/v2\/media?parent=2165"}],"wp:term":[{"taxonomy":"category","embeddable":true,"href":"https:\/\/univet.hu\/hu\/wp-json\/wp\/v2\/categories?post=2165"},{"taxonomy":"post_tag","embeddable":true,"href":"https:\/\/univet.hu\/hu\/wp-json\/wp\/v2\/tags?post=2165"}],"curies":[{"name":"wp","href":"https:\/\/api.w.org\/{rel}","templated":true}]}}