{"id":2211,"date":"2018-04-10T14:11:19","date_gmt":"2018-04-10T12:11:19","guid":{"rendered":"http:\/\/univet.hu\/?page_id=2211"},"modified":"2025-03-19T14:17:34","modified_gmt":"2025-03-19T13:17:34","slug":"loklinika","status":"publish","type":"page","link":"https:\/\/univet.hu\/hu\/klinikak\/loklinika\/","title":{"rendered":"L\u00f3gy\u00f3gy\u00e1szati Tansz\u00e9k \u00e9s Klinika"},"content":{"rendered":"","protected":false},"excerpt":{"rendered":"","protected":false},"author":1,"featured_media":0,"parent":346,"menu_order":154,"comment_status":"closed","ping_status":"closed","template":"page-templates\/page-clinic.php","meta":{"_acf_changed":false,"footnotes":""},"categories":[],"tags":[],"class_list":["post-2211","page","type-page","status-publish","hentry"],"acf":[],"_links":{"self":[{"href":"https:\/\/univet.hu\/hu\/wp-json\/wp\/v2\/pages\/2211","targetHints":{"allow":["GET"]}}],"collection":[{"href":"https:\/\/univet.hu\/hu\/wp-json\/wp\/v2\/pages"}],"about":[{"href":"https:\/\/univet.hu\/hu\/wp-json\/wp\/v2\/types\/page"}],"author":[{"embeddable":true,"href":"https:\/\/univet.hu\/hu\/wp-json\/wp\/v2\/users\/1"}],"replies":[{"embeddable":true,"href":"https:\/\/univet.hu\/hu\/wp-json\/wp\/v2\/comments?post=2211"}],"version-history":[{"count":1,"href":"https:\/\/univet.hu\/hu\/wp-json\/wp\/v2\/pages\/2211\/revisions"}],"predecessor-version":[{"id":177215,"href":"https:\/\/univet.hu\/hu\/wp-json\/wp\/v2\/pages\/2211\/revisions\/177215"}],"up":[{"embeddable":true,"href":"https:\/\/univet.hu\/hu\/wp-json\/wp\/v2\/pages\/346"}],"wp:attachment":[{"href":"https:\/\/univet.hu\/hu\/wp-json\/wp\/v2\/media?parent=2211"}],"wp:term":[{"taxonomy":"category","embeddable":true,"href":"https:\/\/univet.hu\/hu\/wp-json\/wp\/v2\/categories?post=2211"},{"taxonomy":"post_tag","embeddable":true,"href":"https:\/\/univet.hu\/hu\/wp-json\/wp\/v2\/tags?post=2211"}],"curies":[{"name":"wp","href":"https:\/\/api.w.org\/{rel}","templated":true}]}}