{"id":2213,"date":"2018-04-10T14:11:59","date_gmt":"2018-04-10T12:11:59","guid":{"rendered":"http:\/\/univet.hu\/?page_id=2213"},"modified":"2026-03-25T11:58:37","modified_gmt":"2026-03-25T10:58:37","slug":"haszonallat","status":"publish","type":"page","link":"https:\/\/univet.hu\/hu\/klinikak\/haszonallat\/","title":{"rendered":"Haszon\u00e1llat-gy\u00f3gy\u00e1szati Klinika"},"content":{"rendered":"<p>Szarvasmarh\u00e1k, juhok, kecsk\u00e9k \u00e9s sert\u00e9sek belgy\u00f3gy\u00e1szati, sz\u00fcl\u00e9szeti, seb\u00e9szeti ell\u00e1t\u00e1sa. A Klinik\u00e1n kiz\u00e1r\u00f3lag telefonos egyeztet\u00e9st k\u00f6vet\u0151en fogadunk betegeket.<\/p>","protected":false},"excerpt":{"rendered":"<p>Szarvasmarh\u00e1k, juhok, kecsk\u00e9k \u00e9s sert\u00e9sek belgy\u00f3gy\u00e1szati, sz\u00fcl\u00e9szeti, seb\u00e9szeti ell\u00e1t\u00e1sa. A Klinik\u00e1n kiz\u00e1r\u00f3lag telefonos egyeztet\u00e9st k\u00f6vet\u0151en fogadunk betegeket.<\/p>\n","protected":false},"author":1,"featured_media":0,"parent":346,"menu_order":154,"comment_status":"closed","ping_status":"closed","template":"page-templates\/page-clinic.php","meta":{"_acf_changed":false,"footnotes":""},"categories":[],"tags":[],"class_list":["post-2213","page","type-page","status-publish","hentry"],"acf":[],"_links":{"self":[{"href":"https:\/\/univet.hu\/hu\/wp-json\/wp\/v2\/pages\/2213","targetHints":{"allow":["GET"]}}],"collection":[{"href":"https:\/\/univet.hu\/hu\/wp-json\/wp\/v2\/pages"}],"about":[{"href":"https:\/\/univet.hu\/hu\/wp-json\/wp\/v2\/types\/page"}],"author":[{"embeddable":true,"href":"https:\/\/univet.hu\/hu\/wp-json\/wp\/v2\/users\/1"}],"replies":[{"embeddable":true,"href":"https:\/\/univet.hu\/hu\/wp-json\/wp\/v2\/comments?post=2213"}],"version-history":[{"count":5,"href":"https:\/\/univet.hu\/hu\/wp-json\/wp\/v2\/pages\/2213\/revisions"}],"predecessor-version":[{"id":204256,"href":"https:\/\/univet.hu\/hu\/wp-json\/wp\/v2\/pages\/2213\/revisions\/204256"}],"up":[{"embeddable":true,"href":"https:\/\/univet.hu\/hu\/wp-json\/wp\/v2\/pages\/346"}],"wp:attachment":[{"href":"https:\/\/univet.hu\/hu\/wp-json\/wp\/v2\/media?parent=2213"}],"wp:term":[{"taxonomy":"category","embeddable":true,"href":"https:\/\/univet.hu\/hu\/wp-json\/wp\/v2\/categories?post=2213"},{"taxonomy":"post_tag","embeddable":true,"href":"https:\/\/univet.hu\/hu\/wp-json\/wp\/v2\/tags?post=2213"}],"curies":[{"name":"wp","href":"https:\/\/api.w.org\/{rel}","templated":true}]}}