{"id":2282,"date":"2018-03-01T12:33:00","date_gmt":"2018-04-12T07:04:39","guid":{"rendered":"http:\/\/univet.hu\/?page_id=2282"},"modified":"2019-03-04T09:35:19","modified_gmt":"2019-03-04T08:35:19","slug":"jubileumi-diplomak","status":"publish","type":"page","link":"https:\/\/univet.hu\/hu\/jubileumi-diplomak\/","title":{"rendered":"Jubileumi diplom\u00e1k"},"content":{"rendered":"<p>\u00d6regdi\u00e1k szervezet<\/p> <p><strong>Jubileumi diploma<\/strong><\/p> <p><strong>T\u00c1J\u00c9KOZTAT\u00d3<\/strong><br \/> <strong>az <\/strong> <strong>\u00c1llatorvostudom\u00e1nyi Egyetem<\/strong> \u00a0<strong> \u00e1ltal adom\u00e1nyozhat\u00f3 jubileumi diplom\u00e1kr\u00f3l<\/strong><\/p> <p>Azoknak az \u00e1llatorvosoknak, akik oklevel\u00fcket 50, 60, 65, 70 valamint 75 \u00e9ve szerezt\u00e9k meg k\u00e9relm\u00fckre arany, gy\u00e9m\u00e1nt, vas, rubin illetve gr\u00e1nit d\u00edszoklev\u00e9l adhat\u00f3.<\/p> <p>A jubileumi oklevelek \u00e1tad\u00e1s\u00e1ra minden \u00e9vben a tan\u00e9vnyit\u00f3 \u00fcnneps\u00e9g alkalm\u00e1val ker\u00fcl sor, melynek pontos hely\u00e9r\u0151l \u00e9s id\u0151pontj\u00e1r\u00f3l az \u00e9rintetteket \u2013 a jelentkez\u00e9s alapj\u00e1n \u2013 az Egyetem megh\u00edv\u00f3ban \u00e9rtes\u00edti.<\/p> <p>A jubileumi d\u00edszoklev\u00e9lre val\u00f3 jelentkez\u00e9st az Egyetem Tanulm\u00e1nyi Oszt\u00e1ly\u00e1ra ny\u00fajthatja be.<\/p> <p>A jelentkez\u00e9s beny\u00fajt\u00e1s\u00e1nak hat\u00e1rideje: minden \u00e9v\u00a0<strong>m\u00e1jus 31.<\/strong><\/p> <p>A jelentkez\u00e9shez\u00a0k\u00e9rj\u00fck csatolni els\u0151 alkalommal:<\/p> <ul> <li>jelentkez\u00e9si lap<\/li> <li>az oklev\u00e9l m\u00e1solata ; amennyiben a k\u00e9relmez\u0151 kor\u00e1bban m\u00e1r r\u00e9szes\u00fclt jubileumi oklev\u00e9lben, akkor csak annak f\u00e9nym\u00e1solat\u00e1t k\u00e9rj\u00fck bek\u00fcldeni<\/li> <li>r\u00f6vid szakmai \u00f6n\u00e9letrajz (max. 1 oldal kb. 25-30 sor, 2200 karakter, sz\u00f3k\u00f6z\u00f6kkel egy\u00fctt)<\/li> <li>igazolv\u00e1nyk\u00e9p<\/li> <\/ul> <p>&nbsp;<\/p> <p><strong>E-mail c\u00edm<\/strong>: <a class=\"decrypt\" rel=\"dtbqp\/ujnfbAvojwfu\/iv\" href=\"javascript:void(0);\">[Kattintson az emailc\u00edmhez]<\/a><\/p> <p>Amennyiben elektronikus \u00faton nincs lehet\u0151s\u00e9ge elk\u00fcldeni, akkor az al\u00e1bbi lev\u00e9lc\u00edmre:<\/p> <p>\u00c1llatorvostudom\u00e1nyi Egyetem<br \/> Tanulm\u00e1nyi Oszt\u00e1ly<br \/> 1078 Budapest, Istv\u00e1n u. 2.<\/p> <p><a href=\"https:\/\/univet.hu\/wp-content\/uploads\/2019\/03\/Jelentkez\u00e9si-lap_UNIVET-Budapest.doc\" data-replaced=\"true\" target=\"_blank\" rel=\"noopener\">Jelentkez\u00e9si lap<\/a><\/p>","protected":false},"excerpt":{"rendered":"<p>\u00d6regdi\u00e1k szervezet Jubileumi diploma T\u00c1J\u00c9KOZTAT\u00d3 az \u00c1llatorvostudom\u00e1nyi Egyetem \u00a0 \u00e1ltal adom\u00e1nyozhat\u00f3 jubileumi diplom\u00e1kr\u00f3l Azoknak az \u00e1llatorvosoknak, akik oklevel\u00fcket 50, 60, 65, 70 valamint 75 \u00e9ve szerezt\u00e9k meg k\u00e9relm\u00fckre arany, gy\u00e9m\u00e1nt, vas, rubin illetve gr\u00e1nit d\u00edszoklev\u00e9l adhat\u00f3. A jubileumi oklevelek \u00e1tad\u00e1s\u00e1ra minden \u00e9vben a tan\u00e9vnyit\u00f3 \u00fcnneps\u00e9g alkalm\u00e1val ker\u00fcl sor, melynek pontos hely\u00e9r\u0151l \u00e9s id\u0151pontj\u00e1r\u00f3l az \u00e9rintetteket<\/p>\n","protected":false},"author":1,"featured_media":0,"parent":0,"menu_order":154,"comment_status":"closed","ping_status":"closed","template":"","meta":{"_acf_changed":false,"footnotes":""},"categories":[],"tags":[],"class_list":["post-2282","page","type-page","status-publish","hentry"],"acf":[],"_links":{"self":[{"href":"https:\/\/univet.hu\/hu\/wp-json\/wp\/v2\/pages\/2282","targetHints":{"allow":["GET"]}}],"collection":[{"href":"https:\/\/univet.hu\/hu\/wp-json\/wp\/v2\/pages"}],"about":[{"href":"https:\/\/univet.hu\/hu\/wp-json\/wp\/v2\/types\/page"}],"author":[{"embeddable":true,"href":"https:\/\/univet.hu\/hu\/wp-json\/wp\/v2\/users\/1"}],"replies":[{"embeddable":true,"href":"https:\/\/univet.hu\/hu\/wp-json\/wp\/v2\/comments?post=2282"}],"version-history":[{"count":0,"href":"https:\/\/univet.hu\/hu\/wp-json\/wp\/v2\/pages\/2282\/revisions"}],"wp:attachment":[{"href":"https:\/\/univet.hu\/hu\/wp-json\/wp\/v2\/media?parent=2282"}],"wp:term":[{"taxonomy":"category","embeddable":true,"href":"https:\/\/univet.hu\/hu\/wp-json\/wp\/v2\/categories?post=2282"},{"taxonomy":"post_tag","embeddable":true,"href":"https:\/\/univet.hu\/hu\/wp-json\/wp\/v2\/tags?post=2282"}],"curies":[{"name":"wp","href":"https:\/\/api.w.org\/{rel}","templated":true}]}}