{"id":2368,"date":"2018-04-12T16:11:37","date_gmt":"2018-04-12T14:11:37","guid":{"rendered":"http:\/\/univet.hu\/oktatas\/hok\/bizottsagok-comittes\/"},"modified":"2024-03-05T15:51:47","modified_gmt":"2024-03-05T14:51:47","slug":"bizottsagok-comittes","status":"publish","type":"page","link":"https:\/\/univet.hu\/hu\/oktatas\/hok\/bizottsagok-comittes\/","title":{"rendered":"H\u00d6K BIZOTTS\u00c1GOK \/ COMITTES"},"content":{"rendered":"<h2><\/h2> <h2>Szakmai Bizotts\u00e1g<\/h2> <ul> <li>N\u00e9gy tag\u00fa bizotts\u00e1g,<\/li> <li>A n\u00e9gy f\u0151 k\u00f6z\u00fcl 1-1 f\u0151 haszon\u00e1llatokkal, t\u00e1rs\u00e1llatokkal,egzotikus- \u00e9s vad\u00e1llatokkal valamint kutat\u00f3i lehet\u0151s\u00e9gekkel kapcsolatban biztos\u00edt \u00f6sszek\u00f6ttet\u00e9st a hallgat\u00f3s\u00e1g \u00e9s telepek, orvosok, szakemberek k\u00f6z\u00f6tt.<\/li> <li>Konferenci\u00e1kr\u00f3l, gyakorlati- \u00e9s \u00e1ll\u00e1slehet\u0151s\u00e9gekr\u0151l \u00e9rtes\u00edtik a hallgat\u00f3kat.<\/li> <li>Egy\u00fcttm\u0171k\u00f6d\u0151 szakembereket kutatnak fel, \u00e9s felveszik vel\u00fck a kapcsolatot.<\/li> <li>Az \u00e9rdekl\u0151d\u0151 hallgat\u00f3kkal megosztj\u00e1k a sz\u00fcks\u00e9ges inform\u00e1ci\u00f3kat, el\u00e9rhet\u0151s\u00e9geket.<\/li> <li>Mind a hallgat\u00f3i, mind a fogad\u00f3i f\u00e9l fel\u0151l \u00e9rkez\u0151 visszajelz\u00e9sek alapj\u00e1n optimaliz\u00e1lj\u00e1k a kapcsolatok kialak\u00edt\u00e1s\u00e1t.<\/li> <li>T\u00e1bl\u00e1zatot vezetnek a kapcsolati lehet\u0151s\u00e9gekr\u0151l \u00e9s dokument\u00e1lj\u00e1k a m\u00e1r kialakult kapcsolatokat, err\u0151l f\u00e9l\u00e9ves intervallumban \u00edr\u00e1sban besz\u00e1molnak az \u00d6nkorm\u00e1nyzat eln\u00f6k\u00e9nek.<\/li> <li>Folyamatos inform\u00e1l\u00e1st ny\u00fajtanak a szakma jogi szab\u00e1lyainak v\u00e1ltoz\u00e1sair\u00f3l a hallgat\u00f3 fel\u00e9.<\/li> <\/ul> <h2>Kultur\u00e1lis, Sport \u00e9s Kommunik\u00e1ci\u00f3s Bizotts\u00e1g<\/h2> <ul> <li>Hat tag\u00fa bizotts\u00e1g, legal\u00e1bb egy tagja a k\u00fcld\u00f6ttgy\u0171l\u00e9s tagja is.<\/li> <li>Minden tan\u00e9v sor\u00e1n megszervezik, el\u0151k\u00e9sz\u00edtik, levez\u00e9nylik a legnagyobb hallgat\u00f3i rendezv\u00e9nyeket:<\/li> <\/ul> <ol style=\"list-style-type: lower-alpha;\"> <li>&#8211; Equus napok<\/li> <li>&#8211; G\u00f3lyat\u00e1bor<\/li> <li>&#8211; G\u00f3lyab\u00e1l<\/li> <li>&#8211; \u00c1llateg\u00e9szs\u00e9g\u00fcgyi Verseny<\/li> <li>&#8211; \u00c9vfolyamkir\u00e1ndul\u00e1sok<\/li> <li>&#8211; Vil\u00e1gj\u00e1r\u00f3k T\u00e1rsas\u00e1ga (havi)<\/li> <li>&#8211; Interculture Night (havi)<\/li> <\/ol> <ul> <li>Emellett egyedi alkalmak megszervez\u00e9s\u00e9t is v\u00e9gzik, melyek a hallgat\u00f3s\u00e1g kultur\u00e1lis lehet\u0151s\u00e9geit b\u0151v\u00edtik,<\/li> <li>Ig\u00e9nyfelm\u00e9r\u00e9s alapj\u00e1n soksz\u00edn\u0171 programokat hoznak l\u00e9tre, hogy min\u00e9l t\u00f6bben megtal\u00e1lhass\u00e1k a nekik megfelel\u0151 kultur\u00e1lis programot<\/li> <li>A rendezv\u00e9nyek folyam\u00e1n szorosan egy\u00fcttm\u0171k\u00f6dik a Kommunik\u00e1ci\u00f3s-, Sport-, Szoci\u00e1lis \u00e9s \u00d6szt\u00f6nd\u00edj Bizotts\u00e1ggal valamint az \u00d6nkorm\u00e1nyzat eln\u00f6k\u00e9vel<\/li> <li>Az Equus club vezet\u0151s\u00e9g\u00e9vel rendszeres kommunik\u00e1ci\u00f3val alak\u00edtanak ki egy\u00fctt a clubban programokat.<\/li> <li>A hallgat\u00f3s\u00e1g ig\u00e9nyei alapj\u00e1n szerveznek sportesem\u00e9nyeket, tartj\u00e1k a kapcsolatot a Testnevel\u00e9si tansz\u00e9kkel, heti rendszeress\u00e9ggel tartanak edz\u00e9seket .<\/li> <li>Az \u00d6nkorm\u00e1nyzat t\u00e1mogat\u00e1s\u00e1val csapatokat szerveznek \u00e9s ind\u00edtanak az egyetemi sportrendezv\u00e9nyeken t\u00fal egy\u00e9b szervez\u00e9s\u0171 esem\u00e9nyeken, melyek lezajl\u00e1sa ut\u00e1n r\u00f6vid besz\u00e1mol\u00f3t k\u00f6telesek a Kommunik\u00e1ci\u00f3s Bizotts\u00e1g fel\u00e9 k\u00fcldeni.<\/li> <li>Folyamatosan fejlesztik az aktu\u00e1lis ig\u00e9nyeknek megfelel\u0151en a sporteszk\u00f6z\u00f6ket a Testnevel\u00e9si tansz\u00e9k k\u00f6zrem\u0171k\u00f6d\u00e9s\u00e9vel.<\/li> <li>Egyetemi sport t\u00e1borok szervez\u00e9s\u00e9t, levez\u00e9nyl\u00e9s\u00e9t v\u00e9gzik.<\/li> <li>Feladatuk a folyamatos inform\u00e1ci\u00f3 \u00e1raml\u00e1s megteremt\u00e9se a hallgat\u00f3s\u00e1g \u00e9s az \u00d6nkorm\u00e1nyzat k\u00f6z\u00f6tt.<\/li> <li>A G\u00f3lyah\u00edr szerkeszt\u00e9se.<\/li> <li>Az \u00d6nkorm\u00e1nyzat honlapj\u00e1nak aktualiz\u00e1l\u00e1sa.<\/li> <li>Rendezv\u00e9nyek idej\u00e9n plak\u00e1t szerkeszt\u00e9se.<\/li> <li>Hirdet\u0151fel\u00fcleteken plak\u00e1tok, sz\u00f3r\u00f3lapok elhelyez\u00e9se, leszed\u00e9se, hirdet\u0151fel\u00fcletek aktualiz\u00e1l\u00e1sa.<\/li> <li>Az \u00d6nkorm\u00e1nyzat m\u0171k\u00f6d\u00e9s\u00e9nek ismertet\u00e9se, n\u00e9pszer\u0171s\u00edt\u00e9se a hallgat\u00f3k k\u00f6r\u00e9ben annak \u00e9rdek\u00e9ben, hogy min\u00e9l t\u00f6bben tudjanak az \u0151ket k\u00f6r\u00fclvev\u0151 lehet\u0151s\u00e9gekr\u0151l.<\/li> <li>Tov\u00e1bbi egyetemekkel kapcsolatteremt\u00e9s, kapcsolattart\u00e1s kialak\u00edt\u00e1sa, k\u00f6z\u00f6s programok szervez\u00e9se a Kultur\u00e1lis Bizotts\u00e1g hozz\u00e1j\u00e1rul\u00e1s\u00e1val, seg\u00edts\u00e9g\u00e9vel.<\/li> <li>T\u00e1mogat\u00f3k felkeres\u00e9se, kapcsolatfelv\u00e9tel vel\u00fck.<\/li> <li>P\u00e1ly\u00e1zatok, felh\u00edv\u00e1sok, egy\u00e9b k\u00f6z\u00e9rdek\u0171 h\u00edrek k\u00f6zz\u00e9t\u00e9tele.<\/li> <\/ul> <h2>ISC Bizotts\u00e1g\u00a0(International Student Committee)<\/h2> <p><strong>(K\u00fclf\u00f6ldi hallgat\u00f3k k\u00e9pviselete)<\/strong><\/p> <ul> <li>Az ISC az idegen nyelv\u0171 k\u00e9pz\u00e9s hallgat\u00f3it k\u00e9pvisel\u0151, a H\u00d6K r\u00e9szek\u00e9nt m\u0171k\u00f6d\u0151 szervezet.<\/li> <li>Az ISC maga hat\u00e1rozza meg \u00fcgyrendj\u00e9t a mell\u00e9kletben megtal\u00e1lhat\u00f3 M\u0171k\u00f6d\u00e9si Szab\u00e1lyzat\u00e1nak alapj\u00e1n, az \u00d6nkorm\u00e1nyzattal egy\u00fcttm\u0171k\u00f6dve, a jelen Alapszab\u00e1ly \u00e9s az Egyetem szab\u00e1lyzatainak keretei k\u00f6z\u00f6tt.<\/li> <li>A mell\u00e9kletben le\u00edrt feladataikon t\u00fal a bizotts\u00e1g feladata a k\u00fclf\u00f6ldi \u00e9s a magyar hallgat\u00f3k integr\u00e1l\u00e1s\u00e1nak el\u0151seg\u00edt\u00e9se. K\u00f6z\u00f6s programok szervez\u00e9se, a programok jobb \u00f6sszehangol\u00e1sa, a nyelvi neh\u00e9zs\u00e9gek \u00e1thidal\u00e1sa.<\/li> <li>Ford\u00edt\u00e1s\/tolm\u00e1csol\u00e1s: Dokumentumok, plak\u00e1tok ford\u00edt\u00e1sa, tolm\u00e1csol\u00e1s az egyetemi esem\u00e9nyeken.<\/li> <li>Egy\u00fcttm\u0171k\u00f6d\u00e9s az Egyetem Nemzetk\u00f6zi kapcsolatok oszt\u00e1ly\u00e1val: A k\u00fclf\u00f6ldi \u00f6szt\u00f6nd\u00edjak \u00e9s csere lehet\u0151s\u00e9gek n\u00e9pszer\u0171s\u00edt\u00e9se (Ivsa, Tempus, Ceepus, Erasmus, Fulbright etc.), a hallgat\u00f3k t\u00e1j\u00e9koztat\u00e1sa, seg\u00edts\u00e9gny\u00fajt\u00e1s \u00e9s tan\u00e1csad\u00e1s a jelentkez\u00e9sn\u00e9l. Szoros egy\u00fcttm\u0171k\u00f6d\u00e9s a Nemzetk\u00f6zi kapcsolatok oszt\u00e1ly\u00e1nak vezet\u0151j\u00e9vel.<\/li> <li>A bizotts\u00e1g tagjai besz\u00e9ljenek legal\u00e1bb egy er\u0151s k\u00f6z\u00e9pfok\u00fa szinten angolul\/n\u00e9met\u00fcl, tudjanak ak\u00e1r hivatalos levelet is \u00edrni.<\/li> <\/ul> <p><strong><a href=\"https:\/\/drive.google.com\/open?id=0B20F3zEgAs1oZFlvRzJuZjM5clU\"><span style=\"color: #0000ff;\">MAGYAR ISC SZAB\u00c1LYZAT<\/span>\u00a0 <\/a><\/strong><\/p> <p><a href=\"https:\/\/drive.google.com\/open?id=0B20F3zEgAs1oc1FwTlBhZGRVUDA\"><strong><span style=\"color: #0000ff;\">ENGLISH VERSION OF ISC STATUE<\/span><\/strong><\/a><\/p> <h2>Sport \/ Sport<\/h2> <p>Egyetemi \u00e9s egyetemek k\u00f6zti sportesem\u00e9nyek szervez\u00e9se.<\/p> <p>K\u00fcld\u00f6ttgy\u0171l\u00e9si tag- Sport felel\u0151s<br \/> P\u00e1sztor Andr\u00e1s\u00a0 e-mail:\u00a0<a class=\"decrypt\" rel=\"qbt{ups\/boesbt13Ahnbjm\/dpn\" href=\"javascript:void(0);\">[Kattintson az emailc\u00edmhez]<\/a><\/p> <p>&nbsp;<\/p> <p>&nbsp;<\/p>","protected":false},"excerpt":{"rendered":"<p>Szakmai Bizotts\u00e1g N\u00e9gy tag\u00fa bizotts\u00e1g, A n\u00e9gy f\u0151 k\u00f6z\u00fcl 1-1 f\u0151 haszon\u00e1llatokkal, t\u00e1rs\u00e1llatokkal,egzotikus- \u00e9s vad\u00e1llatokkal valamint kutat\u00f3i lehet\u0151s\u00e9gekkel kapcsolatban biztos\u00edt \u00f6sszek\u00f6ttet\u00e9st a hallgat\u00f3s\u00e1g \u00e9s telepek, orvosok, szakemberek k\u00f6z\u00f6tt. Konferenci\u00e1kr\u00f3l, gyakorlati- \u00e9s \u00e1ll\u00e1slehet\u0151s\u00e9gekr\u0151l \u00e9rtes\u00edtik a hallgat\u00f3kat. Egy\u00fcttm\u0171k\u00f6d\u0151 szakembereket kutatnak fel, \u00e9s felveszik vel\u00fck a kapcsolatot. Az \u00e9rdekl\u0151d\u0151 hallgat\u00f3kkal megosztj\u00e1k a sz\u00fcks\u00e9ges inform\u00e1ci\u00f3kat, el\u00e9rhet\u0151s\u00e9geket. Mind a hallgat\u00f3i,<\/p>\n","protected":false},"author":1,"featured_media":0,"parent":820,"menu_order":203,"comment_status":"closed","ping_status":"closed","template":"","meta":{"_acf_changed":false,"footnotes":""},"categories":[],"tags":[],"class_list":["post-2368","page","type-page","status-publish","hentry"],"acf":[],"_links":{"self":[{"href":"https:\/\/univet.hu\/hu\/wp-json\/wp\/v2\/pages\/2368","targetHints":{"allow":["GET"]}}],"collection":[{"href":"https:\/\/univet.hu\/hu\/wp-json\/wp\/v2\/pages"}],"about":[{"href":"https:\/\/univet.hu\/hu\/wp-json\/wp\/v2\/types\/page"}],"author":[{"embeddable":true,"href":"https:\/\/univet.hu\/hu\/wp-json\/wp\/v2\/users\/1"}],"replies":[{"embeddable":true,"href":"https:\/\/univet.hu\/hu\/wp-json\/wp\/v2\/comments?post=2368"}],"version-history":[{"count":0,"href":"https:\/\/univet.hu\/hu\/wp-json\/wp\/v2\/pages\/2368\/revisions"}],"up":[{"embeddable":true,"href":"https:\/\/univet.hu\/hu\/wp-json\/wp\/v2\/pages\/820"}],"wp:attachment":[{"href":"https:\/\/univet.hu\/hu\/wp-json\/wp\/v2\/media?parent=2368"}],"wp:term":[{"taxonomy":"category","embeddable":true,"href":"https:\/\/univet.hu\/hu\/wp-json\/wp\/v2\/categories?post=2368"},{"taxonomy":"post_tag","embeddable":true,"href":"https:\/\/univet.hu\/hu\/wp-json\/wp\/v2\/tags?post=2368"}],"curies":[{"name":"wp","href":"https:\/\/api.w.org\/{rel}","templated":true}]}}