{"id":2378,"date":"2018-04-12T16:11:41","date_gmt":"2018-04-12T14:11:41","guid":{"rendered":"http:\/\/univet.hu\/oktatas\/hok\/hasznos-oldalak-useful-websites\/"},"modified":"2024-03-05T15:47:49","modified_gmt":"2024-03-05T14:47:49","slug":"hasznos-oldalak-useful-websites","status":"publish","type":"page","link":"https:\/\/univet.hu\/hu\/oktatas\/hok\/hasznos-oldalak-useful-websites\/","title":{"rendered":"Hasznos oldalak \/ Useful websites"},"content":{"rendered":"<p><span style=\"font-family: georgia,serif;\"><strong><a href=\"http:\/\/www.univet.hu\" data-replaced=\"true\"><span style=\"color: #800000;\">Egyetem honlapja<\/span><\/a><\/strong><\/span><\/p> <p><span style=\"font-family: georgia,serif;\"><strong><a href=\"https:\/\/www.facebook.com\/UnivetHU\/?fref=ts\" data-replaced=\"true\"><span style=\"color: #800000;\">Az Egyetem facebook oldala<\/span><\/a><\/strong><\/span><\/p> <p><span style=\"font-family: georgia,serif;\"><strong><a href=\"https:\/\/www.facebook.com\/atehok\/?fref=ts\" data-replaced=\"true\"><span style=\"color: #800000;\">H\u00d6K facebook oldal<\/span><\/a><\/strong><\/span><\/p> <p><span style=\"font-family: georgia,serif;\"><strong><a href=\"https:\/\/www.instagram.com\/ate_hok\/\" data-replaced=\"true\"><span style=\"color: #800000;\">H\u00d6K Instagram oldal<\/span><\/a><\/strong><\/span><\/p> <p><span style=\"font-family: georgia,serif;\"><strong><a href=\"https:\/\/www.facebook.com\/%C3%81llatorvosi-szakk%C3%B6nyvek-jegyzetek-325385410894169\/?fref=ts\" data-replaced=\"true\"><span style=\"color: #800000;\">Jegyzetbolt<\/span><\/a><\/strong><\/span><\/p> <p><span style=\"font-family: georgia,serif;\"><strong><a href=\"https:\/\/www.facebook.com\/Hut%C3%BFra-Ferenc-K%C3%B6nyvt%C3%A1r-Lev%C3%A9lt%C3%A1r-%C3%A9s-M%C3%BAzeum-186052661445818\/?hc_ref=SEARCH&amp;fref=nf\" data-replaced=\"true\"><span style=\"color: #800000;\">K\u00f6nyvt\u00e1r facebook oldala<\/span><\/a><span style=\"color: #800000;\">\u00a0<\/span><\/strong><\/span><\/p> <p><a href=\"http:\/\/www.konyvtar.univet.hu\/index.php\/hu\" data-replaced=\"true\"><span style=\"font-family: georgia,serif;\"><strong><span style=\"color: #800000;\">K\u00f6nyvt\u00e1r honlapja<\/span><\/strong><\/span><\/a><\/p> <p><span style=\"font-family: georgia,serif;\"><strong><a href=\"http:\/\/www.mavsz.com\/index.php\" data-replaced=\"true\"><span style=\"color: #800000;\">Magyar \u00c1llatorvosok Vil\u00e1gszervezete<\/span><\/a><\/strong><\/span><\/p> <p><a href=\"http:\/\/www.maok.hu\/\" data-replaced=\"true\"><span style=\"font-family: georgia,serif;\"><strong><span style=\"color: #800000;\">Magyar \u00c1llatorvosi Kamara honlapja<\/span><\/strong><\/span><\/a><\/p> <p><span style=\"font-family: georgia,serif;\"><strong><a href=\"https:\/\/www.facebook.com\/Z%C3%A1llatorvos-556452234477487\/\" data-replaced=\"true\"><span style=\"color: #800000;\">Z\u00e1llatorvos<\/span><\/a><\/strong><\/span><\/p> <p><span style=\"font-family: georgia,serif;\"><strong><a href=\"http:\/\/www.konyvtar.univet.hu\/index.php\/hu\" data-replaced=\"true\/forrasok\/e-konyvek#konyvek\"><span style=\"color: #800000;\">E-k\u00f6nyvek<\/span><\/a><\/strong><\/span><\/p> <p>&nbsp;<\/p> <div class=\"article-cont-clear clear\"><\/div>","protected":false},"excerpt":{"rendered":"<p>Egyetem honlapja Az Egyetem facebook oldala H\u00d6K facebook oldal H\u00d6K Instagram oldal Jegyzetbolt K\u00f6nyvt\u00e1r facebook oldala\u00a0 K\u00f6nyvt\u00e1r honlapja Magyar \u00c1llatorvosok Vil\u00e1gszervezete Magyar \u00c1llatorvosi Kamara honlapja Z\u00e1llatorvos E-k\u00f6nyvek &nbsp;<\/p>\n","protected":false},"author":1,"featured_media":0,"parent":820,"menu_order":219,"comment_status":"closed","ping_status":"closed","template":"","meta":{"_acf_changed":false,"footnotes":""},"categories":[],"tags":[],"class_list":["post-2378","page","type-page","status-publish","hentry"],"acf":[],"_links":{"self":[{"href":"https:\/\/univet.hu\/hu\/wp-json\/wp\/v2\/pages\/2378","targetHints":{"allow":["GET"]}}],"collection":[{"href":"https:\/\/univet.hu\/hu\/wp-json\/wp\/v2\/pages"}],"about":[{"href":"https:\/\/univet.hu\/hu\/wp-json\/wp\/v2\/types\/page"}],"author":[{"embeddable":true,"href":"https:\/\/univet.hu\/hu\/wp-json\/wp\/v2\/users\/1"}],"replies":[{"embeddable":true,"href":"https:\/\/univet.hu\/hu\/wp-json\/wp\/v2\/comments?post=2378"}],"version-history":[{"count":0,"href":"https:\/\/univet.hu\/hu\/wp-json\/wp\/v2\/pages\/2378\/revisions"}],"up":[{"embeddable":true,"href":"https:\/\/univet.hu\/hu\/wp-json\/wp\/v2\/pages\/820"}],"wp:attachment":[{"href":"https:\/\/univet.hu\/hu\/wp-json\/wp\/v2\/media?parent=2378"}],"wp:term":[{"taxonomy":"category","embeddable":true,"href":"https:\/\/univet.hu\/hu\/wp-json\/wp\/v2\/categories?post=2378"},{"taxonomy":"post_tag","embeddable":true,"href":"https:\/\/univet.hu\/hu\/wp-json\/wp\/v2\/tags?post=2378"}],"curies":[{"name":"wp","href":"https:\/\/api.w.org\/{rel}","templated":true}]}}