{"id":2381,"date":"2018-04-12T19:28:30","date_gmt":"2018-04-12T17:28:30","guid":{"rendered":"http:\/\/univet.hu\/oktatas\/mentalhub\/rolunk\/"},"modified":"2018-04-12T19:28:30","modified_gmt":"2018-04-12T17:28:30","slug":"rolunk","status":"publish","type":"page","link":"https:\/\/univet.hu\/hu\/oktatas\/mentalhub\/rolunk\/","title":{"rendered":"R\u00f3lunk"},"content":{"rendered":"<section class=\"col1\"> <h2 class=\"pad_bot1\">Mi a ment\u00e1lhigi\u00e9?<\/h2> <p class=\"color1 pad_top1 pad_bot3\">A ment\u00e1lhigi\u00e9n\u00e9 az &#8222;\u00e9p&#8221; emberek ment\u00e1lis \u00e9s pszich\u00e9s eg\u00e9szs\u00e9g-meg\u0151rz\u00e9s\u00e9vel foglalkoz\u00f3 elismert t\u00f6bb mint sz\u00e1z \u00e9ves tudom\u00e1nyter\u00fclet, amely a m\u00e1sodik vil\u00e1gh\u00e1bor\u00fat k\u00f6vet\u0151 id\u0151szakban vett igazi lend\u00fcletet az Egyes\u00fclt \u00c1llamokban. Haz\u00e1nkban a k\u00f6ztudatban tal\u00e1n csak az elm\u00falt 10-15 \u00e9vben kezdett igaz\u00e1n besziv\u00e1rogni.<\/p> <div class=\"wrapper\">  \t\t<img loading=\"lazy\" decoding=\"async\" src=\"images\/mhc32.jpeg\" data-replaced=\"true\" width=\"130\" height=\"90\" alt=\"\" title=\"\" border=\"0\" \/>  <img loading=\"lazy\" decoding=\"async\" src=\"images\/mhc33.jpeg\" data-replaced=\"true\" width=\"130\" height=\"90\" alt=\"\" title=\"\" border=\"0\" \/><\/p> <p>  \t\t\t\t\t <img loading=\"lazy\" decoding=\"async\" src=\"images\/st1.jpg\" data-replaced=\"true\" width=\"265\" height=\"140\" alt=\"\" title=\"\" border=\"0\" \/><\/p><\/div> <p>A ment\u00e1lhigi\u00e9n\u00e9 a pszichol\u00f3gia azon ter\u00fclete, ahol mindazokkal foglalkozunk, akik szeretn\u00e9k saj\u00e1t k\u00e9pess\u00e9geiket, magukr\u00f3l szerzett ismereteiket b\u0151v\u00edteni, \u00e9s azokkal, akik bizonyos k\u00e9rd\u00e9sekben esetleg elakadtak \u00e9s a kiutat keresik. Akik id\u0151nk\u00e9nt ker\u00fclhetnek m\u00e9ly lelki\/\u00e9rzelmi\/\u00e9letviteli v\u00e1ls\u00e1gba is, \u00e9s ak\u00e1r \u00e1llhatnak id\u0151szakosan gy\u00f3gyszeres kezel\u00e9s alatt, de megfelel\u0151 ir\u00e1nymutat\u00e1s mellett, bizonyos \u00e9lettapasztalatok feldolgoz\u00e1s\u00e1n kereszt\u00fcl \u00e9let\u00fck \u00fajra kiegyens\u00falyozott\u00e1 v\u00e1lhat.<\/p> <\/section> <section class=\"col2\"> <h2 class=\"pad_bot1\">Kik vagyunk?<\/h2> <p class=\"pad_bot1 pad_top1\"><strong class=\"color1\">Szakmai tapasztalataink<\/strong><\/p> <p>2011 \u00f3ta \u00fczemeltetj\u00fck di\u00e1k-ment\u00e1lhigi\u00e9n\u00e9s tan\u00e1csad\u00f3 szolg\u00e1ltat\u00e1sunkat, amely jelenleg ~ 2600 f\u0151s hallgat\u00f3i\/di\u00e1k l\u00e9tsz\u00e1mot szolg\u00e1l ki. Mivel az oktat\u00e1si int\u00e9zm\u00e9nyek helysz\u00edn\u00e9n m\u0171k\u00fcdtetj\u00fck a di\u00e1k-tan\u00e1csad\u00f3 irod\u00e1kat, a hallgat\u00f3k\/tanul\u00f3k k\u00e9nyelmesen, saj\u00e1t iskol\u00e1juk helysz\u00edn\u00e9n juthatnak v\u00e1laszokhoz, seg\u00edts\u00e9ghez \u00e9s ir\u00e1nymutat\u00e1shoz.<\/p> <p class=\"pad_bot1\"><strong class=\"color1\">Hogyan m\u0171k\u00f6dik a di\u00e1k-tan\u00e1csad\u00e1s?<\/strong><\/p> <p>V\u00e1llalakoz\u00e1sunk az adott int\u00e9zm\u00e9nnyel \u00e1ll szerz\u0151d\u00e9ses viszonyban, \u00edgy a di\u00e1kok\/hallgat\u00f3k ingyenesen vehetik ig\u00e9nybe a tan\u00e1csad\u00e1st. Ez rendszerint \u00fagy t\u00f6rt\u00e9nik, hogy a hallgat\u00f3k\/di\u00e1kok bejelentkeznek tan\u00e1csad\u00e1sra, szem\u00e9lyesen, telefonon, e-mailben vagy online id\u0151pontfoglal\u00e1si rendszer\u00fcnk\u00f6n kereszt\u00fcl. Az egyeztetett id\u0151pontban (a fogad\u00f3\u00f3r\u00e1ra) elj\u00f6nnek. Egy-egy foglalkoz\u00e1s 45-60 perc hossz\u00fa, ahol a kliensek bizalmas keretek k\u00f6z\u00f6tt besz\u00e9lhetnek az \u0151ket foglalkoztat\u00f3 k\u00e9rd\u00e9sekr\u0151l, probl\u00e9m\u00e1kr\u00f3l. Egy-egy hallgat\u00f3nak\/di\u00e1knak 6-8 besz\u00e9lget\u0151s foglalkoz\u00e1s is biztos\u00edthat\u00f3, ig\u00e9ny \u00e9s esett\u0151l f\u00fcgg\u0151en.<\/p> <p>  \t\tA di\u00e1k-tan\u00e1csad\u00e1s &#8216;hagyom\u00e1nyos&#8217; t\u00e9mak\u00f6rei tapasztalataink alapj\u00e1n:<\/p> <p>     &#8211; Tanul\u00e1si gondok, teljes\u00edtm\u00e9nyroml\u00e1s<br \/>   &#8211; P\u00e1lyav\u00e1laszt\u00e1s, orient\u00e1ci\u00f3<br \/>   &#8211; Sz\u00fcl\u0151- vagy tan\u00e1r \u00e9s hallgat\u00f3 kapcsolataiban megjelen\u0151 konfliktusok \u00e9s probl\u00e9m\u00e1k<br \/>   &#8211; Kapcsolatteremt\u00e9si probl\u00e9m\u00e1k, elszigetel\u0151d\u00e9s, mag\u00e1ny<br \/>   &#8211; \u00d6nismereti k\u00e9rd\u00e9sek<br \/>   &#8211; Spiritu\u00e1lis (hit\u00e9leti) keres\u00e9s<br \/>   &#8211; P\u00e1rkapcsolati neh\u00e9zs\u00e9gek<br \/>   &#8211; Szorong\u00e1sos helyzetek kezel\u00e9se<br \/>   &#8211; Szenved\u00e9lybetegs\u00e9gek (pl.: j\u00e1t\u00e9k, drog \u00e9s alkohol probl\u00e9m\u00e1k) prevenci\u00f3ja<br \/>   &#8211; Interkultur\u00e1lis k\u00e9rd\u00e9sek, beilleszked\u00e9s<br \/>   &#8211; Traum\u00e1k \u00e9s vesztes\u00e9gek feldolgoz\u00e1s\u00e1t seg\u00edt\u0151 technik\u00e1k megismertet\u00e9se<br \/>   &#8211; El\u0151sz\u0171r\u00e9s &#8211; esetleges pszich\u00e9s probl\u00e9m\u00e1k beazonos\u00edt\u00e1sa &#8211; refer\u00e1l\u00e1sok<br \/>   &#8211; \u00c9letvezet\u00e9si coaching<\/p> <p class=\"pad_bot1\"><strong class=\"color1\">Milyen nyelveken vehet\u0151 ig\u00e9nybe a tan\u00e1csad\u00e1s?<\/strong><\/p> <p>A tan\u00e1csad\u00e1s magyar, illetve angol nyelven \u00e1ll a hallgat\u00f3k\/di\u00e1kok rendelkez\u00e9s\u00e9re.<\/p> <p class=\"pad_bot1\"><strong class=\"color1\">Ki veheti ig\u00e9nybe a tan\u00e1csad\u00e1st?<\/strong><\/p> <p>          B\u00e1rmely di\u00e1k\/hallgat\u00f3, aki az adott oktat\u00e1si int\u00e9zm\u00e9nnyel (szerz\u0151d\u00e9ses partner\u00fcnkkel) akt\u00edv hallgat\u00f3i\/tanul\u00f3i jogviszonyban \u00e1ll.<\/section>","protected":false},"excerpt":{"rendered":"<p>Mi a ment\u00e1lhigi\u00e9? A ment\u00e1lhigi\u00e9n\u00e9 az &#8222;\u00e9p&#8221; emberek ment\u00e1lis \u00e9s pszich\u00e9s eg\u00e9szs\u00e9g-meg\u0151rz\u00e9s\u00e9vel foglalkoz\u00f3 elismert t\u00f6bb mint sz\u00e1z \u00e9ves tudom\u00e1nyter\u00fclet, amely a m\u00e1sodik vil\u00e1gh\u00e1bor\u00fat k\u00f6vet\u0151 id\u0151szakban vett igazi lend\u00fcletet az Egyes\u00fclt \u00c1llamokban. Haz\u00e1nkban a k\u00f6ztudatban tal\u00e1n csak az elm\u00falt 10-15 \u00e9vben kezdett igaz\u00e1n besziv\u00e1rogni. A ment\u00e1lhigi\u00e9n\u00e9 a pszichol\u00f3gia azon ter\u00fclete, ahol mindazokkal foglalkozunk, akik szeretn\u00e9k saj\u00e1t<\/p>\n","protected":false},"author":1,"featured_media":0,"parent":1872,"menu_order":192,"comment_status":"closed","ping_status":"closed","template":"","meta":{"_acf_changed":false,"footnotes":""},"categories":[],"tags":[],"class_list":["post-2381","page","type-page","status-publish","hentry"],"acf":[],"_links":{"self":[{"href":"https:\/\/univet.hu\/hu\/wp-json\/wp\/v2\/pages\/2381","targetHints":{"allow":["GET"]}}],"collection":[{"href":"https:\/\/univet.hu\/hu\/wp-json\/wp\/v2\/pages"}],"about":[{"href":"https:\/\/univet.hu\/hu\/wp-json\/wp\/v2\/types\/page"}],"author":[{"embeddable":true,"href":"https:\/\/univet.hu\/hu\/wp-json\/wp\/v2\/users\/1"}],"replies":[{"embeddable":true,"href":"https:\/\/univet.hu\/hu\/wp-json\/wp\/v2\/comments?post=2381"}],"version-history":[{"count":0,"href":"https:\/\/univet.hu\/hu\/wp-json\/wp\/v2\/pages\/2381\/revisions"}],"up":[{"embeddable":true,"href":"https:\/\/univet.hu\/hu\/wp-json\/wp\/v2\/pages\/1872"}],"wp:attachment":[{"href":"https:\/\/univet.hu\/hu\/wp-json\/wp\/v2\/media?parent=2381"}],"wp:term":[{"taxonomy":"category","embeddable":true,"href":"https:\/\/univet.hu\/hu\/wp-json\/wp\/v2\/categories?post=2381"},{"taxonomy":"post_tag","embeddable":true,"href":"https:\/\/univet.hu\/hu\/wp-json\/wp\/v2\/tags?post=2381"}],"curies":[{"name":"wp","href":"https:\/\/api.w.org\/{rel}","templated":true}]}}