{"id":2382,"date":"2018-04-12T19:28:31","date_gmt":"2018-04-12T17:28:31","guid":{"rendered":"http:\/\/univet.hu\/oktatas\/mentalhub\/kapcsolat\/"},"modified":"2018-04-12T21:37:24","modified_gmt":"2018-04-12T19:37:24","slug":"kapcsolat","status":"publish","type":"page","link":"https:\/\/univet.hu\/hu\/oktatas\/mentalhub\/kapcsolat\/","title":{"rendered":"Kapcsolat"},"content":{"rendered":"<section class=\"col1\"> <p class=\"pad_top1 pad_bot1\">Online id\u0151pontfoglal\u00e1shoz egy\u00e9ni tan\u00e1csad\u00e1sra az al\u00e1bbi linken kereszt\u00fcl tudsz bejelentkezni:<br \/> <a href=\"http:\/\/mentalhub.appointy.com\/\">http:\/\/mentalhub.appointy.com\/<\/a><\/p> <p class=\"pad_top1 pad_bot1\"> Fogad\u00f3\u00f3r\u00e1k \u00e9s tan\u00e1csad\u00e1s helysz\u00edn\u00e9re vonatkoz\u00f3 inform\u00e1ci\u00f3kat l\u00e1sd a &#8222;Fogad\u00f3\u00f3ra &#8211; helyszin&#8221; f\u00fcl alatt.<\/p> <p class=\"pad_bot1\">A kapcsolatfelv\u00e9telre (az online id\u0151pontegyeztet\u00e9sen k\u00edv\u00fcl, l\u00e1sd a kezd\u0151lapot) a tov\u00e1bbi m\u00f3dokon van lehet\u0151s\u00e9g:<\/p> <p>Tel: +36-30-386-9898<br \/> E-mail: <a class=\"decrypt\" rel=\"nidAivnbo.tfswjdf\/iv\" href=\"javascript:void(0);\">[Kattintson az emailc\u00edmhez]<\/a><br \/> Skype: corp.counseling<\/p> <p>Web1: www.human-service.hu<br \/> Web2: www.mentalhub.hu<\/p> <\/section> <section class=\"col2\"> <h2 class=\"pad_bot1\">QR k\u00f3dunk:<\/h2> <p><img loading=\"lazy\" decoding=\"async\" title=\"\" src=\"images\/qrcode.png\" data-replaced=\"true\" alt=\"\" width=\"200\" height=\"200\" border=\"0\" \/><\/p> <\/section>","protected":false},"excerpt":{"rendered":"<p>Online id\u0151pontfoglal\u00e1shoz egy\u00e9ni tan\u00e1csad\u00e1sra az al\u00e1bbi linken kereszt\u00fcl tudsz bejelentkezni: http:\/\/mentalhub.appointy.com\/ Fogad\u00f3\u00f3r\u00e1k \u00e9s tan\u00e1csad\u00e1s helysz\u00edn\u00e9re vonatkoz\u00f3 inform\u00e1ci\u00f3kat l\u00e1sd a &#8222;Fogad\u00f3\u00f3ra &#8211; helyszin&#8221; f\u00fcl alatt. A kapcsolatfelv\u00e9telre (az online id\u0151pontegyeztet\u00e9sen k\u00edv\u00fcl, l\u00e1sd a kezd\u0151lapot) a tov\u00e1bbi m\u00f3dokon van lehet\u0151s\u00e9g: Tel: +36-30-386-9898 E-mail: [Kattintson az emailc\u00edmhez] Skype: corp.counseling Web1: www.human-service.hu Web2: www.mentalhub.hu QR k\u00f3dunk:<\/p>\n","protected":false},"author":1,"featured_media":0,"parent":1872,"menu_order":203,"comment_status":"closed","ping_status":"closed","template":"","meta":{"_acf_changed":false,"footnotes":""},"categories":[],"tags":[],"class_list":["post-2382","page","type-page","status-publish","hentry"],"acf":[],"_links":{"self":[{"href":"https:\/\/univet.hu\/hu\/wp-json\/wp\/v2\/pages\/2382","targetHints":{"allow":["GET"]}}],"collection":[{"href":"https:\/\/univet.hu\/hu\/wp-json\/wp\/v2\/pages"}],"about":[{"href":"https:\/\/univet.hu\/hu\/wp-json\/wp\/v2\/types\/page"}],"author":[{"embeddable":true,"href":"https:\/\/univet.hu\/hu\/wp-json\/wp\/v2\/users\/1"}],"replies":[{"embeddable":true,"href":"https:\/\/univet.hu\/hu\/wp-json\/wp\/v2\/comments?post=2382"}],"version-history":[{"count":0,"href":"https:\/\/univet.hu\/hu\/wp-json\/wp\/v2\/pages\/2382\/revisions"}],"up":[{"embeddable":true,"href":"https:\/\/univet.hu\/hu\/wp-json\/wp\/v2\/pages\/1872"}],"wp:attachment":[{"href":"https:\/\/univet.hu\/hu\/wp-json\/wp\/v2\/media?parent=2382"}],"wp:term":[{"taxonomy":"category","embeddable":true,"href":"https:\/\/univet.hu\/hu\/wp-json\/wp\/v2\/categories?post=2382"},{"taxonomy":"post_tag","embeddable":true,"href":"https:\/\/univet.hu\/hu\/wp-json\/wp\/v2\/tags?post=2382"}],"curies":[{"name":"wp","href":"https:\/\/api.w.org\/{rel}","templated":true}]}}