{"id":2383,"date":"2018-04-12T19:28:31","date_gmt":"2018-04-12T17:28:31","guid":{"rendered":"http:\/\/univet.hu\/oktatas\/mentalhub\/mentalhub-human-service\/"},"modified":"2018-04-12T21:37:50","modified_gmt":"2018-04-12T19:37:50","slug":"fogadoorak","status":"publish","type":"page","link":"https:\/\/univet.hu\/hu\/oktatas\/mentalhub\/fogadoorak\/","title":{"rendered":"Fogad\u00f3\u00f3r\u00e1k"},"content":{"rendered":"<section class=\"col1\"> <h3 class=\"pad_bot1\">Itt vagyunk:<\/h3> <p><iframe loading=\"lazy\" src=\"https:\/\/maps.google.hu\/maps?f=q&amp;source=s_q&amp;hl=hu&amp;geocode=&amp;q=%C3%81llatorvostudom%C3%A1nyi+Egyetem,+Budapest,&amp;aq=&amp;sll=47.503186,19.078057&amp;sspn=0.0005,0.000581&amp;t=m&amp;gl=hu&amp;ie=UTF8&amp;hq=&amp;hnear=&amp;ll=47.5034,19.0781&amp;spn=0.006295,0.006295&amp;output=embed\" data-replaced=\"true\" width=\"200\" height=\"150\" frameborder=\"0\" marginwidth=\"0\" marginheight=\"0\" scrolling=\"no\"><\/iframe><br \/> <small><a style=\"color: #0000ff; text-align: left;\" href=\"https:\/\/maps.google.hu\/maps?f=q&amp;source=embed&amp;hl=hu&amp;geocode=&amp;q=%C3%81llatorvostudom%C3%A1nyi+Egyetem,+Budapest,&amp;aq=&amp;sll=47.503186,19.078057&amp;sspn=0.0005,0.000581&amp;t=m&amp;gl=hu&amp;ie=UTF8&amp;hq=&amp;hnear=&amp;ll=47.5034,19.0781&amp;spn=0.006295,0.006295\">Nagyobb t\u00e9rk\u00e9pre v\u00e1lt\u00e1s<\/a><\/small><\/p> <div class=\"wrapper\"><\/div> <\/section> <section class=\"col2\"> <h3 class=\"pad_bot1\">Fogad\u00f3\u00f3r\u00e1k rendje \u00e9s helysz\u00edne:<\/h3> <p><b>H \u00e9p\u00fclet, III. emelet 308-as szoba<\/b><\/p> <p>H\u00e9tf\u0151 8:00-12:00 \u00f3ra k\u00f6z\u00f6tt<br \/> Cs\u00fct\u00f6rt\u00f6k: 10:00-14:00 \u00f3ra k\u00f6z\u00f6tt<\/p> <\/section>","protected":false},"excerpt":{"rendered":"<p>Itt vagyunk: Nagyobb t\u00e9rk\u00e9pre v\u00e1lt\u00e1s Fogad\u00f3\u00f3r\u00e1k rendje \u00e9s helysz\u00edne: H \u00e9p\u00fclet, III. emelet 308-as szoba H\u00e9tf\u0151 8:00-12:00 \u00f3ra k\u00f6z\u00f6tt Cs\u00fct\u00f6rt\u00f6k: 10:00-14:00 \u00f3ra k\u00f6z\u00f6tt<\/p>\n","protected":false},"author":1,"featured_media":0,"parent":1872,"menu_order":207,"comment_status":"closed","ping_status":"closed","template":"","meta":{"_acf_changed":false,"footnotes":""},"categories":[],"tags":[],"class_list":["post-2383","page","type-page","status-publish","hentry"],"acf":[],"_links":{"self":[{"href":"https:\/\/univet.hu\/hu\/wp-json\/wp\/v2\/pages\/2383","targetHints":{"allow":["GET"]}}],"collection":[{"href":"https:\/\/univet.hu\/hu\/wp-json\/wp\/v2\/pages"}],"about":[{"href":"https:\/\/univet.hu\/hu\/wp-json\/wp\/v2\/types\/page"}],"author":[{"embeddable":true,"href":"https:\/\/univet.hu\/hu\/wp-json\/wp\/v2\/users\/1"}],"replies":[{"embeddable":true,"href":"https:\/\/univet.hu\/hu\/wp-json\/wp\/v2\/comments?post=2383"}],"version-history":[{"count":0,"href":"https:\/\/univet.hu\/hu\/wp-json\/wp\/v2\/pages\/2383\/revisions"}],"up":[{"embeddable":true,"href":"https:\/\/univet.hu\/hu\/wp-json\/wp\/v2\/pages\/1872"}],"wp:attachment":[{"href":"https:\/\/univet.hu\/hu\/wp-json\/wp\/v2\/media?parent=2383"}],"wp:term":[{"taxonomy":"category","embeddable":true,"href":"https:\/\/univet.hu\/hu\/wp-json\/wp\/v2\/categories?post=2383"},{"taxonomy":"post_tag","embeddable":true,"href":"https:\/\/univet.hu\/hu\/wp-json\/wp\/v2\/tags?post=2383"}],"curies":[{"name":"wp","href":"https:\/\/api.w.org\/{rel}","templated":true}]}}