{"id":2384,"date":"2018-04-12T19:28:31","date_gmt":"2018-04-12T17:28:31","guid":{"rendered":"http:\/\/univet.hu\/oktatas\/mentalhub\/rolunk-2\/"},"modified":"2018-04-12T21:38:09","modified_gmt":"2018-04-12T19:38:09","slug":"krizis","status":"publish","type":"page","link":"https:\/\/univet.hu\/hu\/oktatas\/mentalhub\/krizis\/","title":{"rendered":"Mi a kr\u00edzis?"},"content":{"rendered":"<section class=\"col1\"> <h2 class=\"pad_bot1\">Mi a kr\u00edzis?<\/h2> <p class=\"color1 pad_top1 pad_bot3\">Minden olyan helyzet, amelyben kil\u00e1t\u00e1stalannak l\u00e1tod a helyzetedet &#8222;hosszabb ideje&#8221; (napok\/hetek \u00f3ta) komoly pszichol\u00f3giai kr\u00edzisnek tekinthet\u0151.<\/p> <div class=\"wrapper\"><img loading=\"lazy\" decoding=\"async\" title=\"\" src=\"images\/km49.jpeg\" data-replaced=\"true\" alt=\"\" width=\"265\" height=\"140\" border=\"0\" \/><\/p> <\/div> <p><b>Kr\u00edzisben a legfontosabb teend\u0151, hogy k\u00e9rj\u00fcnk seg\u00edts\u00e9get, <\/b>ha a k\u00f6zvetlen k\u00f6rnyezet\u00fcnkben nincs olyan szem\u00e9ly, akire sz\u00e1m\u00edthatn\u00e1nk, h\u00edvjunk k\u00fcls\u0151 seg\u00edts\u00e9get megb\u00edzhat\u00f3 forr\u00e1sb\u00f3l (l\u00e1sd n\u00e9h\u00e1ny seg\u00edt\u0151 szakmai szervezetet a jobb oldalon.)<\/p> <p class=\"pad_bot1 pad_top1\"><strong class=\"color1\">Mi\u00e9rt van sz\u00fcks\u00e9g k\u00fcls\u0151 seg\u00edts\u00e9gre?<\/strong><\/p> <p>Els\u0151sorban az\u00e9rt van sz\u00fcks\u00e9g erre, mert a kr\u00edzis-\u00e1llapotban a test\u00fcnk t\u00fal\u00e9l\u0151-m\u00f3dra kapcsol, tudatunk \u00e9s v\u00e1laszt\u00e1si lehet\u0151s\u00e9geink k\u00f6re besz\u00fck\u00fcl, sokszor k\u00e9ts\u00e9gbe vonjuk bels\u0151 \u00e9s k\u00fcls\u0151 er\u0151forr\u00e1sainkat.<\/p> <p>A kr\u00edzishelyzethez k\u00f6t\u00f6tt l\u00e1ts\u00e1m\u00f3dunk (\u00e9s az ott megtapasztalt kil\u00e1t\u00e1stalans\u00e1g \u00e9rz\u00e9se) bizony \u00e9rtelmez\u00e9s k\u00e9rd\u00e9se is, att\u00f3l f\u00fcgg\u0151en, hogy agyunk a v\u00e9lt vagy val\u00f3s vesztes\u00e9gekre fokusz\u00e1lva, illetve a f\u00e1jdalom cs\u00f6kkent\u00e9se \u00e9rdek\u00e9ben mik\u00e9nt sark\u00edt.<\/p> <\/section> <section class=\"col2\"> <h2 class=\"pad_bot1\">Szakmai szervezetek (szakszolg\u00e1latok)<\/h2> <p>Kr\u00edzisben a legfontosabb teend\u0151, hogy k\u00e9rj\u00fcnk seg\u00edts\u00e9get! Az al\u00e1bbiakban n\u00e9h\u00e1ny ismert szakmai szervezet el\u00e9rhet\u0151s\u00e9ge \u00e9s weboldala olvashat\u00f3, ahol telefonon vagy szem\u00e9lyesen is seg\u00edts\u00e9get kaphatunk a di\u00e1k-tan\u00e1csad\u00e1s lehet\u0151s\u00e9g\u00e9n k\u00edv\u00fcl.<\/p> <h3>Ismert szakszolg\u00e1latok<\/h3> <ul> <li><!-- BEGIN url --><a class=\"postlink\" href=\"http:\/\/www.peterfykh.hu\/index.php?option=com_content&amp;view=article&amp;id=84&amp;Itemid=113\" target=\"_blank\" rel=\"noopener\">P\u00e9terfy S\u00e1ndor u. korh\u00e1z: kr\u00edzis intervenci\u00f3s \u00e9s pszichi\u00e1triai oszt\u00e1lya<\/a><!-- END url --><\/li> <li><!-- BEGIN url --><a class=\"postlink\" href=\"http:\/\/www.kekpont.hu\/szolgaltatasaink\/\" target=\"_blank\" rel=\"noopener\">Drogkonzult\u00e1ci\u00f3s k\u00f6zpont<\/a><!-- END url --><\/li> <li><!-- BEGIN url --><a class=\"postlink\" href=\"http:\/\/www.szeretetszolgalat.hu\/lelkisegely.html\" target=\"_blank\" rel=\"noopener\">Katolikus lelkiseg\u00e9lyszolg\u00e1lat<\/a><!-- END url --><\/li> <li><!-- BEGIN url --><a class=\"postlink\" href=\"http:\/\/www.csakegyet.hu\/\" target=\"_blank\" rel=\"noopener\">\u201eCsak Egyet\u201d Szoci\u00e1lis Seg\u00edt\u0151 K\u00f6zpont<\/a><!-- END url --><\/li> <li><!-- BEGIN url --><a class=\"postlink\" href=\"http:\/\/telefon-lelkigondozas.hu\/\" target=\"_blank\" rel=\"noopener\">Reform\u00e1tus lelkiseg\u00e9lyszolg\u00e1lat<\/a><!-- END url --><\/li> <li><!-- BEGIN url --><a class=\"postlink\" href=\"http:\/\/www.nane.hu\/\" target=\"_blank\" rel=\"noopener\">NANE egyes\u00fclet<\/a><!-- END url --><\/li> <li><!-- BEGIN url --><a class=\"postlink\" href=\"http:\/\/kek-vonal.hu\/index.php\/hu\/\" target=\"_blank\" rel=\"noopener\">K\u00e9k vonal gyermekkr\u00edzis alap\u00edtv\u00e1ny<\/a><!-- END url --><\/li> <li><!-- BEGIN url --><a class=\"postlink\" href=\"http:\/\/www.ifjusagi-lelkisegely.hu\/\" target=\"_blank\" rel=\"noopener\">Lelkiseg\u00e9ly szolg\u00e1lat fiataloknak<\/a><!-- END url --><\/li> <li><!-- BEGIN url --><a class=\"postlink\" href=\"http:\/\/www.sos505.hu\/index.php\/segelykeres\" target=\"_blank\" rel=\"noopener\">Magyar Lelki Els\u0151seg\u00e9ly Telefonszolg\u00e1latok Sz\u00f6vets\u00e9ge <\/a><!-- END url --><\/li> <li><!-- BEGIN url --><a class=\"postlink\" href=\"http:\/\/www.kaszlelkikozpont.hu\/\" target=\"_blank\" rel=\"noopener\">Katolikus Alkoholistament\u0151 Szolg\u00e1lat (Budapest)<\/a><!-- END url --><\/li> <li><!-- BEGIN url --><a class=\"postlink\" href=\"http:\/\/www.gamma.shp.hu\/hpc\/web.php?a=gamma\" target=\"_blank\" rel=\"noopener\">GAMMA GT Szenved\u00e9lybetegek \u00d6nseg\u00edt\u0151 csoportja (Budapest)<\/a><!-- END url --><\/li> <li><!-- BEGIN url --><a class=\"postlink\" href=\"http:\/\/bura.hu\/segitok\/intezmenyek\" target=\"_blank\" rel=\"noopener\">Tov\u00e1bbi seg\u00edt\u0151 szakmai szervezetek orsz\u00e1gszerte<\/a><!-- END url --><\/li> <\/ul> <p><b>2014. janu\u00e1r 29-t\u0151l \u00e9rv\u00e9nyes s\u00fcrg\u0151ss\u00e9gi \u00e9s akut \u00fcgyeleti beoszt\u00e1s Budapesten \u00e9s Pest megy\u00e9ben<\/p> <p><\/b> Ez \u00e9v lej\u00e9t\u0151l az Orsz\u00e1gos Ment\u0151szolg\u00e1lat v\u00e9gzi a betegek k\u00f3rh\u00e1zi elhelyez\u00e9s\u00e9nek koordin\u00e1l\u00e1s\u00e1t. Ennek megfelel\u0151en a ment\u0151k honlapj\u00e1n tett\u00e9k k\u00f6zz\u00e9 az Orsz\u00e1gos Tisztif\u0151orvosi Hiavatal \u00e1ltal \u00f6ssze\u00e1ll\u00edtott (Budapestre \u00e9s Pest megy\u00e9re vonatkoz\u00f3) \u00fcgyeleti rendet, mely \u00e9rinti a pszichol\u00f3giai probl\u00e9m\u00e1kkal k\u00fcszk\u00f6d\u0151k elhelyez\u00e9s\u00e9t, \u00e9s s\u00fcrg\u0151ss\u00e9gi ell\u00e1t\u00e1s\u00e1t. Ez ut\u00f3bbi szempont alapj\u00e1n az al\u00e1bbi fontosabb v\u00e1ltoz\u00e1sok \u00e1llap\u00edthat\u00f3 meg:<\/p> <p><b>Pszichi\u00e1triai betegek akut ell\u00e1t\u00e1sa:<br \/> <\/b> A k\u00f6zvetlen vesz\u00e9lyeztet\u0151 magatart\u00e1st tan\u00fas\u00edt\u00f3 14 \u00e9v feletti pszichi\u00e1triai beteg k\u00f3rh\u00e1zi felv\u00e9tele a ter\u00fcletileg illet\u00e9kes feln\u0151tt pszichi\u00e1triai oszt\u00e1lyon t\u00f6rt\u00e9nik. A 14 \u00e9ves kor alatti \u00e9s 15. \u00e9v\u00e9ben j\u00e1r\u00f3, de m\u00e9g \u00e1ltal\u00e1nos iskol\u00e1s \u2013 szomatikus t\u00fcneteket nem mutat\u00f3 \u2013 kr\u00edzis\u00e1llapot eset\u00e9ben el\u0151zetes telefonegyeztet\u00e9s ut\u00e1n a Heim P. Kh. (C\u00edm: 1089 Bp., Delej u. 9-11.) l\u00e1tja el a beteget. Szomatikus t\u00fcnetekkel a 14 \u00e9ves kor alatti \u00e9s 15. \u00e9v\u00e9ben j\u00e1r\u00f3, de m\u00e9g \u00e1ltal\u00e1nos iskol\u00e1s kr\u00edzis \u00e1llapotok kezel\u00e9s\u00e9t a ter\u00fcletileg illet\u00e9kes gyermekgy\u00f3gy\u00e1szati oszt\u00e1lyok v\u00e9gzik. A Heim P\u00e1l Kh. Delej utcai ambulanci\u00e1j\u00e1ra minden olyan 14 \u00e9v alatti \u00e9s 15. \u00e9v\u00e9ben j\u00e1r\u00f3, de m\u00e9g \u00e1ltal\u00e1nos iskol\u00e1s beteg ir\u00e1ny\u00edthat\u00f3, aki \u2013 az \u00e9szlel\u0151 orvos szerint \u2013 pszich\u00f3zisra gyan\u00fas \u00e1llapotk\u00e9pet mutat.<\/p> <p><b>Ittas s\u00e9r\u00fcltek \u00fcgyeleti ell\u00e1t\u00e1sa:<\/b><br \/> Ha az ittas beteg egy\u00fattal s\u00e9r\u00fclt is, alapvet\u0151en a s\u00e9r\u00fcl\u00e9s tekintend\u0151 vezet\u0151 t\u00fcnetnek \u00e9s ilyenkor az Orsz\u00e1gos Ment\u0151szolg\u00e1lat ig\u00e9nybev\u00e9tel\u00e9vel t\u00f6rt\u00e9nik a beteg gy\u00f3gyint\u00e9zetbe sz\u00e1ll\u00edt\u00e1sa. Amennyiben a r\u00e9szegs\u00e9g \u00e9s a s\u00e9r\u00fcl\u00e9s egy\u00fcttesen fordul el\u0151, illetve a s\u00e9r\u00fcl\u00e9s a vezet\u0151 t\u00fcnet (pl. m\u0171t\u00e9tet ig\u00e9nyl\u0151 csontt\u00f6r\u00e9s, ny\u00edlt-, vagy darabos t\u00f6r\u00e9s, hasi s\u00e9r\u00fcl\u00e9s, mellkass\u00e9r\u00fcl\u00e9s, koponyas\u00e9r\u00fcl\u00e9s stb.) a r\u00e9gi\u00f3ban m\u0171k\u00f6d\u0151 traumatol\u00f3giai esetek ell\u00e1t\u00e1s\u00e1ra kijel\u00f6lt oszt\u00e1lyra kell sz\u00e1ll\u00edtani a r\u00e9szeg s\u00e9r\u00fcltet. Ha a s\u00e9r\u00fclt magatart\u00e1sa nem agressz\u00edv, vele kontaktus teremthet\u0151, adekv\u00e1t v\u00e1laszokat ad, rendel\u0151int\u00e9zeti seb\u00e9szeti szakrendel\u00e9sre, illetve a region\u00e1lis baleseti ambulanci\u00e1ra kell utalni. Ha a s\u00e9r\u00fcl\u00e9s, horzsol\u00e1s, haematoma, contusio, stb. teh\u00e1t traumatol\u00f3giai beavatkoz\u00e1st (sebkimetsz\u00e9st, seb-egyes\u00edt\u00e9st, stb.) nem ig\u00e9nyel, a beteget a detoxik\u00e1l\u00e1st v\u00e9gz\u0151 SBO-ra kell sz\u00e1ll\u00edtani. Ugyancsak ide sz\u00e1ll\u00edtand\u00f3k azok az alkoholosan intoxik\u00e1lt s\u00e9r\u00fcltek is, akiknek enyh\u00e9bb fok\u00fa s\u00e9r\u00fcl\u00e9se ell\u00e1t\u00e1st nyert \u00e9s nem ig\u00e9nyelnek k\u00f3rh\u00e1zi observati\u00f3t, de alkoholos \u00e1llapotuk miatt detoxik\u00e1l\u00e1sra van sz\u00fcks\u00e9g\u00fck.<\/p> <p><b>Detoxik\u00e1l\u00e1s \u00fcgyeleti rendje:<\/b><br \/> Ittas szem\u00e9lyek detoxik\u00e1l\u00e1s\u00e1t a nap 24 \u00f3r\u00e1j\u00e1n kereszt\u00fcl orsz\u00e1gosan a s\u00fcrg\u0151ss\u00e9gi betegell\u00e1t\u00f3 oszt\u00e1lyok v\u00e9gzik. P\u00e9terfi (Erzs\u00e9bet) K\u00f3rh\u00e1z Klinikai Toxikol\u00f3giai oszt\u00e1ly\u00e1n: az alkoholosan s\u00falyosan toxik\u00e1lt szem\u00e9lyek valamint a 14-18 \u00e9ves koroszt\u00e1ly\u00fa fiatalok ell\u00e1t\u00e1sa. A Budapesti ker\u00fcletekben, \u00e9s Pest megye f\u0151v\u00e1rosi ell\u00e1t\u00e1sba k\u00f6telezett j\u00e1r\u00e1sainak telep\u00fcl\u00e9sein el\u0151fordul\u00f3 ittas szem\u00e9lyek detoxik\u00e1l\u00e1s\u00e1t a Ment\u0151szolg\u00e1lat S\u00fcrg\u0151ss\u00e9gi betegell\u00e1t\u00e1st koordin\u00e1l\u00f3 egys\u00e9g\u00e9nek ir\u00e1ny\u00edt\u00e1s\u00e1val (adategyeztet\u00e9st \u00e9s az ell\u00e1t\u00e1st ny\u00fajt\u00f3 Int\u00e9zet meghat\u00e1roz\u00e1s\u00e1t k\u00f6vet\u0151en) a<br \/> Szent Imre K\u00f3rh\u00e1z S\u00fcrg\u0151ss\u00e9gi Oszt\u00e1lya,<br \/> Jahn Ferenc K\u00f3rh\u00e1z S\u00fcrg\u0151ss\u00e9gi Oszt\u00e1lya,<br \/> Bajcsy ZS. K\u00f3rh\u00e1z S\u00fcrg\u0151ss\u00e9gi Oszt\u00e1lya,<br \/> Uzsoki utcai K\u00f3rh\u00e1z S\u00fcrg\u0151ss\u00e9gi Oszt\u00e1lya,<br \/> Honv\u00e9dk\u00f3rh\u00e1z S\u00fcrg\u0151ss\u00e9gi Oszt\u00e1lya,<br \/> l\u00e1tj\u00e1k el.<\/p> <p>az Asz\u00f3di, G\u00f6d\u00f6ll\u0151i, Monori j\u00e1r\u00e1sokat, a Nagyk\u00e1tai j\u00e1r\u00e1sb\u00f3l: K\u00f3ka, P\u00e1nd, Szentl\u0151rinck\u00e1ta, T\u00e1pi\u00f3gy\u00f6rgye, T\u00e1pi\u00f3s\u00e1g, T\u00e1pi\u00f3szecs\u0151, T\u00f3alm\u00e1s telep\u00fcl\u00e9seket a a Fl\u00f3r F. Kh. (Kistarcsa) S\u00fcrg\u0151ss\u00e9gi Oszt\u00e1lya,<\/p> <p>a Cegl\u00e9di, , a Nagyk\u00e1tai j\u00e1r\u00e1sb\u00f3l: Farmos, Mende, Nagyk\u00e1ta, S\u00fclys\u00e1p, Szentm\u00e1rtonk\u00e1ta, T\u00e1pi\u00f3bicske, T\u00e1pi\u00f3szele, T\u00e1pi\u00f3szentm\u00e1rton, \u00dari telep\u00fcl\u00e9seket a Toldy F. Kh. (Cegl\u00e9d) S\u00fcrg\u0151ss\u00e9gi Oszt\u00e1lya,<\/p> <p>a Dunakeszi, Szobi, V\u00e1ci j\u00e1r\u00e1sokat a J\u00e1vorszky \u00d6. Kh. (V\u00e1c) S\u00fcrg\u0151ss\u00e9gi Oszt\u00e1lya l\u00e1tja el. a Nagyk\u00f6r\u00f6si j\u00e1r\u00e1st a B\u00e1cs-Kiskun Megyei Kh. (Szolnok) S\u00fcrg\u0151ss\u00e9gi Oszt\u00e1lya l\u00e1tja el.<\/p> <p><b>Drogbetegek ell\u00e1t\u00e1sa:<\/b><\/p> <p>Drogbeteg felv\u00e9teli rend:<br \/> intoxik\u00e1lt \u00e1llapot (spec. addiktol\u00f3gia-detoxik\u00e1l\u00f3 \u00fcgyelet):<br \/> P\u00e9terfy S\u00e1ndor utcai K\u00f3rh\u00e1z (Budapest VII. Als\u00f3erd\u0151sor utca 7.sz\u00e1m alatti telephely) Kp: 321-5215, 322-3450: akut k\u00e1b\u00edt\u00f3szer-t\u00faladagol\u00e1s eseteket. akut pszichi\u00e1triai felv\u00e9telt sz\u00fcks\u00e9gess\u00e9 tev\u0151 k\u00f6zvetlen vesz\u00e9lyeztet\u0151 nem intoxik\u00e1lt \u00e1llapot (pszichi\u00e1tria): ter\u00fcletileg illet\u00e9kes pszichi\u00e1triai oszt\u00e1ly \u00f6nk\u00e9ntes jelentkez\u00e9s akut pszichi\u00e1triai felv\u00e9teli sz\u00fcks\u00e9g n\u00e9lk\u00fcl (pszichi\u00e1triai ambul\u00e1ns ell\u00e1t\u00e1s, illetve addiktol\u00f3giai \u2013 pszichi\u00e1triai felv\u00e9teli el\u0151jegyz\u00e9s): gondoz\u00f3k, ambulanci\u00e1k.<\/p> <p><b>Toxikol\u00f3giai \u00fcgyelet:<br \/> <\/b> Heim P\u00e1l Gyermekk\u00f3rh\u00e1z Toxikol\u00f3giai Oszt\u00e1ly (\u00dcll\u0151i \u00fati telephely) : Telefonsz\u00e1m: 210-0720 (Kp.) k\u00f6zvetlen: 333-5079 Ell\u00e1tja a gyermekeket 0 \u2013 14 \u00e9ves korig, id\u0151sebbet azonban csak eseti megbesz\u00e9l\u00e9s szerint. P\u00e9terfy S\u00e1ndor utcai K\u00f3rh\u00e1z Klinikai Toxikol\u00f3giai Oszt\u00e1ly (Als\u00f3erd\u0151sor utcai telephely): Telefonsz\u00e1m: 321-5215\/136, 272 Ell\u00e1tja:<br \/> \u2013 az akut m\u00e9rgezett betegeket,<br \/> \u2013 a hypothermi\u00e1s betegeket;<br \/> \u2013 a submersio miatt oszt\u00e1lyos elhelyez\u00e9st ig\u00e9nyl\u0151 betegeket;<br \/> \u2013 azon zsinegelt betegeket, akik nem ig\u00e9nyelnek traumatol\u00f3giai ell\u00e1t\u00e1st;<br \/> \u2013 akut k\u00e1b\u00edt\u00f3szer-t\u00faladagol\u00e1sos eseteket (megvon\u00e1si t\u00fcnet-egy\u00fcttesben szenved\u0151ket nem).<br \/> Megjegyz\u00e9s: az \u00e1ram\u00fct\u00f6ttek ell\u00e1t\u00e1sa a ter\u00fcletileg illet\u00e9kes k\u00f3rh\u00e1zak vezet\u0151 t\u00fcnet szerinti oszt\u00e1ly\u00e1nak feladata.<\/p> <\/section>","protected":false},"excerpt":{"rendered":"<p>Mi a kr\u00edzis? Minden olyan helyzet, amelyben kil\u00e1t\u00e1stalannak l\u00e1tod a helyzetedet &#8222;hosszabb ideje&#8221; (napok\/hetek \u00f3ta) komoly pszichol\u00f3giai kr\u00edzisnek tekinthet\u0151. Kr\u00edzisben a legfontosabb teend\u0151, hogy k\u00e9rj\u00fcnk seg\u00edts\u00e9get, ha a k\u00f6zvetlen k\u00f6rnyezet\u00fcnkben nincs olyan szem\u00e9ly, akire sz\u00e1m\u00edthatn\u00e1nk, h\u00edvjunk k\u00fcls\u0151 seg\u00edts\u00e9get megb\u00edzhat\u00f3 forr\u00e1sb\u00f3l (l\u00e1sd n\u00e9h\u00e1ny seg\u00edt\u0151 szakmai szervezetet a jobb oldalon.) Mi\u00e9rt van sz\u00fcks\u00e9g k\u00fcls\u0151 seg\u00edts\u00e9gre? Els\u0151sorban az\u00e9rt<\/p>\n","protected":false},"author":1,"featured_media":0,"parent":1872,"menu_order":208,"comment_status":"closed","ping_status":"closed","template":"","meta":{"_acf_changed":false,"footnotes":""},"categories":[],"tags":[],"class_list":["post-2384","page","type-page","status-publish","hentry"],"acf":[],"_links":{"self":[{"href":"https:\/\/univet.hu\/hu\/wp-json\/wp\/v2\/pages\/2384","targetHints":{"allow":["GET"]}}],"collection":[{"href":"https:\/\/univet.hu\/hu\/wp-json\/wp\/v2\/pages"}],"about":[{"href":"https:\/\/univet.hu\/hu\/wp-json\/wp\/v2\/types\/page"}],"author":[{"embeddable":true,"href":"https:\/\/univet.hu\/hu\/wp-json\/wp\/v2\/users\/1"}],"replies":[{"embeddable":true,"href":"https:\/\/univet.hu\/hu\/wp-json\/wp\/v2\/comments?post=2384"}],"version-history":[{"count":0,"href":"https:\/\/univet.hu\/hu\/wp-json\/wp\/v2\/pages\/2384\/revisions"}],"up":[{"embeddable":true,"href":"https:\/\/univet.hu\/hu\/wp-json\/wp\/v2\/pages\/1872"}],"wp:attachment":[{"href":"https:\/\/univet.hu\/hu\/wp-json\/wp\/v2\/media?parent=2384"}],"wp:term":[{"taxonomy":"category","embeddable":true,"href":"https:\/\/univet.hu\/hu\/wp-json\/wp\/v2\/categories?post=2384"},{"taxonomy":"post_tag","embeddable":true,"href":"https:\/\/univet.hu\/hu\/wp-json\/wp\/v2\/tags?post=2384"}],"curies":[{"name":"wp","href":"https:\/\/api.w.org\/{rel}","templated":true}]}}