{"id":2385,"date":"2018-04-12T19:28:32","date_gmt":"2018-04-12T17:28:32","guid":{"rendered":"http:\/\/univet.hu\/oktatas\/mentalhub\/resources\/"},"modified":"2018-04-12T21:38:24","modified_gmt":"2018-04-12T19:38:24","slug":"tortenetek","status":"publish","type":"page","link":"https:\/\/univet.hu\/hu\/oktatas\/mentalhub\/tortenetek\/","title":{"rendered":"T\u00f6rt\u00e9netek"},"content":{"rendered":"<section class=\"col1\"> <h2>T\u00f6rt\u00e9netek<\/h2> <h4><\/h4> <p>&nbsp;<\/p> <\/section> <section class=\"col2\"> <h3 class=\"pad_bot1\"><\/h3> <p>&nbsp;<\/p> <ul> <li><!-- BEGIN url --><a class=\"postlink\" href=\"wimex.pdf\" data-replaced=\"true\" target=\"_blank\" rel=\"noopener\">Wimexek &#8211; \u00f6nismereti tanmese<\/a><!-- END url --><\/li> <li><!-- BEGIN url --><a class=\"postlink\" href=\"korhaz.pdf\" data-replaced=\"true\" target=\"_blank\" rel=\"noopener\">Egym\u00e1sra hat\u00e1s &#8211; inpir\u00e1l\u00f3 t\u00f6rt\u00e9net<\/a><!-- END url --><\/li> <\/ul> <\/section>","protected":false},"excerpt":{"rendered":"<p>T\u00f6rt\u00e9netek &nbsp; &nbsp; Wimexek &#8211; \u00f6nismereti tanmese Egym\u00e1sra hat\u00e1s &#8211; inpir\u00e1l\u00f3 t\u00f6rt\u00e9net<\/p>\n","protected":false},"author":1,"featured_media":0,"parent":1872,"menu_order":210,"comment_status":"closed","ping_status":"closed","template":"","meta":{"_acf_changed":false,"footnotes":""},"categories":[],"tags":[],"class_list":["post-2385","page","type-page","status-publish","hentry"],"acf":[],"_links":{"self":[{"href":"https:\/\/univet.hu\/hu\/wp-json\/wp\/v2\/pages\/2385","targetHints":{"allow":["GET"]}}],"collection":[{"href":"https:\/\/univet.hu\/hu\/wp-json\/wp\/v2\/pages"}],"about":[{"href":"https:\/\/univet.hu\/hu\/wp-json\/wp\/v2\/types\/page"}],"author":[{"embeddable":true,"href":"https:\/\/univet.hu\/hu\/wp-json\/wp\/v2\/users\/1"}],"replies":[{"embeddable":true,"href":"https:\/\/univet.hu\/hu\/wp-json\/wp\/v2\/comments?post=2385"}],"version-history":[{"count":0,"href":"https:\/\/univet.hu\/hu\/wp-json\/wp\/v2\/pages\/2385\/revisions"}],"up":[{"embeddable":true,"href":"https:\/\/univet.hu\/hu\/wp-json\/wp\/v2\/pages\/1872"}],"wp:attachment":[{"href":"https:\/\/univet.hu\/hu\/wp-json\/wp\/v2\/media?parent=2385"}],"wp:term":[{"taxonomy":"category","embeddable":true,"href":"https:\/\/univet.hu\/hu\/wp-json\/wp\/v2\/categories?post=2385"},{"taxonomy":"post_tag","embeddable":true,"href":"https:\/\/univet.hu\/hu\/wp-json\/wp\/v2\/tags?post=2385"}],"curies":[{"name":"wp","href":"https:\/\/api.w.org\/{rel}","templated":true}]}}