{"id":25529,"date":"2018-09-21T13:09:42","date_gmt":"2018-09-21T11:09:42","guid":{"rendered":"http:\/\/univet.hu\/?page_id=25529"},"modified":"2025-06-11T09:35:21","modified_gmt":"2025-06-11T07:35:21","slug":"allatorvos-kartya","status":"publish","type":"page","link":"https:\/\/univet.hu\/hu\/oktatas\/tanulmanyi-osztaly\/allatorvos-kartya\/","title":{"rendered":"\u00c1llatorvos k\u00e1rtya"},"content":{"rendered":"<p>Tisztelt Koll\u00e9g\u00e1k!<\/p> <p>Az \u00c1llatorvostudom\u00e1nyi Egyetem \u00c1llatorvos K\u00e1rty\u00e1ja meg\u00fajult form\u00e1ban tov\u00e1bbra is el\u00e9rhet\u0151 \u00e1llatorvosaink sz\u00e1m\u00e1ra.<\/p> <p>A k\u00e1rtya tan\u00fas\u00edtja, hogy a rajta szerepl\u0151 adatok alapj\u00e1n beazonos\u00edthat\u00f3 szem\u00e9ly \u00e1llatorvosi diplom\u00e1t szerzett, amely csak szem\u00e9lyazonos\u00edt\u00e1sra alkalmas f\u00e9nyk\u00e9pes igazolv\u00e1nnyal egy\u00fctt haszn\u00e1lhat\u00f3. A k\u00e1rtya felhaszn\u00e1lhat\u00f3 jogszab\u00e1ly \u00e1ltal meghat\u00e1rozott k\u00f6rben az egy\u00e9bk\u00e9nt v\u00e9nyk\u00f6teles gy\u00f3gy\u00e1szati k\u00e9sz\u00edtm\u00e9nyek v\u00e9ny n\u00e9lk\u00fcli mag\u00e1nc\u00e9l\u00fa felhaszn\u00e1l\u00e1s\u00e1hoz. A k\u00e1rtya birtokosa jogosultt\u00e1 v\u00e1lik az \u00c1llatorvostudom\u00e1nyi Egyetem Alumni programj\u00e1nak kedvezm\u00e9nyeire. A kedvezm\u00e9nycsomag kialak\u00edt\u00e1sa folyamatban van, annak r\u00e9szletei hamarosan el\u00e9rhet\u0151ek lesznek.<\/p> <p>A k\u00e1rtya ig\u00e9nyl\u00e9s\u00e9hez sz\u00fcks\u00e9ges jelentkez\u00e9si lapot az Egyetem Tanulm\u00e1nyi Oszt\u00e1ly\u00e1ra kell bek\u00fcldeni a 1078 Budapest, Istv\u00e1n u. 2. c\u00edmre vagy e-mailben a\u00a0<a class=\"decrypt\" rel=\"dtbqp\/ujnfbAvojwfu\/iv\" href=\"javascript:void(0);\">[Kattintson az emailc\u00edmhez]<\/a>\u00a0e-mail c\u00edmre.<\/p> <p>A k\u00e1rty\u00e1k gy\u00e1rt\u00e1s\u00e1ra \u00e9vente h\u00e1romszor, minden esetben a h\u00f3nap elej\u00e9n ker\u00fcl sor: febru\u00e1rban, j\u00faniusban \u00e9s novemberben.<\/p> <p><a href=\"https:\/\/univet.hu\/wp-content\/uploads\/2018\/09\/Jelentkez\u00e9si-lap-\u00e1llatorvos-k\u00e1rty\u00e1hoz.docx\" data-replaced=\"true\">Jelentkez\u00e9si lap \u00e1llatorvos k\u00e1rty\u00e1hoz<\/a><\/p>","protected":false},"excerpt":{"rendered":"<p>Tisztelt Koll\u00e9g\u00e1k! Az \u00c1llatorvostudom\u00e1nyi Egyetem \u00c1llatorvos K\u00e1rty\u00e1ja meg\u00fajult form\u00e1ban tov\u00e1bbra is el\u00e9rhet\u0151 \u00e1llatorvosaink sz\u00e1m\u00e1ra. A k\u00e1rtya tan\u00fas\u00edtja, hogy a rajta szerepl\u0151 adatok alapj\u00e1n beazonos\u00edthat\u00f3 szem\u00e9ly \u00e1llatorvosi diplom\u00e1t szerzett, amely csak szem\u00e9lyazonos\u00edt\u00e1sra alkalmas f\u00e9nyk\u00e9pes igazolv\u00e1nnyal egy\u00fctt haszn\u00e1lhat\u00f3. A k\u00e1rtya felhaszn\u00e1lhat\u00f3 jogszab\u00e1ly \u00e1ltal meghat\u00e1rozott k\u00f6rben az egy\u00e9bk\u00e9nt v\u00e9nyk\u00f6teles gy\u00f3gy\u00e1szati k\u00e9sz\u00edtm\u00e9nyek v\u00e9ny n\u00e9lk\u00fcli mag\u00e1nc\u00e9l\u00fa felhaszn\u00e1l\u00e1s\u00e1hoz. A k\u00e1rtya birtokosa<\/p>\n","protected":false},"author":5823,"featured_media":0,"parent":615,"menu_order":26,"comment_status":"closed","ping_status":"closed","template":"","meta":{"_acf_changed":false,"footnotes":""},"categories":[],"tags":[],"class_list":["post-25529","page","type-page","status-publish","hentry"],"acf":[],"_links":{"self":[{"href":"https:\/\/univet.hu\/hu\/wp-json\/wp\/v2\/pages\/25529","targetHints":{"allow":["GET"]}}],"collection":[{"href":"https:\/\/univet.hu\/hu\/wp-json\/wp\/v2\/pages"}],"about":[{"href":"https:\/\/univet.hu\/hu\/wp-json\/wp\/v2\/types\/page"}],"author":[{"embeddable":true,"href":"https:\/\/univet.hu\/hu\/wp-json\/wp\/v2\/users\/5823"}],"replies":[{"embeddable":true,"href":"https:\/\/univet.hu\/hu\/wp-json\/wp\/v2\/comments?post=25529"}],"version-history":[{"count":1,"href":"https:\/\/univet.hu\/hu\/wp-json\/wp\/v2\/pages\/25529\/revisions"}],"predecessor-version":[{"id":185643,"href":"https:\/\/univet.hu\/hu\/wp-json\/wp\/v2\/pages\/25529\/revisions\/185643"}],"up":[{"embeddable":true,"href":"https:\/\/univet.hu\/hu\/wp-json\/wp\/v2\/pages\/615"}],"wp:attachment":[{"href":"https:\/\/univet.hu\/hu\/wp-json\/wp\/v2\/media?parent=25529"}],"wp:term":[{"taxonomy":"category","embeddable":true,"href":"https:\/\/univet.hu\/hu\/wp-json\/wp\/v2\/categories?post=25529"},{"taxonomy":"post_tag","embeddable":true,"href":"https:\/\/univet.hu\/hu\/wp-json\/wp\/v2\/tags?post=25529"}],"curies":[{"name":"wp","href":"https:\/\/api.w.org\/{rel}","templated":true}]}}