{"id":26003,"date":"2018-09-23T11:57:56","date_gmt":"2018-09-23T09:57:56","guid":{"rendered":"http:\/\/univet.hu\/biologia\/naptar\/"},"modified":"2025-09-25T12:11:51","modified_gmt":"2025-09-25T10:11:51","slug":"naptar","status":"publish","type":"page","link":"https:\/\/univet.hu\/hu\/biologia\/naptar\/","title":{"rendered":"Napt\u00e1r"},"content":{"rendered":"<h2>Int\u00e9zeti napt\u00e1r<\/h2> <p>K\u00f6z\u00e9rdek\u0171 esem\u00e9nyek, hat\u00e1rid\u0151k&#8230;<\/p> <p><iframe loading=\"lazy\" src=\"https:\/\/calendar.google.com\/calendar\/embed?height=700&#038;wkst=2&#038;ctz=Europe%2FBudapest&#038;showTitle=0&#038;showPrint=0&#038;src=YmlvbC5pbnRlemV0QGdtYWlsLmNvbQ&#038;color=%234285f4\" style=\"border:solid 1px #777\" width=\"1000\" height=\"700\" frameborder=\"0\" scrolling=\"no\"><\/iframe><\/p>","protected":false},"excerpt":{"rendered":"<p>Int\u00e9zeti napt\u00e1r K\u00f6z\u00e9rdek\u0171 esem\u00e9nyek, hat\u00e1rid\u0151k&#8230;<\/p>\n","protected":false},"author":1,"featured_media":0,"parent":26000,"menu_order":129,"comment_status":"closed","ping_status":"closed","template":"","meta":{"_acf_changed":false,"footnotes":""},"categories":[],"tags":[],"class_list":["post-26003","page","type-page","status-publish","hentry"],"acf":[],"_links":{"self":[{"href":"https:\/\/univet.hu\/hu\/wp-json\/wp\/v2\/pages\/26003","targetHints":{"allow":["GET"]}}],"collection":[{"href":"https:\/\/univet.hu\/hu\/wp-json\/wp\/v2\/pages"}],"about":[{"href":"https:\/\/univet.hu\/hu\/wp-json\/wp\/v2\/types\/page"}],"author":[{"embeddable":true,"href":"https:\/\/univet.hu\/hu\/wp-json\/wp\/v2\/users\/1"}],"replies":[{"embeddable":true,"href":"https:\/\/univet.hu\/hu\/wp-json\/wp\/v2\/comments?post=26003"}],"version-history":[{"count":5,"href":"https:\/\/univet.hu\/hu\/wp-json\/wp\/v2\/pages\/26003\/revisions"}],"predecessor-version":[{"id":191124,"href":"https:\/\/univet.hu\/hu\/wp-json\/wp\/v2\/pages\/26003\/revisions\/191124"}],"up":[{"embeddable":true,"href":"https:\/\/univet.hu\/hu\/wp-json\/wp\/v2\/pages\/26000"}],"wp:attachment":[{"href":"https:\/\/univet.hu\/hu\/wp-json\/wp\/v2\/media?parent=26003"}],"wp:term":[{"taxonomy":"category","embeddable":true,"href":"https:\/\/univet.hu\/hu\/wp-json\/wp\/v2\/categories?post=26003"},{"taxonomy":"post_tag","embeddable":true,"href":"https:\/\/univet.hu\/hu\/wp-json\/wp\/v2\/tags?post=26003"}],"curies":[{"name":"wp","href":"https:\/\/api.w.org\/{rel}","templated":true}]}}