{"id":26005,"date":"2018-09-23T11:59:45","date_gmt":"2018-09-23T09:59:45","guid":{"rendered":"http:\/\/univet.hu\/biologia\/szervezeti-egysegek\/konzervacio-genetikai-kutatocsoport\/"},"modified":"2025-09-26T15:58:47","modified_gmt":"2025-09-26T13:58:47","slug":"molekularis-okologia-kutatocsoport","status":"publish","type":"page","link":"https:\/\/univet.hu\/hu\/biologia\/szervezeti-egysegek-bi\/molekularis-okologia-kutatocsoport\/","title":{"rendered":"Molekul\u00e1ris \u00d6kol\u00f3giai Kutat\u00f3csoport"},"content":{"rendered":"<h2>Kutat\u00f3csoport-vezet\u0151:<\/h2> <ul> <li><a href=\"mailto:kover.szilvia[PUT_AT_HERE]aotk.szie.hu\">Dr. K\u00f6v\u00e9r Szilvia<\/a><br \/> tudom\u00e1nyos munkat\u00e1rs<\/li> <\/ul> <h2>A kutat\u00f3csoportban dolgoz\u00f3k:<\/h2> <ul> <li><a href=\"https:\/\/univet.hu\/hu\/egyetem\/munkatarsak\/pasztory-kovacs-szilvia\/\">Dr. P\u00e1sztory-Kov\u00e1cs Szilvia<\/a>, tudom\u00e1nyos munkat\u00e1rs<\/li> <li><a href=\"https:\/\/univet.hu\/hu\/egyetem\/munkatarsak\/szabo-krisztian\/\">Dr. Szab\u00f3 Kriszti\u00e1n<\/a>, tudom\u00e1nyos munkat\u00e1rs<\/li> <li><a href=\"https:\/\/univet.hu\/hu\/egyetem\/munkatarsak\/vili-nora\/\">Dr. Vili N\u00f3ra<\/a>, tudom\u00e1nyos munkat\u00e1rs<\/li> <li><a href=\"https:\/\/univet.hu\/hu\/egyetem\/munkatarsak\/balogh-emese-2\/\">Balogh Emese<\/a>, doktori iskola hallgat\u00f3ja<\/li> <li>Tisza \u00c1d\u00e1m, doktori iskola hallgat\u00f3ja<\/li> <\/ul> <h2>Kutat\u00e1si ter\u00fcletek:<\/h2> <ol> <li>A K\u00e1rp\u00e1t-medencei parlagi sas (Aquila heliaca) popul\u00e1ci\u00f3 popul\u00e1ci\u00f3szerkezet\u00e9nek, diszperzi\u00f3j\u00e1nak \u00e9s popul\u00e1ci\u00f3dinamik\u00e1j\u00e1nak vizsg\u00e1lata molekul\u00e1ris markerek alapj\u00e1n, a popul\u00e1ci\u00f3 j\u00f6v\u0151beli demogr\u00e1fiai v\u00e1ltoz\u00e1sainak modellez\u00e9se popul\u00e1ci\u00f3 \u00e9letk\u00e9pess\u00e9gi anal\u00edzis (PVA) seg\u00edts\u00e9g\u00e9vel. Rehabilit\u00e1lt \u00e9s norm\u00e1l parlagi sasok t\u00fal\u00e9l\u00e9s\u00e9nek becsl\u00e9se GPS-jelad\u00f3s egyedek alapj\u00e1n<\/li> <li>Egyedi azonos\u00edt\u00e1s\u00e1ra \u00e9s rokons\u00e1gbecsl\u00e9sre alkalmas mikroszatellita markerk\u00e9szletek \u00f6ssze\u00e1ll\u00edt\u00e1sa a K\u00e1rp\u00e1t-medencei kerecsens\u00f3lyom (Falco cherrug) popul\u00e1ci\u00f3ra<\/li> <li>A h\u0151t\u0171r\u00e9st befoly\u00e1sol\u00f3 t\u00e9nyez\u0151k \u00e9s a k\u00f6rnyezeti stresszorok \u00e1ltal induk\u00e1lt ivarv\u00e1lt\u00e1s evol\u00faci\u00f3s-\u00f6kol\u00f3giai k\u00f6vetkezm\u00e9nyeinek \u00e9s molekul\u00e1ris (transzkriptomikai \u00e9s epigenetikai) h\u00e1tter\u00e9nek vizsg\u00e1lata egy v\u00e9dett k\u00e9t\u00e9lt\u0171fajra, az erdei b\u00e9k\u00e1ra f\u00f3kusz\u00e1lva<\/li> <li>A k\u00e9t\u00e9lt\u0171eket fert\u0151z\u0151 betegs\u00e9gek (kitridomik\u00f3zis, ranid herpesz) molekul\u00e1ris h\u00e1tter\u00e9nek \u00e9s k\u00f6vetkezm\u00e9nyeinek vizsg\u00e1lat<\/li> <li>Ivarmarkerek fejleszt\u00e9se k\u00fcl\u00f6nb\u00f6z\u0151 k\u00e9t\u00e9lt\u0171- \u00e9s h\u00fcll\u0151fajokban in silico \u00e9s genomikai m\u00f3dszerek felhaszn\u00e1l\u00e1s\u00e1val<\/li> <li>Pusztai \u00e9s eger\u00e9sz\u00f6lyvek (Buteo buteo \u00e9s Buteo rufinus) hibridiz\u00e1ci\u00f3j\u00e1nak vizsg\u00e1lata<\/li> <li>Alpesig\u0151te popul\u00e1ci\u00f3k strukt\u00far\u00e1j\u00e1nak \u00e9s idegenhonoss\u00e1g\u00e1nak vizsg\u00e1lata<\/li> <li>K\u00e1rp\u00e1t-medencei r\u00e1kosivipera \u00e1llom\u00e1nyok popul\u00e1ci\u00f3genetikai vizsg\u00e1lata a \u201eA r\u00e1kosi vipera term\u00e9szetv\u00e9delmi helyzet\u00e9nek jav\u00edt\u00e1sa a Pannon r\u00e9gi\u00f3ban\u201d (LIFE HUNVIPHAB &#8211; LIFE18 NAT\/HU\/000799) p\u00e1ly\u00e1zathoz kapcsol\u00f3d\u00f3an.<\/li> <\/ol> <h2>V\u00e1logatott k\u00f6zlem\u00e9nyek:<\/h2> <ul> <li>Zsinka, B., K\u00f6v\u00e9r, S., Horv\u00e1th, M., Vili, N., Szab\u00f3\u2010Csonka, V., Szab\u00f3, K., &amp; P\u00e1sztory\u2010Kov\u00e1cs, S. (2025). Sex\u2010Biased and Density\u2010Dependent Natal Dispersal in a Highly Mobile but Philopatric Raptor. Ecology and Evolution, 15(5), e71487. (Q1, Ecology, Evolution, Behavior and Systematics)<\/li> <li>Zsinka, B., P\u00e1sztory\u2010Kov\u00e1cs, S., K\u00f6v\u00e9r, S., Vili, N., &amp; Horv\u00e1th, M. (2024). Moderate evidence for the sex\u2010dependent effect of poisoning on adult survival in a long\u2010lived raptor species. Ecology and Evolution, 14(9), e70295. (Q1, Ecology, Evolution, Behavior and Systematics)<\/li> <li>Vincze, O., V\u00e1g\u00e1si, C. I., P\u00e9nzes, J., Szab\u00f3, K., Magonyi, N. M., Czirj\u00e1k, G. \u00c1., &amp; Pap, P. L. (2022). Sexual dimorphism in immune function and oxidative physiology across birds: The role of sexual selection. Ecology Letters, 25(4), 958-970. (D1, Ecology, Evolution, Behavior and Systematics)<\/li> <li>B\u00f3kony, V., Balogh, E., Mik\u00f3, Z., K\u00e1sler, A., \u00d6rk\u00e9nyi, Z., &amp; Ujhegyi, N. (2025). Higher Sex\u2010Reversal Rate of Urban Frogs in a Common\u2010Garden Experiment Suggests Adaptive Microevolution. Evolutionary Applications, 18(4), e70093. (D1, Ecology, Evolution, Behavior and Systematics)<\/li> <li>B\u00f3kony, V., Kalina, C., Ujhegyi, N., Mik\u00f3, Z., Lefler, K. K., Vili, N., &#8230; &amp; Hoffmann, O. I. (2024). Does stress make males? An experiment on the role of glucocorticoids in anuran sex reversal. Journal of Experimental Zoology Part A: Ecological and Integrative Physiology, 341(2), 172-181. (Q1, Animal Science and Zoology)<\/li> <\/ul>","protected":false},"excerpt":{"rendered":"<p>Kutat\u00f3csoport-vezet\u0151: Dr. K\u00f6v\u00e9r Szilvia tudom\u00e1nyos munkat\u00e1rs A kutat\u00f3csoportban dolgoz\u00f3k: Dr. P\u00e1sztory-Kov\u00e1cs Szilvia, tudom\u00e1nyos munkat\u00e1rs Dr. Szab\u00f3 Kriszti\u00e1n, tudom\u00e1nyos munkat\u00e1rs Dr. Vili N\u00f3ra, tudom\u00e1nyos munkat\u00e1rs Balogh Emese, doktori iskola hallgat\u00f3ja Tisza \u00c1d\u00e1m, doktori iskola hallgat\u00f3ja Kutat\u00e1si ter\u00fcletek: A K\u00e1rp\u00e1t-medencei parlagi sas (Aquila heliaca) popul\u00e1ci\u00f3 popul\u00e1ci\u00f3szerkezet\u00e9nek, diszperzi\u00f3j\u00e1nak \u00e9s popul\u00e1ci\u00f3dinamik\u00e1j\u00e1nak vizsg\u00e1lata molekul\u00e1ris markerek alapj\u00e1n, a popul\u00e1ci\u00f3 j\u00f6v\u0151beli demogr\u00e1fiai<\/p>\n","protected":false},"author":1,"featured_media":0,"parent":26004,"menu_order":112,"comment_status":"closed","ping_status":"closed","template":"","meta":{"_acf_changed":false,"footnotes":""},"categories":[],"tags":[],"class_list":["post-26005","page","type-page","status-publish","hentry"],"acf":[],"_links":{"self":[{"href":"https:\/\/univet.hu\/hu\/wp-json\/wp\/v2\/pages\/26005","targetHints":{"allow":["GET"]}}],"collection":[{"href":"https:\/\/univet.hu\/hu\/wp-json\/wp\/v2\/pages"}],"about":[{"href":"https:\/\/univet.hu\/hu\/wp-json\/wp\/v2\/types\/page"}],"author":[{"embeddable":true,"href":"https:\/\/univet.hu\/hu\/wp-json\/wp\/v2\/users\/1"}],"replies":[{"embeddable":true,"href":"https:\/\/univet.hu\/hu\/wp-json\/wp\/v2\/comments?post=26005"}],"version-history":[{"count":4,"href":"https:\/\/univet.hu\/hu\/wp-json\/wp\/v2\/pages\/26005\/revisions"}],"predecessor-version":[{"id":191421,"href":"https:\/\/univet.hu\/hu\/wp-json\/wp\/v2\/pages\/26005\/revisions\/191421"}],"up":[{"embeddable":true,"href":"https:\/\/univet.hu\/hu\/wp-json\/wp\/v2\/pages\/26004"}],"wp:attachment":[{"href":"https:\/\/univet.hu\/hu\/wp-json\/wp\/v2\/media?parent=26005"}],"wp:term":[{"taxonomy":"category","embeddable":true,"href":"https:\/\/univet.hu\/hu\/wp-json\/wp\/v2\/categories?post=26005"},{"taxonomy":"post_tag","embeddable":true,"href":"https:\/\/univet.hu\/hu\/wp-json\/wp\/v2\/tags?post=26005"}],"curies":[{"name":"wp","href":"https:\/\/api.w.org\/{rel}","templated":true}]}}