{"id":26006,"date":"2018-09-23T12:00:04","date_gmt":"2018-09-23T10:00:04","guid":{"rendered":"http:\/\/univet.hu\/biologia\/szervezeti-egysegek\/okologiai-kutatocsoport\/"},"modified":"2025-09-30T14:49:12","modified_gmt":"2025-09-30T12:49:12","slug":"divevol-kutatocsoport","status":"publish","type":"page","link":"https:\/\/univet.hu\/hu\/biologia\/szervezeti-egysegek-bi\/divevol-kutatocsoport\/","title":{"rendered":"Diverzit\u00e1s \u00e9s evol\u00faci\u00f3 kutat\u00f3csoport"},"content":{"rendered":"<h2><span style=\"font-size: 18pt\"><strong>Kutat\u00f3csoport-vezet\u0151:<\/strong><\/span><\/h2> <ul> <li><a href=\"https:\/\/univet.hu\/hu\/egyetem\/munkatarsak\/szuts-tamas\/\">Dr. Sz\u0171ts Tam\u00e1s<\/a> tudom\u00e1nyos f\u0151munkat\u00e1rs<\/li> <\/ul> <h2><strong>A kutat\u00f3csoportban dolgoz\u00f3k<\/strong>:<\/h2> <ul> <li><a href=\"https:\/\/univet.hu\/hu\/egyetem\/munkatarsak\/hornung-erzsebet\/\">Dr. Hornung Erzs\u00e9bet<\/a> professor emerita, egyetemi tan\u00e1r<\/li> <li><a href=\"https:\/\/univet.hu\/hu\/egyetem\/munkatarsak\/kis-janos\/\">Dr. Kis J\u00e1nos<\/a> tudom\u00e1nyos f\u0151munkat\u00e1rs<\/li> <li><a href=\"https:\/\/univet.hu\/hu\/egyetem\/munkatarsak\/szabo-krisztian\/\">Dr. Szab\u00f3 Kriszti\u00e1n<\/a> tudom\u00e1nyos munkat\u00e1rs<\/li> <li><a href=\"https:\/\/univet.hu\/hu\/egyetem\/munkatarsak\/takacs-vago_hunor\/\">Tak\u00e1cs-V\u00e1g\u00f3 Hunor<\/a> PhD hallgat\u00f3<\/li> <\/ul> <h2><strong>Kutat\u00e1si ter\u00fcletek<\/strong>:<\/h2> <p>A kutat\u00f3csoport a biodiverzit\u00e1s felt\u00e1r\u00e1s, annak kialakul\u00e1s\u00e1nak okait vizsg\u00e1lja evol\u00faci\u00f3s szempontb\u00f3l. A klasszikus morfol\u00f3giai taxon\u00f3mia mellett molekul\u00e1ris \u00e9s integrat\u00edv m\u00f3dszerek is szerepet kapnak. A diverzit\u00e1skutat\u00e1sban az egyes fajok\/nemzets\u00e9gek\/csal\u00e1dok elterjed\u00e9s\u00e9nek sokf\u00e9les\u00e9g\u00e9t is tanulm\u00e1nyozzuk. H\u00e1rom f\u0151 t\u00e9mak\u00f6rben folynak a vizsg\u00e1latok:<br \/> (1) P\u00f3kok (Araneae) filogenetikai, taxon\u00f3miai vizsg\u00e1lata molekul\u00e1ris \u00e9s morfol\u00f3giai m\u00f3dszerekkel;<br \/> (2) Kis Apoll\u00f3-lepk\u00e9k (Parnassius mnemosyne) t\u00e1pl\u00e1lkoz\u00e1si viselked\u00e9se, demogr\u00e1fi\u00e1ja \u00e9s szaporod\u00e1si rendszere;<br \/> (3) Popul\u00e1ci\u00f3s k\u00f6lcs\u00f6nhat\u00e1sok, term\u00e9szetess\u00e9gi min\u0151s\u00edt\u00e9s, term\u00e9szetes \u00e9s hum\u00e1n stressz hat\u00e1sa \u00edzeltl\u00e1b\u00faakra, urbaniz\u00e1ci\u00f3s hat\u00e1sok egyes \u00f6kosziszt\u00e9m\u00e1kra, behurcolt \u00e9s invaz\u00edv \u00e1llatfajok \u00f6kol\u00f3gi\u00e1ja, \u00f6kosziszt\u00e9ma-szolg\u00e1ltat\u00e1sok.<\/p> <h2><strong>Szakmai szervezeti tags\u00e1g<\/strong>:<\/h2> <ul> <li>MTA \u00d6kol\u00f3giai Bizotts\u00e1g, MTA Diverzit\u00e1sbiol\u00f3giai Tudom\u00e1nyos Bizotts\u00e1g<\/li> <li>Magyar \u00d6kol\u00f3gusok Tudom\u00e1nyos Egyes\u00fclete<\/li> <li>Magyar Biol\u00f3giai T\u00e1rsas\u00e1g<\/li> <li>Magyar Etol\u00f3giai T\u00e1rsas\u00e1g<\/li> <\/ul> <h2><strong>Hossz\u00fat\u00e1v\u00fa egy\u00fcttm\u0171k\u00f6d\u00e9sek<\/strong>:<\/h2> <ul> <li>Jeremy Miller PhD senior research fellow at Naturalis Biodiversity Center, Leiden, The Netherlands<\/li> <li>Noushig Zarikian PhD head of the Invertebrate Ecology Scientific Group, Scientific Center of Zoology and Hydroecology, National Academy of Sciences, Yerevan, Armenia<\/li> <li>Wayne Maddison PhD full professor at Biodiversity Research Centre, University of British Columbia<\/li> <li>Junxia Zhang PhD Key full professor at Laboratory of Zoological Systematics and Application of Hebei Province, College of Life Sciences, Hebei University, Baoding, PR China<\/li> <li>S\u00e1ndor D. Attila PhD principal investigator at University of Agricultural Sciences and Veterinary Medicine of Cluj-Napoca, Cluj Napoca, Romania<\/li> <li>Efrat Gavish-Regev PhD Scientific Manager of Arachnida and other Terrestrial Arthropods, National Natural History Collections (NNHC-HUJ), The Hebrew University of Jerusalem, Jerusalem, Israel<\/li> <li>K\u0151r\u00f6si \u00c1d\u00e1m, G\u00f3r \u00c1d\u00e1m researcher B\u00fcro f\u00fcr \u00f6kologische Forschung und Planung GEYER &amp; DOLEK, W\u00f6rthsee, Germany<\/li> <\/ul> <h2><strong>Ig\u00e9nyelhet\u0151 szolg\u00e1ltat\u00e1sok:<\/strong><\/h2> <ul> <li>\u00c9l\u0151helyek \u00e9s \u00e1llatpopul\u00e1ci\u00f3k \u00e1llapotfelm\u00e9r\u00e9se \u00e9s folyamatos megfigyel\u00e9se<\/li> <li>Biomonitoring<\/li> <li>Talajlak\u00f3 \u00edzeltl\u00e1b\u00faak identifik\u00e1ci\u00f3ja<\/li> <\/ul> <h2><strong>V\u00e1logatott k\u00f6zlem\u00e9nyek:<\/strong><\/h2> <ul> <li>Sz\u0171ts, T., Szab\u00f3, K., Zamani, A., Forman, M., Miller, J., Oger, P.&amp; G\u00e1l, J. (2023). A study in scarlet: integrative taxonomy of the spider genus Loureedia (Araneae: Eresidae). Diversity, 15(2), 238. Q1<\/li> <li>T\u00f3th, Z., Dombos, M., &amp; Hornung, E. (2023). Urban soil quality deteriorates even with low heavy metal levels: An arthropod\u2010based multi\u2010indices approach.\u00a0Ecological Applications,\u00a033(4), e2848. D1<\/li> <li>Gall\u00e9-Szpisjak, N., Gall\u00e9, R., &amp; Sz\u0171ts, T. (2023). A review of the genus Sernokorba Kamura, 1992 (Araneae, Gnaphosidae). Zoosystematics and Evolution, 99(2), 325. Q1<\/li> <li>Scharff, N., Coddington, J. A., Blackledge, T. A., Agnarsson, I., Framenau, V. W., Sz\u0171ts, T., &amp; Dimitrov, D. (2020). Phylogeny of the orb\u2010weaving spider family Araneidae (Araneae: Araneoidea). Cladistics, 36(1), 1-21. D1<\/li> <li>G\u00f3r, \u00c1., Lang, Z., P\u00e1sztor, K., Szigeti, V., Vajna, F., &amp; Kis, J. (2023). Mate\u2010guarding success depends on male investment in a butterfly. Ecology and Evolution, 13(9), e10533. Q1<\/li> <\/ul>","protected":false},"excerpt":{"rendered":"<p>Kutat\u00f3csoport-vezet\u0151: Dr. Sz\u0171ts Tam\u00e1s tudom\u00e1nyos f\u0151munkat\u00e1rs A kutat\u00f3csoportban dolgoz\u00f3k: Dr. Hornung Erzs\u00e9bet professor emerita, egyetemi tan\u00e1r Dr. Kis J\u00e1nos tudom\u00e1nyos f\u0151munkat\u00e1rs Dr. Szab\u00f3 Kriszti\u00e1n tudom\u00e1nyos munkat\u00e1rs Tak\u00e1cs-V\u00e1g\u00f3 Hunor PhD hallgat\u00f3 Kutat\u00e1si ter\u00fcletek: A kutat\u00f3csoport a biodiverzit\u00e1s felt\u00e1r\u00e1s, annak kialakul\u00e1s\u00e1nak okait vizsg\u00e1lja evol\u00faci\u00f3s szempontb\u00f3l. A klasszikus morfol\u00f3giai taxon\u00f3mia mellett molekul\u00e1ris \u00e9s integrat\u00edv m\u00f3dszerek is szerepet kapnak.<\/p>\n","protected":false},"author":1,"featured_media":0,"parent":26004,"menu_order":112,"comment_status":"closed","ping_status":"closed","template":"","meta":{"_acf_changed":false,"footnotes":""},"categories":[],"tags":[],"class_list":["post-26006","page","type-page","status-publish","hentry"],"acf":[],"_links":{"self":[{"href":"https:\/\/univet.hu\/hu\/wp-json\/wp\/v2\/pages\/26006","targetHints":{"allow":["GET"]}}],"collection":[{"href":"https:\/\/univet.hu\/hu\/wp-json\/wp\/v2\/pages"}],"about":[{"href":"https:\/\/univet.hu\/hu\/wp-json\/wp\/v2\/types\/page"}],"author":[{"embeddable":true,"href":"https:\/\/univet.hu\/hu\/wp-json\/wp\/v2\/users\/1"}],"replies":[{"embeddable":true,"href":"https:\/\/univet.hu\/hu\/wp-json\/wp\/v2\/comments?post=26006"}],"version-history":[{"count":7,"href":"https:\/\/univet.hu\/hu\/wp-json\/wp\/v2\/pages\/26006\/revisions"}],"predecessor-version":[{"id":191565,"href":"https:\/\/univet.hu\/hu\/wp-json\/wp\/v2\/pages\/26006\/revisions\/191565"}],"up":[{"embeddable":true,"href":"https:\/\/univet.hu\/hu\/wp-json\/wp\/v2\/pages\/26004"}],"wp:attachment":[{"href":"https:\/\/univet.hu\/hu\/wp-json\/wp\/v2\/media?parent=26006"}],"wp:term":[{"taxonomy":"category","embeddable":true,"href":"https:\/\/univet.hu\/hu\/wp-json\/wp\/v2\/categories?post=26006"},{"taxonomy":"post_tag","embeddable":true,"href":"https:\/\/univet.hu\/hu\/wp-json\/wp\/v2\/tags?post=26006"}],"curies":[{"name":"wp","href":"https:\/\/api.w.org\/{rel}","templated":true}]}}