{"id":26007,"date":"2018-09-23T12:00:19","date_gmt":"2018-09-23T10:00:19","guid":{"rendered":"http:\/\/univet.hu\/biologia\/szervezeti-egysegek\/viselkedesbiologiai-kutatocsoport\/"},"modified":"2026-03-30T13:23:23","modified_gmt":"2026-03-30T11:23:23","slug":"viselkedesbiologiai-kutatocsoport","status":"publish","type":"page","link":"https:\/\/univet.hu\/hu\/biologia\/szervezeti-egysegek-bi\/viselkedesbiologiai-kutatocsoport\/","title":{"rendered":"Viselked\u00e9sbiol\u00f3giai Kutat\u00f3csoport"},"content":{"rendered":"<h2>Kutat\u00f3csoport-vezet\u0151:<\/h2> <p><a href=\"mailto:kosztolanyi.andras[PUT_AT_HERE]univet.hu\">Dr. Kosztol\u00e1nyi Andr\u00e1s<\/a><br \/> egyetemi docens<\/p> <h2>A kutat\u00f3csoportban dolgoz\u00f3k:<\/h2> <ul> <li><a href=\"https:\/\/univet.hu\/hu\/egyetem\/munkatarsak\/mcdonald-grant\/\">Dr. Grant C. McDonald<\/a>, tudom\u00e1nyos munkat\u00e1rs<\/li> <li><a href=\"https:\/\/univet.hu\/hu\/egyetem\/munkatarsak\/kis-janos\/\">Dr. Kis J\u00e1nos<\/a>, tudom\u00e1nyos munkat\u00e1rs<\/li> <li><a href=\"https:\/\/univet.hu\/hu\/egyetem\/munkatarsak\/barry-nathanaelle\/\">Nathanaelle Barry<\/a>, Ph.D. hallgat\u00f3<\/li> <\/ul> <h2>Kutat\u00e1si t\u00e9ma:<\/h2> <p>Az ivari szelekci\u00f3, az ivari konfliktus \u00e9s az egyedek k\u00f6zti kooper\u00e1ci\u00f3 vizsg\u00e1lata. A szaporod\u00e1si rendszerek \u00e9s az ut\u00f3dgondoz\u00e1s evol\u00faci\u00f3j\u00e1ra ir\u00e1nyul\u00f3 vizsg\u00e1latok. A szoci\u00e1lis h\u00e1l\u00f3zatok, az \u00e1llati szem\u00e9lyis\u00e9gek \u00e9s a szoci\u00e1lis tanul\u00e1s szaporod\u00e1si viselked\u00e9sre gyakorolt hat\u00e1s\u00e1nak vizsg\u00e1lata. T\u00e1pl\u00e1lkoz\u00e1si d\u00f6nt\u00e9seket befoly\u00e1sol\u00f3 t\u00e9nyez\u0151k vizsg\u00e1lata. T\u00fal\u00e9l\u00e9sbecsl\u00e9s \u00e9s popul\u00e1ci\u00f3 \u00e9letk\u00e9pess\u00e9gi (PVA) vizsg\u00e1latok. A megfigyel\u00e9ses \u00e9s k\u00eds\u00e9rletes vizsg\u00e1latokat nagyobbr\u00e9szt k\u00fcl\u00f6nb\u00f6z\u0151 magyarorsz\u00e1gi \u00e9s k\u00fclf\u00f6ldi terepi helysz\u00edneken \u00e9s ritk\u00e1bban laborat\u00f3riumi popul\u00e1ci\u00f3kan v\u00e9gezz\u00fck madarakon, nappali lepk\u00e9ken \u00e9s bogarakon.<\/p> <h2>Szakmai szervezeti tags\u00e1g:<\/h2> <ul> <li>Magyar Etol\u00f3giai T\u00e1rsas\u00e1g<\/li> <li>Magyar Mad\u00e1rtani \u00e9s Term\u00e9szetv\u00e9delmi Egyes\u00fclet<\/li> <li>Association for the Study of Animal Behaviour<\/li> <li>International Society for Behavioral Ecology<\/li> <li>British Ecological Society<\/li> <\/ul> <h2>Hossz\u00fat\u00e1v\u00fa egy\u00fcttm\u0171k\u00f6d\u00e9sek:<\/h2> <ul> <li>University of Veterinary Medicine Vienna, Austria<\/li> <li>University of Oxford, UK<\/li> <li>University of Bath, UK<\/li> <li>B\u00fcro f\u00fcr \u00f6kologische Forschung und Planung GEYER &amp; DOLEK, W\u00f6rthsee, Germany<\/li> <\/ul> <h2>V\u00e1logatott k\u00f6zlem\u00e9nyek:<\/h2> <ol> <li>McDonald, G.C., Barta, Z., Caspers, B.A., Sz\u00e9kely, T., Kosztol\u00e1nyi, A., 2024. Sex roles in parental care in a species with precocial offspring and frequent brood desertion. Animal Behaviour, 215, 211\u2013225. D1<\/li> <li>Fresneau, N., Pipoly, I., Gigler, D., Kosztol\u00e1nyi, A., Sz\u00e9kely, T., Liker, A., 2024. The evolution of sex roles: the importance of ecology and social environment. Proceedings of the National Academy of Sciences of the United States of America 121, e2321294121. D1<\/li> <li>Carleial, R., Pizzari, T., Richardson, D.S., McDonald G.C., 2023. Disentangling the causes of temporal variation in the opportunity for sexual selection. Nature Communications 14, 1006 D1<\/li> <li>McDonald, G.C., Cuthill, I.C., Sz\u00e9kely, T., Kosztol\u00e1nyi, A., 2023. Remating opportunities and low costs underlie maternal desertion. Evolution, 77, 97\u2013109. D1<\/li> <li>G\u00f3r, \u00c1., Lang, Z., P\u00e1sztor, K., Szigeti, V., Vajna, F., Kis, J., 2023. Mate\u2010guarding success depends on male investment in a butterfly. Ecology and Evolution, 13, e10533. Q1<\/li> <\/ol>","protected":false},"excerpt":{"rendered":"<p>Kutat\u00f3csoport-vezet\u0151: Dr. Kosztol\u00e1nyi Andr\u00e1s egyetemi docens A kutat\u00f3csoportban dolgoz\u00f3k: Dr. Grant C. McDonald, tudom\u00e1nyos munkat\u00e1rs Dr. Kis J\u00e1nos, tudom\u00e1nyos munkat\u00e1rs Nathanaelle Barry, Ph.D. hallgat\u00f3 Kutat\u00e1si t\u00e9ma: Az ivari szelekci\u00f3, az ivari konfliktus \u00e9s az egyedek k\u00f6zti kooper\u00e1ci\u00f3 vizsg\u00e1lata. A szaporod\u00e1si rendszerek \u00e9s az ut\u00f3dgondoz\u00e1s evol\u00faci\u00f3j\u00e1ra ir\u00e1nyul\u00f3 vizsg\u00e1latok. A szoci\u00e1lis h\u00e1l\u00f3zatok, az \u00e1llati szem\u00e9lyis\u00e9gek \u00e9s a<\/p>\n","protected":false},"author":1,"featured_media":0,"parent":26004,"menu_order":112,"comment_status":"closed","ping_status":"closed","template":"","meta":{"_acf_changed":false,"footnotes":""},"categories":[],"tags":[],"class_list":["post-26007","page","type-page","status-publish","hentry"],"acf":[],"_links":{"self":[{"href":"https:\/\/univet.hu\/hu\/wp-json\/wp\/v2\/pages\/26007","targetHints":{"allow":["GET"]}}],"collection":[{"href":"https:\/\/univet.hu\/hu\/wp-json\/wp\/v2\/pages"}],"about":[{"href":"https:\/\/univet.hu\/hu\/wp-json\/wp\/v2\/types\/page"}],"author":[{"embeddable":true,"href":"https:\/\/univet.hu\/hu\/wp-json\/wp\/v2\/users\/1"}],"replies":[{"embeddable":true,"href":"https:\/\/univet.hu\/hu\/wp-json\/wp\/v2\/comments?post=26007"}],"version-history":[{"count":5,"href":"https:\/\/univet.hu\/hu\/wp-json\/wp\/v2\/pages\/26007\/revisions"}],"predecessor-version":[{"id":204529,"href":"https:\/\/univet.hu\/hu\/wp-json\/wp\/v2\/pages\/26007\/revisions\/204529"}],"up":[{"embeddable":true,"href":"https:\/\/univet.hu\/hu\/wp-json\/wp\/v2\/pages\/26004"}],"wp:attachment":[{"href":"https:\/\/univet.hu\/hu\/wp-json\/wp\/v2\/media?parent=26007"}],"wp:term":[{"taxonomy":"category","embeddable":true,"href":"https:\/\/univet.hu\/hu\/wp-json\/wp\/v2\/categories?post=26007"},{"taxonomy":"post_tag","embeddable":true,"href":"https:\/\/univet.hu\/hu\/wp-json\/wp\/v2\/tags?post=26007"}],"curies":[{"name":"wp","href":"https:\/\/api.w.org\/{rel}","templated":true}]}}