{"id":26008,"date":"2018-09-23T12:00:47","date_gmt":"2018-09-23T10:00:47","guid":{"rendered":"http:\/\/univet.hu\/biologia\/hallgatoknak\/"},"modified":"2021-02-23T13:47:18","modified_gmt":"2021-02-23T12:47:18","slug":"hallgatoknak","status":"publish","type":"page","link":"https:\/\/univet.hu\/hu\/biologia\/hallgatoknak\/","title":{"rendered":"Hallgat\u00f3knak"},"content":{"rendered":"<h2>K\u00e9pz\u00e9si terv<\/h2> <ul> <li><a href=\"https:\/\/univet.hu\/wp-content\/uploads\/2021\/02\/biolkepzesiterv.pdf\" target=\"_blank\" rel=\"noopener\" data-replaced=\"true\">A biol\u00f3gia BSc \u00e9s biol\u00f3gus MSc k\u00e9pz\u00e9si terve (PDF) \u00bb<\/a><\/li> <\/ul> <h2>Z\u00e1r\u00f3vizsga t\u00e9telek<\/h2> <ul> <li><a href=\"https:\/\/univet.hu\/wp-content\/uploads\/2019\/12\/BScZarovizsga2019_2020.pdf\" target=\"_blank\" rel=\"noopener\" data-replaced=\"true\">Biol\u00f3gia BSc z\u00e1r\u00f3vizsga t\u00e9telek (PDF) \u00bb<\/a><\/li> <li><a href=\"https:\/\/univet.hu\/wp-content\/uploads\/2018\/12\/MSc_zarovizsga_2018_2019.pdf\" target=\"_blank\" rel=\"noopener\" data-replaced=\"true\">Biol\u00f3gus MSc z\u00e1r\u00f3vizsga t\u00e9telek (PDF) \u00bb<\/a><\/li> <\/ul> <h2>Egy\u00e9b szab\u00e1lyzatok, ir\u00e1nyelvek<\/h2> <ul> <li><a href=\"https:\/\/univet.hu\/wp-content\/uploads\/2018\/09\/temabeszamolo.pdf\" target=\"_blank\" rel=\"noopener\" data-replaced=\"true\">T\u00e9mavezet\u0151i elv\u00e1r\u00e1sok \u00e9s a t\u00e9mabesz\u00e1mol\u00f3k k\u00f6vetelm\u00e9nyei (PDF) \u00bb<\/a><\/li> <\/ul>","protected":false},"excerpt":{"rendered":"<p>K\u00e9pz\u00e9si terv A biol\u00f3gia BSc \u00e9s biol\u00f3gus MSc k\u00e9pz\u00e9si terve (PDF) \u00bb Z\u00e1r\u00f3vizsga t\u00e9telek Biol\u00f3gia BSc z\u00e1r\u00f3vizsga t\u00e9telek (PDF) \u00bb Biol\u00f3gus MSc z\u00e1r\u00f3vizsga t\u00e9telek (PDF) \u00bb Egy\u00e9b szab\u00e1lyzatok, ir\u00e1nyelvek T\u00e9mavezet\u0151i elv\u00e1r\u00e1sok \u00e9s a t\u00e9mabesz\u00e1mol\u00f3k k\u00f6vetelm\u00e9nyei (PDF) \u00bb<\/p>\n","protected":false},"author":1,"featured_media":0,"parent":26000,"menu_order":134,"comment_status":"closed","ping_status":"closed","template":"","meta":{"_acf_changed":false,"footnotes":""},"categories":[],"tags":[],"class_list":["post-26008","page","type-page","status-publish","hentry"],"acf":[],"_links":{"self":[{"href":"https:\/\/univet.hu\/hu\/wp-json\/wp\/v2\/pages\/26008","targetHints":{"allow":["GET"]}}],"collection":[{"href":"https:\/\/univet.hu\/hu\/wp-json\/wp\/v2\/pages"}],"about":[{"href":"https:\/\/univet.hu\/hu\/wp-json\/wp\/v2\/types\/page"}],"author":[{"embeddable":true,"href":"https:\/\/univet.hu\/hu\/wp-json\/wp\/v2\/users\/1"}],"replies":[{"embeddable":true,"href":"https:\/\/univet.hu\/hu\/wp-json\/wp\/v2\/comments?post=26008"}],"version-history":[{"count":0,"href":"https:\/\/univet.hu\/hu\/wp-json\/wp\/v2\/pages\/26008\/revisions"}],"up":[{"embeddable":true,"href":"https:\/\/univet.hu\/hu\/wp-json\/wp\/v2\/pages\/26000"}],"wp:attachment":[{"href":"https:\/\/univet.hu\/hu\/wp-json\/wp\/v2\/media?parent=26008"}],"wp:term":[{"taxonomy":"category","embeddable":true,"href":"https:\/\/univet.hu\/hu\/wp-json\/wp\/v2\/categories?post=26008"},{"taxonomy":"post_tag","embeddable":true,"href":"https:\/\/univet.hu\/hu\/wp-json\/wp\/v2\/tags?post=26008"}],"curies":[{"name":"wp","href":"https:\/\/api.w.org\/{rel}","templated":true}]}}