{"id":26010,"date":"2018-09-23T12:02:09","date_gmt":"2018-09-23T10:02:09","guid":{"rendered":"http:\/\/univet.hu\/biologia\/felvetelizoknek\/"},"modified":"2026-01-08T09:35:30","modified_gmt":"2026-01-08T08:35:30","slug":"felvetelizoknek","status":"publish","type":"page","link":"https:\/\/univet.hu\/hu\/biologia\/felvetelizoknek\/","title":{"rendered":"Felv\u00e9teliz\u0151knek"},"content":{"rendered":"<h2>Kedves Felv\u00e9teliz\u0151k!<\/h2> <p>&nbsp;<\/p> <ul> <li>Az \u00faj, angol nyelv\u0171, \u00e1llamilag finansz\u00edrozott <strong>Kutat\u00f3 zool\u00f3gus<\/strong>\u00a0osztatlan mesterk\u00e9pz\u00e9s 2023 szeptember\u00e9ben indult. R\u00f6vid ismertet\u0151 olvashat\u00f3 <a href=\"https:\/\/univet.hu\/hu\/felveteli\/szakok-bemutatasa\/kutato-zoologus-osztatlan-mesterkepzes\/\">itt<\/a>.<\/li> <\/ul> <p>&nbsp;<\/p> <ul> <li>A <strong>biol\u00f3gus mesterszak<\/strong> (MSc) felv\u00e9teli &#8222;szakmai \u00e9s motiv\u00e1ci\u00f3s besz\u00e9lget\u00e9s\u00e9nek&#8221; elv\u00e1r\u00e1sai <ul> <li>Ismertesse &#8211; szabad el\u0151ad\u00e1s form\u00e1j\u00e1ban, legfeljebb 10 percben &#8211; B.Sc. szakdolgozat\u00e1nak l\u00e9nyeg\u00e9t (munk\u00e1j\u00e1nak c\u00e9lja, f\u0151 k\u00e9rd\u00e9sei, m\u00f3dszerei, eredm\u00e9nyei). El\u0151ad\u00e1s\u00e1hoz k\u00e9sz\u00edtsen maximum 10 di\u00e1t tartalmaz\u00f3 prezent\u00e1ci\u00f3t (aj\u00e1nlott a .pdf form\u00e1tum haszn\u00e1lata). Angol nyelv\u0171 prezent\u00e1ci\u00f3t is elfogadunk.<\/li> <li>A biol\u00f3gia B.Sc. z\u00e1r\u00f3vizsga t\u00e9telsorunkb\u00f3l (ld. <a href=\"https:\/\/univet.hu\/wp-content\/uploads\/2019\/12\/BScZarovizsga2019_2020.pdf\" target=\"_blank\" rel=\"noopener\" data-replaced=\"true\">Biol\u00f3gia BSc z\u00e1r\u00f3vizsga t\u00e9telek (PDF) \u00bb<\/a>) v\u00e1lassza ki a B.Sc. szakdolgozati t\u00e9m\u00e1j\u00e1nak tudom\u00e1nyos h\u00e1tter\u00e9hez legk\u00f6zelebb \u00e1ll\u00f3 egy t\u00e9telt, \u00e9s abb\u00f3l k\u00e9sz\u00fclj\u00f6n fel egy szakmai besz\u00e9lget\u00e9sre.<\/li> <li>A felv\u00e9teli elj\u00e1r\u00e1s sor\u00e1n \u00f6sszesen szerezhet\u0151 pontok sz\u00e1ma: 100 <ul> <li>A szakmai \u00e9s motiv\u00e1ci\u00f3s besz\u00e9lget\u00e9sen legfeljebb 50 pont szerezhet\u0151<\/li> <li>Az oklev\u00e9l min\u0151s\u00edt\u00e9se alapj\u00e1n max. 40 pont (az oklev\u00e9l min\u0151s\u00edt\u00e9s\u00e9nek nyolcszorosa)<\/li> <li>T\u00f6bbletpontok: maximum 10 t\u00f6bbletpont adhat\u00f3 <ul> <li>Es\u00e9lyegyenl\u0151s\u00e9gi maxim\u00e1lis pont: 1 pont <ul> <li>fogyat\u00e9koss\u00e1g: 1 pont<\/li> <li>gyermekgondoz\u00e1s: 1 pont<\/li> <li>h\u00e1tr\u00e1nyos helyzet: 1 pont<\/li> <\/ul> <\/li> <li>nyelvvizsga \/ k\u00f6z\u00e9pfok\u00fa (B2) komplex: 3 pont<\/li> <li>nyelvvizsga \/ fels\u0151fok\u00fa (C1) komplex: 5 pont<\/li> <li>int\u00e9zm\u00e9nyi TDK 1-3. helyez\u00e9s: 3 pont<\/li> <li>int\u00e9zm\u00e9nyi TDK dics\u00e9ret\/k\u00fcl\u00f6nd\u00edj: 3 pont<\/li> <li>OTDK 1-3. hely, illetve k\u00fcl\u00f6nd\u00edj: 10 pont<\/li> <li>OTDK r\u00e9szv\u00e9tel: 3 pont<\/li> <li>orsz\u00e1gos szakmai verseny 1-3. helyez\u00e9s illetve k\u00fcl\u00f6nd\u00edj: 10 pont<\/li> <li>orsz\u00e1gos szakmai verseny r\u00e9szv\u00e9tel: 3 pont<\/li> <li>tudom\u00e1nyos konferenci\u00e1n t\u00f6rt\u00e9n\u0151 poszter bemutat\u00e1s: 5 pont<\/li> <li>tudom\u00e1nyos konferenci\u00e1n t\u00f6rt\u00e9n\u0151 el\u0151ad\u00e1s: 7 pont<\/li> <li>kutat\u00e1si \u00e9s publik\u00e1ci\u00f3s tev\u00e9kenys\u00e9g: 7 pont<\/li> <li>szakmai publik\u00e1ci\u00f3 &#8211; els\u0151 cikk: 10 pont<\/li> <li>szakmai publik\u00e1ci\u00f3 &#8211; m\u00e1sodik cikk: 8 pont<\/li> <\/ul> <\/li> <\/ul> <\/li> <\/ul> <\/li> <\/ul> <p style=\"padding-left: 30px\">Bemeneti szakok:\u00a0A biol\u00f3gus mesterk\u00e9pz\u00e9sbe t\u00f6rt\u00e9n\u0151 bel\u00e9p\u00e9sn\u00e9l teljes kredit\u00e9rt\u00e9k besz\u00e1m\u00edt\u00e1s\u00e1val el\u0151zm\u00e9nyk\u00e9nt elfogadott szak a biol\u00f3gia alapk\u00e9pz\u00e9si szak. Az al\u00e1bbi kreditek teljes\u00edt\u00e9s\u00e9vel els\u0151sorban sz\u00e1m\u00edt\u00e1sba vehet\u0151 egy\u00e9b szakok: k\u00f6rnyezettan, term\u00e9szetv\u00e9delmi m\u00e9rn\u00f6ki \u00e9s biom\u00e9rn\u00f6ki alapk\u00e9pz\u00e9si szak, tov\u00e1bb\u00e1 azok az alapk\u00e9pz\u00e9si szakok, amelyeket a kredit meg\u00e1llap\u00edt\u00e1s\u00e1nak alapj\u00e1ul szolg\u00e1l\u00f3 ismeretek \u00f6sszevet\u00e9se alapj\u00e1n az Egyetem kredit\u00e1tviteli bizotts\u00e1ga elfogad.<\/p> <p style=\"padding-left: 30px\">A biol\u00f3gus mesterk\u00e9pz\u00e9sbe val\u00f3 felv\u00e9telhez sz\u00fcks\u00e9ges minim\u00e1lis kreditek sz\u00e1ma a kor\u00e1bbi tanulm\u00e1nyokb\u00f3l 70-100 kredit az al\u00e1bbi ter\u00fcletekr\u0151l: matematika, informatika, fizika, k\u00e9mia, biol\u00f3gia. A 100 kredithez k\u00e9pest hi\u00e1nyz\u00f3 krediteket az Egyetem tanulm\u00e1nyi \u00e9s vizsgaszab\u00e1lyzat\u00e1ban meghat\u00e1rozottak szerint kell megszerezni.<\/p> <p><span class=\"intezemnyi-fejezet-cim\">\u00a0 \u00a0 \u00a0 \u00a0 Csatoland\u00f3 dokumentumok:<\/span><\/p> <ul> <li><b>Felv\u00e9tel felt\u00e9tele<\/b>: fels\u0151fok\u00fa oklev\u00e9l, fels\u0151fok\u00fa tanulm\u00e1nyi eredm\u00e9nyek<\/li> <li><b>T\u00f6bbletpontokat igazol\u00f3 \u00e9s egy\u00e9b, jelentkez\u00e9shez kapcsol\u00f3d\u00f3 dokumentumok<\/b>: fogyat\u00e9koss\u00e1g igazol\u00e1sa, gyermekgondoz\u00e1s igazol\u00e1sa, h\u00e1tr\u00e1nyos helyzet igazol\u00e1sa, nyelvvizsg\u00e1t igazol\u00f3 dokumentum, OTDK\/TDK igazol\u00e1s, szakmai tev\u00e9kenys\u00e9g igazol\u00e1sa<\/li> <\/ul> <p>&nbsp;<\/p>","protected":false},"excerpt":{"rendered":"<p>Kedves Felv\u00e9teliz\u0151k! &nbsp; Az \u00faj, angol nyelv\u0171, \u00e1llamilag finansz\u00edrozott Kutat\u00f3 zool\u00f3gus\u00a0osztatlan mesterk\u00e9pz\u00e9s 2023 szeptember\u00e9ben indult. R\u00f6vid ismertet\u0151 olvashat\u00f3 itt. &nbsp; A biol\u00f3gus mesterszak (MSc) felv\u00e9teli &#8222;szakmai \u00e9s motiv\u00e1ci\u00f3s besz\u00e9lget\u00e9s\u00e9nek&#8221; elv\u00e1r\u00e1sai Ismertesse &#8211; szabad el\u0151ad\u00e1s form\u00e1j\u00e1ban, legfeljebb 10 percben &#8211; B.Sc. szakdolgozat\u00e1nak l\u00e9nyeg\u00e9t (munk\u00e1j\u00e1nak c\u00e9lja, f\u0151 k\u00e9rd\u00e9sei, m\u00f3dszerei, eredm\u00e9nyei). El\u0151ad\u00e1s\u00e1hoz k\u00e9sz\u00edtsen maximum 10 di\u00e1t tartalmaz\u00f3 prezent\u00e1ci\u00f3t<\/p>\n","protected":false},"author":1,"featured_media":0,"parent":26000,"menu_order":144,"comment_status":"closed","ping_status":"closed","template":"","meta":{"_acf_changed":false,"footnotes":""},"categories":[],"tags":[],"class_list":["post-26010","page","type-page","status-publish","hentry"],"acf":[],"_links":{"self":[{"href":"https:\/\/univet.hu\/hu\/wp-json\/wp\/v2\/pages\/26010","targetHints":{"allow":["GET"]}}],"collection":[{"href":"https:\/\/univet.hu\/hu\/wp-json\/wp\/v2\/pages"}],"about":[{"href":"https:\/\/univet.hu\/hu\/wp-json\/wp\/v2\/types\/page"}],"author":[{"embeddable":true,"href":"https:\/\/univet.hu\/hu\/wp-json\/wp\/v2\/users\/1"}],"replies":[{"embeddable":true,"href":"https:\/\/univet.hu\/hu\/wp-json\/wp\/v2\/comments?post=26010"}],"version-history":[{"count":1,"href":"https:\/\/univet.hu\/hu\/wp-json\/wp\/v2\/pages\/26010\/revisions"}],"predecessor-version":[{"id":197612,"href":"https:\/\/univet.hu\/hu\/wp-json\/wp\/v2\/pages\/26010\/revisions\/197612"}],"up":[{"embeddable":true,"href":"https:\/\/univet.hu\/hu\/wp-json\/wp\/v2\/pages\/26000"}],"wp:attachment":[{"href":"https:\/\/univet.hu\/hu\/wp-json\/wp\/v2\/media?parent=26010"}],"wp:term":[{"taxonomy":"category","embeddable":true,"href":"https:\/\/univet.hu\/hu\/wp-json\/wp\/v2\/categories?post=26010"},{"taxonomy":"post_tag","embeddable":true,"href":"https:\/\/univet.hu\/hu\/wp-json\/wp\/v2\/tags?post=26010"}],"curies":[{"name":"wp","href":"https:\/\/api.w.org\/{rel}","templated":true}]}}